{"id":8115,"date":"2025-12-17T15:49:54","date_gmt":"2025-12-17T14:49:54","guid":{"rendered":"https:\/\/cpasixelles.brussels\/?page_id=8115"},"modified":"2025-12-17T16:29:56","modified_gmt":"2025-12-17T15:29:56","slug":"buurtleven","status":"publish","type":"page","link":"https:\/\/cpasixelles.brussels\/nl\/het-ocmw\/sociale-coordinatie\/overzicht\/buurtleven\/","title":{"rendered":"Buurtleven"},"content":{"rendered":"<p>[et_pb_section fb_built=&#8221;1&#8243; module_class=&#8221;header-intern seniors&#8221; _builder_version=&#8221;4.16&#8243; _module_preset=&#8221;default&#8221; custom_padding=&#8221;50px||50px||true|false&#8221; global_colors_info=&#8221;{}&#8221;][et_pb_row column_structure=&#8221;1_4,3_4&#8243; module_class=&#8221;flex-zone&#8221; _builder_version=&#8221;4.16&#8243; _module_preset=&#8221;default&#8221; custom_padding=&#8221;0px||0px||true|false&#8221; global_colors_info=&#8221;{}&#8221;][et_pb_column type=&#8221;1_4&#8243; _builder_version=&#8221;4.16&#8243; _module_preset=&#8221;default&#8221; global_colors_info=&#8221;{}&#8221;][et_pb_image src=&#8221;https:\/\/cpasixelles.brussels\/wp-content\/uploads\/2023\/05\/parlophone.png&#8221; alt=&#8221;CPAS Ixelles &#8211; Projet Dentelles&#8221; title_text=&#8221;parlophone&#8221; _builder_version=&#8221;4.24.1&#8243; _module_preset=&#8221;default&#8221; animation_style=&#8221;slide&#8221; animation_direction=&#8221;left&#8221; animation_intensity_slide=&#8221;5%&#8221; global_colors_info=&#8221;{}&#8221;][\/et_pb_image][\/et_pb_column][et_pb_column type=&#8221;3_4&#8243; _builder_version=&#8221;4.16&#8243; _module_preset=&#8221;default&#8221; global_colors_info=&#8221;{}&#8221;][et_pb_text _builder_version=&#8221;4.27.0&#8243; _module_preset=&#8221;default&#8221; animation_style=&#8221;slide&#8221; animation_direction=&#8221;right&#8221; animation_intensity_slide=&#8221;5%&#8221; global_colors_info=&#8221;{}&#8221;]<\/p>\n<h2>Overzicht van de leden van de Sociale Co\u00f6rdinatie<\/h2>\n<h1>Buurtleven<\/h1>\n<p>&nbsp;<\/p>\n<p>[\/et_pb_text][\/et_pb_column][\/et_pb_row][\/et_pb_section][et_pb_section fb_built=&#8221;1&#8243; _builder_version=&#8221;4.24.1&#8243; _module_preset=&#8221;default&#8221; global_colors_info=&#8221;{}&#8221;][et_pb_row _builder_version=&#8221;4.24.1&#8243; _module_preset=&#8221;default&#8221; global_colors_info=&#8221;{}&#8221;][et_pb_column type=&#8221;4_4&#8243; _builder_version=&#8221;4.24.1&#8243; _module_preset=&#8221;default&#8221; global_colors_info=&#8221;{}&#8221;][et_pb_text _builder_version=&#8221;4.27.0&#8243; _module_preset=&#8221;default&#8221; header_2_font=&#8221;|700||on|||||&#8221; header_2_text_color=&#8221;gcid-7d3e670f-2994-4496-b95f-1f022124e031&#8243; global_colors_info=&#8221;{%22gcid-7d3e670f-2994-4496-b95f-1f022124e031%22:%91%22header_2_text_color%22%93}&#8221;]<\/p>\n<h2>Buurtleven<\/h2>\n<p>[\/et_pb_text][\/et_pb_column][\/et_pb_row][et_pb_row _builder_version=&#8221;4.24.1&#8243; _module_preset=&#8221;default&#8221; global_colors_info=&#8221;{}&#8221;][et_pb_column type=&#8221;4_4&#8243; _builder_version=&#8221;4.24.1&#8243; _module_preset=&#8221;default&#8221; global_colors_info=&#8221;{}&#8221;][et_pb_text _builder_version=&#8221;4.27.4&#8243; _module_preset=&#8221;default&#8221; global_colors_info=&#8221;{}&#8221;]<\/p>\n<ul>\n<li><a href=\"https:\/\/biblioxl.be\/\" target=\"_blank\" rel=\"noopener\">Biblioth\u00e8que Communale Mercelis<\/a><\/li>\n<li><a href=\"https:\/\/binhome.brussels\/\" target=\"_blank\" rel=\"noopener\">B\u00eenhome<\/a><\/li>\n<li><a href=\"https:\/\/cssbse.be\/\" target=\"_blank\" rel=\"noopener\">Centre de Service Social de Bruxelles Sud-Est<\/a><\/li>\n<li><a href=\"https:\/\/communa.be\/les-lieux\/la-serre\/\" target=\"_blank\" rel=\"noopener\">Communa<\/a><\/li>\n<li><a href=\"https:\/\/www.ixelles.be\/site\/639-Cohesion-sociale\" target=\"_blank\" rel=\"noopener\">Coh\u00e9sion Sociale Ixelles<\/a><\/li>\n<li><a href=\"https:\/\/cpasixelles.brussels\/le-cpas\/coordination-sociale\/\" target=\"_blank\" rel=\"noopener\">Coordination Sociale d&#8217;Ixelles<\/a><\/li>\n<li><a href=\"https:\/\/dynamoamo.be\/\" target=\"_blank\" rel=\"noopener\">Dynamo<\/a><\/li>\n<li><a href=\"https:\/\/www.ixelles.be\/site\/663-Educateurs-de-rue\" target=\"_blank\" rel=\"noopener\">Educateurs de rue &#8211; Commune Ixelles<\/a><\/li>\n<li><a href=\"https:\/\/www.habitatetrenovation.be\/\" target=\"_blank\" rel=\"noopener\">Habitat et R\u00e9novation<\/a><\/li>\n<li><a href=\"https:\/\/www.ixelles.be\/site\/193-Ixelles-Prevention\" target=\"_blank\" rel=\"noopener\">\u00a0Ixelles Pr\u00e9vention<\/a><\/li>\n<li><a href=\"https:\/\/refreshbxl.com\/contact\/\" target=\"_blank\" rel=\"noopener\">Refresh ASBL<\/a><\/li>\n<li><a href=\"https:\/\/www.ixelles.be\/site\/658-Mediation-locale\" target=\"_blank\" rel=\"noopener\">Service M\u00e9diation Locale d&#8217;Ixelles<\/a><\/li>\n<li><a href=\"https:\/\/www.ixelles.be\/site\/657-Mediation-sociale\" target=\"_blank\" rel=\"noopener\">Service M\u00e9diation Sociale Ixelles<\/a><\/li>\n<li><a href=\"https:\/\/www.ixelles.be\/site\/669-Solidarite\" target=\"_blank\" rel=\"noopener\">Service Solidarit\u00e9 &#8211; Commune XL<\/a><\/li>\n<li><a href=\"https:\/\/www.ixelles.be\/site\/665-Technoprevention\" target=\"_blank\" rel=\"noopener\">Service Technopr\u00e9vention d&#8217;Ixelles<\/a><\/li>\n<li><a href=\"http:\/\/www.sosjeunes.be\/#&amp;panel1-1\" target=\"_blank\" rel=\"noopener\">SOS Jeunes &#8211; Quartier Libre &#8211; AMO<\/a><\/li>\n<li><a href=\"https:\/\/aetcis.be\/\" target=\"_blank\" rel=\"noopener\">AETCIS &#8211; Belgique ASBL<\/a><\/li>\n<li><a href=\"https:\/\/www.fdss.be\/fr\/member\/rizome-bxl-asbl\/\" target=\"_blank\" rel=\"noopener\">Rizome<\/a><\/li>\n<\/ul>\n<p>[\/et_pb_text][\/et_pb_column][\/et_pb_row][\/et_pb_section]<\/p>\n","protected":false},"excerpt":{"rendered":"<p>Overzicht van de leden van de Sociale Co\u00f6rdinatie Buurtleven &nbsp;Buurtleven Biblioth\u00e8que Communale Mercelis B\u00eenhome Centre de Service Social de Bruxelles Sud-Est Communa Coh\u00e9sion Sociale Ixelles Coordination Sociale d&#8217;Ixelles Dynamo Educateurs de rue &#8211; Commune Ixelles Habitat et R\u00e9novation \u00a0Ixelles Pr\u00e9vention Refresh ASBL Service M\u00e9diation Locale d&#8217;Ixelles Service M\u00e9diation Sociale Ixelles Service Solidarit\u00e9 &#8211; Commune XL [&hellip;]<\/p>\n","protected":false},"author":9,"featured_media":0,"parent":7879,"menu_order":0,"comment_status":"closed","ping_status":"closed","template":"","meta":{"_et_pb_use_builder":"on","_et_pb_old_content":"","_et_gb_content_width":"","footnotes":""},"class_list":["post-8115","page","type-page","status-publish","hentry"],"yoast_head":"<!-- This site is optimized with the Yoast SEO plugin v27.5 - https:\/\/yoast.com\/product\/yoast-seo-wordpress\/ -->\n<title>Buurtleven - CPAS d&#039;Ixelles<\/title>\n<meta name=\"robots\" content=\"index, follow, max-snippet:-1, max-image-preview:large, max-video-preview:-1\" \/>\n<link rel=\"canonical\" href=\"https:\/\/cpasixelles.brussels\/nl\/overzicht\/buurtleven\/\" \/>\n<meta property=\"og:locale\" content=\"nl_NL\" \/>\n<meta property=\"og:type\" content=\"article\" \/>\n<meta property=\"og:title\" content=\"Buurtleven - CPAS d&#039;Ixelles\" \/>\n<meta property=\"og:description\" content=\"Overzicht van de leden van de Sociale Co\u00f6rdinatie Buurtleven &nbsp;Buurtleven Biblioth\u00e8que Communale Mercelis B\u00eenhome Centre de Service Social de Bruxelles Sud-Est Communa Coh\u00e9sion Sociale Ixelles Coordination Sociale d&#039;Ixelles Dynamo Educateurs de rue - Commune Ixelles Habitat et R\u00e9novation \u00a0Ixelles Pr\u00e9vention Refresh ASBL Service M\u00e9diation Locale d&#039;Ixelles Service M\u00e9diation Sociale Ixelles Service Solidarit\u00e9 - Commune XL [&hellip;]\" \/>\n<meta property=\"og:url\" content=\"https:\/\/cpasixelles.brussels\/nl\/overzicht\/buurtleven\/\" \/>\n<meta property=\"og:site_name\" content=\"CPAS d&#039;Ixelles\" \/>\n<meta property=\"article:modified_time\" content=\"2025-12-17T15:29:56+00:00\" \/>\n<meta property=\"og:image\" content=\"https:\/\/cpasixelles.brussels\/wp-content\/uploads\/2022\/02\/MicrosoftTeams-image-8.jpg\" \/>\n\t<meta property=\"og:image:width\" content=\"1920\" \/>\n\t<meta property=\"og:image:height\" content=\"1280\" \/>\n\t<meta property=\"og:image:type\" content=\"image\/jpeg\" \/>\n<meta name=\"twitter:card\" content=\"summary_large_image\" \/>\n<meta name=\"twitter:label1\" content=\"Geschatte leestijd\" \/>\n\t<meta name=\"twitter:data1\" content=\"1 minuut\" \/>\n<script type=\"application\/ld+json\" class=\"yoast-schema-graph\">{\"@context\":\"https:\\\/\\\/schema.org\",\"@graph\":[{\"@type\":\"WebPage\",\"@id\":\"https:\\\/\\\/cpasixelles.brussels\\\/nl\\\/overzicht\\\/buurtleven\\\/\",\"url\":\"https:\\\/\\\/cpasixelles.brussels\\\/nl\\\/overzicht\\\/buurtleven\\\/\",\"name\":\"Buurtleven - CPAS d&#039;Ixelles\",\"isPartOf\":{\"@id\":\"https:\\\/\\\/cpasixelles.brussels\\\/#website\"},\"datePublished\":\"2025-12-17T14:49:54+00:00\",\"dateModified\":\"2025-12-17T15:29:56+00:00\",\"breadcrumb\":{\"@id\":\"https:\\\/\\\/cpasixelles.brussels\\\/nl\\\/overzicht\\\/buurtleven\\\/#breadcrumb\"},\"inLanguage\":\"nl-NL\",\"potentialAction\":[{\"@type\":\"ReadAction\",\"target\":[\"https:\\\/\\\/cpasixelles.brussels\\\/nl\\\/overzicht\\\/buurtleven\\\/\"]}]},{\"@type\":\"BreadcrumbList\",\"@id\":\"https:\\\/\\\/cpasixelles.brussels\\\/nl\\\/overzicht\\\/buurtleven\\\/#breadcrumb\",\"itemListElement\":[{\"@type\":\"ListItem\",\"position\":1,\"name\":\"Accueil\",\"item\":\"https:\\\/\\\/cpasixelles.brussels\\\/nl\\\/\"},{\"@type\":\"ListItem\",\"position\":2,\"name\":\"Overzicht\",\"item\":\"https:\\\/\\\/cpasixelles.brussels\\\/nl\\\/overzicht\\\/\"},{\"@type\":\"ListItem\",\"position\":3,\"name\":\"Buurtleven\"}]},{\"@type\":\"WebSite\",\"@id\":\"https:\\\/\\\/cpasixelles.brussels\\\/#website\",\"url\":\"https:\\\/\\\/cpasixelles.brussels\\\/\",\"name\":\"CPAS d&#039;Ixelles\",\"description\":\"\",\"potentialAction\":[{\"@type\":\"SearchAction\",\"target\":{\"@type\":\"EntryPoint\",\"urlTemplate\":\"https:\\\/\\\/cpasixelles.brussels\\\/?s={search_term_string}\"},\"query-input\":{\"@type\":\"PropertyValueSpecification\",\"valueRequired\":true,\"valueName\":\"search_term_string\"}}],\"inLanguage\":\"nl-NL\"}]}<\/script>\n<!-- \/ Yoast SEO plugin. -->","yoast_head_json":{"title":"Buurtleven - CPAS d&#039;Ixelles","robots":{"index":"index","follow":"follow","max-snippet":"max-snippet:-1","max-image-preview":"max-image-preview:large","max-video-preview":"max-video-preview:-1"},"canonical":"https:\/\/cpasixelles.brussels\/nl\/overzicht\/buurtleven\/","og_locale":"nl_NL","og_type":"article","og_title":"Buurtleven - CPAS d&#039;Ixelles","og_description":"Overzicht van de leden van de Sociale Co\u00f6rdinatie Buurtleven &nbsp;Buurtleven Biblioth\u00e8que Communale Mercelis B\u00eenhome Centre de Service Social de Bruxelles Sud-Est Communa Coh\u00e9sion Sociale Ixelles Coordination Sociale d'Ixelles Dynamo Educateurs de rue - Commune Ixelles Habitat et R\u00e9novation \u00a0Ixelles Pr\u00e9vention Refresh ASBL Service M\u00e9diation Locale d'Ixelles Service M\u00e9diation Sociale Ixelles Service Solidarit\u00e9 - Commune XL [&hellip;]","og_url":"https:\/\/cpasixelles.brussels\/nl\/overzicht\/buurtleven\/","og_site_name":"CPAS d&#039;Ixelles","article_modified_time":"2025-12-17T15:29:56+00:00","og_image":[{"width":1920,"height":1280,"url":"https:\/\/cpasixelles.brussels\/wp-content\/uploads\/2022\/02\/MicrosoftTeams-image-8.jpg","type":"image\/jpeg"}],"twitter_card":"summary_large_image","twitter_misc":{"Geschatte leestijd":"1 minuut"},"schema":{"@context":"https:\/\/schema.org","@graph":[{"@type":"WebPage","@id":"https:\/\/cpasixelles.brussels\/nl\/overzicht\/buurtleven\/","url":"https:\/\/cpasixelles.brussels\/nl\/overzicht\/buurtleven\/","name":"Buurtleven - CPAS d&#039;Ixelles","isPartOf":{"@id":"https:\/\/cpasixelles.brussels\/#website"},"datePublished":"2025-12-17T14:49:54+00:00","dateModified":"2025-12-17T15:29:56+00:00","breadcrumb":{"@id":"https:\/\/cpasixelles.brussels\/nl\/overzicht\/buurtleven\/#breadcrumb"},"inLanguage":"nl-NL","potentialAction":[{"@type":"ReadAction","target":["https:\/\/cpasixelles.brussels\/nl\/overzicht\/buurtleven\/"]}]},{"@type":"BreadcrumbList","@id":"https:\/\/cpasixelles.brussels\/nl\/overzicht\/buurtleven\/#breadcrumb","itemListElement":[{"@type":"ListItem","position":1,"name":"Accueil","item":"https:\/\/cpasixelles.brussels\/nl\/"},{"@type":"ListItem","position":2,"name":"Overzicht","item":"https:\/\/cpasixelles.brussels\/nl\/overzicht\/"},{"@type":"ListItem","position":3,"name":"Buurtleven"}]},{"@type":"WebSite","@id":"https:\/\/cpasixelles.brussels\/#website","url":"https:\/\/cpasixelles.brussels\/","name":"CPAS d&#039;Ixelles","description":"","potentialAction":[{"@type":"SearchAction","target":{"@type":"EntryPoint","urlTemplate":"https:\/\/cpasixelles.brussels\/?s={search_term_string}"},"query-input":{"@type":"PropertyValueSpecification","valueRequired":true,"valueName":"search_term_string"}}],"inLanguage":"nl-NL"}]}},"_links":{"self":[{"href":"https:\/\/cpasixelles.brussels\/nl\/wp-json\/wp\/v2\/pages\/8115","targetHints":{"allow":["GET"]}}],"collection":[{"href":"https:\/\/cpasixelles.brussels\/nl\/wp-json\/wp\/v2\/pages"}],"about":[{"href":"https:\/\/cpasixelles.brussels\/nl\/wp-json\/wp\/v2\/types\/page"}],"author":[{"embeddable":true,"href":"https:\/\/cpasixelles.brussels\/nl\/wp-json\/wp\/v2\/users\/9"}],"replies":[{"embeddable":true,"href":"https:\/\/cpasixelles.brussels\/nl\/wp-json\/wp\/v2\/comments?post=8115"}],"version-history":[{"count":4,"href":"https:\/\/cpasixelles.brussels\/nl\/wp-json\/wp\/v2\/pages\/8115\/revisions"}],"predecessor-version":[{"id":8119,"href":"https:\/\/cpasixelles.brussels\/nl\/wp-json\/wp\/v2\/pages\/8115\/revisions\/8119"}],"up":[{"embeddable":true,"href":"https:\/\/cpasixelles.brussels\/nl\/wp-json\/wp\/v2\/pages\/7879"}],"wp:attachment":[{"href":"https:\/\/cpasixelles.brussels\/nl\/wp-json\/wp\/v2\/media?parent=8115"}],"curies":[{"name":"wp","href":"https:\/\/api.w.org\/{rel}","templated":true}]}}