{"id":8105,"date":"2025-12-17T15:50:41","date_gmt":"2025-12-17T14:50:41","guid":{"rendered":"https:\/\/cpasixelles.brussels\/?page_id=8105"},"modified":"2025-12-17T16:29:55","modified_gmt":"2025-12-17T15:29:55","slug":"intercultureel","status":"publish","type":"page","link":"https:\/\/cpasixelles.brussels\/nl\/het-ocmw\/sociale-coordinatie\/overzicht\/intercultureel\/","title":{"rendered":"Intercultureel"},"content":{"rendered":"<p>[et_pb_section fb_built=&#8221;1&#8243; module_class=&#8221;header-intern seniors&#8221; _builder_version=&#8221;4.16&#8243; _module_preset=&#8221;default&#8221; custom_padding=&#8221;50px||50px||true|false&#8221; global_colors_info=&#8221;{}&#8221;][et_pb_row column_structure=&#8221;1_4,3_4&#8243; module_class=&#8221;flex-zone&#8221; _builder_version=&#8221;4.16&#8243; _module_preset=&#8221;default&#8221; custom_padding=&#8221;0px||0px||true|false&#8221; global_colors_info=&#8221;{}&#8221;][et_pb_column type=&#8221;1_4&#8243; _builder_version=&#8221;4.16&#8243; _module_preset=&#8221;default&#8221; global_colors_info=&#8221;{}&#8221;][et_pb_image src=&#8221;https:\/\/cpasixelles.brussels\/wp-content\/uploads\/2023\/05\/parlophone.png&#8221; alt=&#8221;CPAS Ixelles &#8211; Projet Dentelles&#8221; title_text=&#8221;parlophone&#8221; _builder_version=&#8221;4.24.1&#8243; _module_preset=&#8221;default&#8221; animation_style=&#8221;slide&#8221; animation_direction=&#8221;left&#8221; animation_intensity_slide=&#8221;5%&#8221; global_colors_info=&#8221;{}&#8221;][\/et_pb_image][\/et_pb_column][et_pb_column type=&#8221;3_4&#8243; _builder_version=&#8221;4.16&#8243; _module_preset=&#8221;default&#8221; global_colors_info=&#8221;{}&#8221;][et_pb_text _builder_version=&#8221;4.27.0&#8243; _module_preset=&#8221;default&#8221; animation_style=&#8221;slide&#8221; animation_direction=&#8221;right&#8221; animation_intensity_slide=&#8221;5%&#8221; global_colors_info=&#8221;{}&#8221;]<\/p>\n<h2>Overzicht van de leden van de Sociale Co\u00f6rdinatie<\/h2>\n<h1>Intercultureel<\/h1>\n<p>&nbsp;<\/p>\n<p>[\/et_pb_text][\/et_pb_column][\/et_pb_row][\/et_pb_section][et_pb_section fb_built=&#8221;1&#8243; _builder_version=&#8221;4.24.1&#8243; _module_preset=&#8221;default&#8221; global_colors_info=&#8221;{}&#8221;][et_pb_row _builder_version=&#8221;4.24.1&#8243; _module_preset=&#8221;default&#8221; global_colors_info=&#8221;{}&#8221;][et_pb_column type=&#8221;4_4&#8243; _builder_version=&#8221;4.24.1&#8243; _module_preset=&#8221;default&#8221; global_colors_info=&#8221;{}&#8221;][et_pb_text _builder_version=&#8221;4.27.4&#8243; _module_preset=&#8221;default&#8221; header_2_font=&#8221;|700||on|||||&#8221; header_2_text_color=&#8221;gcid-7d3e670f-2994-4496-b95f-1f022124e031&#8243; global_colors_info=&#8221;{%22gcid-7d3e670f-2994-4496-b95f-1f022124e031%22:%91%22header_2_text_color%22%93}&#8221;]<\/p>\n<h2>Intercultureel<\/h2>\n<ul>\n<li><a href=\"https:\/\/aimeralulb.be\/\" target=\"_blank\" rel=\"noopener\">Aimer \u00e0 l&#8217;Ulb<\/a><\/li>\n<li><a href=\"https:\/\/www.companyweb.be\/fr\/0543407856\/belgik-mo-jaik\" target=\"_blank\" rel=\"noopener\">Belg\u00efk MoJa\u00efk<\/a><\/li>\n<li><a href=\"https:\/\/biblioxl.be\/\" target=\"_blank\" rel=\"noopener\">Biblioth\u00e8que Communale Mercelis<\/a><\/li>\n<li><a href=\"https:\/\/cssbse.be\/\" target=\"_blank\" rel=\"noopener\">Centre de Service Social de Bruxelles Sud-Est<\/a><\/li>\n<li><a href=\"https:\/\/www.exil.be\/fr\/\" target=\"_blank\" rel=\"noopener\">Centre Exil<\/a><\/li>\n<li><a href=\"https:\/\/www.ixelles.be\/site\/470-Centres-psycho-medico-sociaux-CPMS\" target=\"_blank\" rel=\"noopener\">Centre PMS Communal d\u2019Ixelles<\/a><\/li>\n<li><a href=\"https:\/\/csp-psc.be\/fr\/accueil\/\" target=\"_blank\" rel=\"noopener\">Centre Social Protestant d&#8217;aide aux personnes ASBL<\/a><\/li>\n<li><a href=\"https:\/\/www.cire.be\/a-propos\/\" target=\"_blank\" rel=\"noopener\">Cir\u00e9 &#8211; Coordination et Initiatives pour R\u00e9fugi\u00e9s et Etrangers<\/a><\/li>\n<li><a href=\"https:\/\/www.ixelles.be\/site\/639-Cohesion-sociale\" target=\"_blank\" rel=\"noopener\">Coh\u00e9sion Sociale Ixelles<\/a><\/li>\n<li><a href=\"https:\/\/cpasixelles.brussels\/le-cpas\/coordination-sociale\/\" target=\"_blank\" rel=\"noopener\">Coordination Sociale d&#8217;Ixelles<\/a><\/li>\n<li><a href=\"https:\/\/cpasixelles.brussels\/\" target=\"_blank\" rel=\"noopener\">CPAS &#8211; Centre Public d&#8217;Action Sociale d&#8217;Ixelles<\/a><\/li>\n<li><a href=\"https:\/\/dynamoamo.be\/\" target=\"_blank\" rel=\"noopener\">Dynamo<\/a><\/li>\n<li><a href=\"https:\/\/www.lillamonod.be\/\" target=\"_blank\" rel=\"noopener\">Foyer LILLA MONOD<\/a><\/li>\n<li><a href=\"https:\/\/lire-et-ecrire.be\/Centres-alpha-de-Lire-et-Ecrire-Bruxelles\" target=\"_blank\" rel=\"noopener\">Centre Alpha Ixelles<\/a><\/li>\n<li><a href=\"https:\/\/www.lemaitremot.be\/\" target=\"_blank\" rel=\"noopener\">(Le) Ma\u00eetre Mot<\/a><\/li>\n<li><a href=\"https:\/\/www.mentorescale.be\/\" target=\"_blank\" rel=\"noopener\">Mentor Escale<\/a><\/li>\n<li><a href=\"https:\/\/petitsriens.be\/\" target=\"_blank\" rel=\"noopener\">Les Petits Riens<\/a><\/li>\n<li><a href=\"https:\/\/www.pointculture.be\/ulb\/\" target=\"_blank\" rel=\"noopener\">Point Culture ULB<\/a><\/li>\n<li><a href=\"https:\/\/samusocial.be\/\" target=\"_blank\" rel=\"noopener\">Samu Social<\/a><\/li>\n<li><a href=\"https:\/\/www.ixelles.be\/site\/86-Egalite-et-Droits-humains\" target=\"_blank\" rel=\"noopener\">Service Egalit\u00e9 et Droits humains<\/a><\/li>\n<li><a href=\"https:\/\/sireas.be\/\" target=\"_blank\" rel=\"noopener\">Sir\u00e9as &#8211; Service International de recherche, d&#8217;\u00e9ducation<\/a><\/li>\n<li><a href=\"https:\/\/www.ulysse-ssm.be\/\" target=\"_blank\" rel=\"noopener\">Ulysse asbl<\/a><\/li>\n<li><a href=\"https:\/\/myxl.be\/activities\/maison-de-jeunes-xlj\/\" target=\"_blank\" rel=\"noopener\">XL&#8217;J Maison de jeunes<\/a><\/li>\n<li><a href=\"https:\/\/engagee.ulb.be\/ude\/\" target=\"_blank\" rel=\"noopener\">L&#8217;Universit\u00e9 des enfants ULB<\/a><\/li>\n<li><a href=\"https:\/\/aetcis.be\/\" target=\"_blank\" rel=\"noopener\">AETCIS &#8211; Belgique ASBL<\/a><\/li>\n<li><a href=\"https:\/\/womando.be\/\" target=\"_blank\" rel=\"noopener\">Womando ASBL<\/a><\/li>\n<li><a href=\"https:\/\/www.fdss.be\/fr\/member\/rizome-bxl-asbl\/\" target=\"_blank\" rel=\"noopener\">Rizome<\/a><\/li>\n<\/ul>\n<p>[\/et_pb_text][\/et_pb_column][\/et_pb_row][\/et_pb_section]<\/p>\n","protected":false},"excerpt":{"rendered":"<p>Overzicht van de leden van de Sociale Co\u00f6rdinatie Intercultureel &nbsp; Intercultureel Aimer \u00e0 l&#8217;Ulb Belg\u00efk MoJa\u00efk Biblioth\u00e8que Communale Mercelis Centre de Service Social de Bruxelles Sud-Est Centre Exil Centre PMS Communal d\u2019Ixelles Centre Social Protestant d&#8217;aide aux personnes ASBL Cir\u00e9 &#8211; Coordination et Initiatives pour R\u00e9fugi\u00e9s et Etrangers Coh\u00e9sion Sociale Ixelles Coordination Sociale d&#8217;Ixelles CPAS [&hellip;]<\/p>\n","protected":false},"author":9,"featured_media":0,"parent":7879,"menu_order":0,"comment_status":"closed","ping_status":"closed","template":"","meta":{"_et_pb_use_builder":"on","_et_pb_old_content":"","_et_gb_content_width":"","footnotes":""},"class_list":["post-8105","page","type-page","status-publish","hentry"],"yoast_head":"<!-- This site is optimized with the Yoast SEO plugin v27.5 - https:\/\/yoast.com\/product\/yoast-seo-wordpress\/ -->\n<title>Intercultureel - CPAS d&#039;Ixelles<\/title>\n<meta name=\"robots\" content=\"index, follow, max-snippet:-1, max-image-preview:large, max-video-preview:-1\" \/>\n<link rel=\"canonical\" href=\"https:\/\/cpasixelles.brussels\/nl\/overzicht\/intercultureel\/\" \/>\n<meta property=\"og:locale\" content=\"nl_NL\" \/>\n<meta property=\"og:type\" content=\"article\" \/>\n<meta property=\"og:title\" content=\"Intercultureel - CPAS d&#039;Ixelles\" \/>\n<meta property=\"og:description\" content=\"Overzicht van de leden van de Sociale Co\u00f6rdinatie Intercultureel &nbsp; Intercultureel Aimer \u00e0 l&#039;Ulb Belg\u00efk MoJa\u00efk Biblioth\u00e8que Communale Mercelis Centre de Service Social de Bruxelles Sud-Est Centre Exil Centre PMS Communal d\u2019Ixelles Centre Social Protestant d&#039;aide aux personnes ASBL Cir\u00e9 - Coordination et Initiatives pour R\u00e9fugi\u00e9s et Etrangers Coh\u00e9sion Sociale Ixelles Coordination Sociale d&#039;Ixelles CPAS [&hellip;]\" \/>\n<meta property=\"og:url\" content=\"https:\/\/cpasixelles.brussels\/nl\/overzicht\/intercultureel\/\" \/>\n<meta property=\"og:site_name\" content=\"CPAS d&#039;Ixelles\" \/>\n<meta property=\"article:modified_time\" content=\"2025-12-17T15:29:55+00:00\" \/>\n<meta property=\"og:image\" content=\"https:\/\/cpasixelles.brussels\/wp-content\/uploads\/2022\/02\/MicrosoftTeams-image-8.jpg\" \/>\n\t<meta property=\"og:image:width\" content=\"1920\" \/>\n\t<meta property=\"og:image:height\" content=\"1280\" \/>\n\t<meta property=\"og:image:type\" content=\"image\/jpeg\" \/>\n<meta name=\"twitter:card\" content=\"summary_large_image\" \/>\n<meta name=\"twitter:label1\" content=\"Geschatte leestijd\" \/>\n\t<meta name=\"twitter:data1\" content=\"1 minuut\" \/>\n<script type=\"application\/ld+json\" class=\"yoast-schema-graph\">{\"@context\":\"https:\\\/\\\/schema.org\",\"@graph\":[{\"@type\":\"WebPage\",\"@id\":\"https:\\\/\\\/cpasixelles.brussels\\\/nl\\\/overzicht\\\/intercultureel\\\/\",\"url\":\"https:\\\/\\\/cpasixelles.brussels\\\/nl\\\/overzicht\\\/intercultureel\\\/\",\"name\":\"Intercultureel - CPAS d&#039;Ixelles\",\"isPartOf\":{\"@id\":\"https:\\\/\\\/cpasixelles.brussels\\\/#website\"},\"datePublished\":\"2025-12-17T14:50:41+00:00\",\"dateModified\":\"2025-12-17T15:29:55+00:00\",\"breadcrumb\":{\"@id\":\"https:\\\/\\\/cpasixelles.brussels\\\/nl\\\/overzicht\\\/intercultureel\\\/#breadcrumb\"},\"inLanguage\":\"nl-NL\",\"potentialAction\":[{\"@type\":\"ReadAction\",\"target\":[\"https:\\\/\\\/cpasixelles.brussels\\\/nl\\\/overzicht\\\/intercultureel\\\/\"]}]},{\"@type\":\"BreadcrumbList\",\"@id\":\"https:\\\/\\\/cpasixelles.brussels\\\/nl\\\/overzicht\\\/intercultureel\\\/#breadcrumb\",\"itemListElement\":[{\"@type\":\"ListItem\",\"position\":1,\"name\":\"Accueil\",\"item\":\"https:\\\/\\\/cpasixelles.brussels\\\/nl\\\/\"},{\"@type\":\"ListItem\",\"position\":2,\"name\":\"Overzicht\",\"item\":\"https:\\\/\\\/cpasixelles.brussels\\\/nl\\\/overzicht\\\/\"},{\"@type\":\"ListItem\",\"position\":3,\"name\":\"Intercultureel\"}]},{\"@type\":\"WebSite\",\"@id\":\"https:\\\/\\\/cpasixelles.brussels\\\/#website\",\"url\":\"https:\\\/\\\/cpasixelles.brussels\\\/\",\"name\":\"CPAS d&#039;Ixelles\",\"description\":\"\",\"potentialAction\":[{\"@type\":\"SearchAction\",\"target\":{\"@type\":\"EntryPoint\",\"urlTemplate\":\"https:\\\/\\\/cpasixelles.brussels\\\/?s={search_term_string}\"},\"query-input\":{\"@type\":\"PropertyValueSpecification\",\"valueRequired\":true,\"valueName\":\"search_term_string\"}}],\"inLanguage\":\"nl-NL\"}]}<\/script>\n<!-- \/ Yoast SEO plugin. -->","yoast_head_json":{"title":"Intercultureel - CPAS d&#039;Ixelles","robots":{"index":"index","follow":"follow","max-snippet":"max-snippet:-1","max-image-preview":"max-image-preview:large","max-video-preview":"max-video-preview:-1"},"canonical":"https:\/\/cpasixelles.brussels\/nl\/overzicht\/intercultureel\/","og_locale":"nl_NL","og_type":"article","og_title":"Intercultureel - CPAS d&#039;Ixelles","og_description":"Overzicht van de leden van de Sociale Co\u00f6rdinatie Intercultureel &nbsp; Intercultureel Aimer \u00e0 l'Ulb Belg\u00efk MoJa\u00efk Biblioth\u00e8que Communale Mercelis Centre de Service Social de Bruxelles Sud-Est Centre Exil Centre PMS Communal d\u2019Ixelles Centre Social Protestant d'aide aux personnes ASBL Cir\u00e9 - Coordination et Initiatives pour R\u00e9fugi\u00e9s et Etrangers Coh\u00e9sion Sociale Ixelles Coordination Sociale d'Ixelles CPAS [&hellip;]","og_url":"https:\/\/cpasixelles.brussels\/nl\/overzicht\/intercultureel\/","og_site_name":"CPAS d&#039;Ixelles","article_modified_time":"2025-12-17T15:29:55+00:00","og_image":[{"width":1920,"height":1280,"url":"https:\/\/cpasixelles.brussels\/wp-content\/uploads\/2022\/02\/MicrosoftTeams-image-8.jpg","type":"image\/jpeg"}],"twitter_card":"summary_large_image","twitter_misc":{"Geschatte leestijd":"1 minuut"},"schema":{"@context":"https:\/\/schema.org","@graph":[{"@type":"WebPage","@id":"https:\/\/cpasixelles.brussels\/nl\/overzicht\/intercultureel\/","url":"https:\/\/cpasixelles.brussels\/nl\/overzicht\/intercultureel\/","name":"Intercultureel - CPAS d&#039;Ixelles","isPartOf":{"@id":"https:\/\/cpasixelles.brussels\/#website"},"datePublished":"2025-12-17T14:50:41+00:00","dateModified":"2025-12-17T15:29:55+00:00","breadcrumb":{"@id":"https:\/\/cpasixelles.brussels\/nl\/overzicht\/intercultureel\/#breadcrumb"},"inLanguage":"nl-NL","potentialAction":[{"@type":"ReadAction","target":["https:\/\/cpasixelles.brussels\/nl\/overzicht\/intercultureel\/"]}]},{"@type":"BreadcrumbList","@id":"https:\/\/cpasixelles.brussels\/nl\/overzicht\/intercultureel\/#breadcrumb","itemListElement":[{"@type":"ListItem","position":1,"name":"Accueil","item":"https:\/\/cpasixelles.brussels\/nl\/"},{"@type":"ListItem","position":2,"name":"Overzicht","item":"https:\/\/cpasixelles.brussels\/nl\/overzicht\/"},{"@type":"ListItem","position":3,"name":"Intercultureel"}]},{"@type":"WebSite","@id":"https:\/\/cpasixelles.brussels\/#website","url":"https:\/\/cpasixelles.brussels\/","name":"CPAS d&#039;Ixelles","description":"","potentialAction":[{"@type":"SearchAction","target":{"@type":"EntryPoint","urlTemplate":"https:\/\/cpasixelles.brussels\/?s={search_term_string}"},"query-input":{"@type":"PropertyValueSpecification","valueRequired":true,"valueName":"search_term_string"}}],"inLanguage":"nl-NL"}]}},"_links":{"self":[{"href":"https:\/\/cpasixelles.brussels\/nl\/wp-json\/wp\/v2\/pages\/8105","targetHints":{"allow":["GET"]}}],"collection":[{"href":"https:\/\/cpasixelles.brussels\/nl\/wp-json\/wp\/v2\/pages"}],"about":[{"href":"https:\/\/cpasixelles.brussels\/nl\/wp-json\/wp\/v2\/types\/page"}],"author":[{"embeddable":true,"href":"https:\/\/cpasixelles.brussels\/nl\/wp-json\/wp\/v2\/users\/9"}],"replies":[{"embeddable":true,"href":"https:\/\/cpasixelles.brussels\/nl\/wp-json\/wp\/v2\/comments?post=8105"}],"version-history":[{"count":5,"href":"https:\/\/cpasixelles.brussels\/nl\/wp-json\/wp\/v2\/pages\/8105\/revisions"}],"predecessor-version":[{"id":8208,"href":"https:\/\/cpasixelles.brussels\/nl\/wp-json\/wp\/v2\/pages\/8105\/revisions\/8208"}],"up":[{"embeddable":true,"href":"https:\/\/cpasixelles.brussels\/nl\/wp-json\/wp\/v2\/pages\/7879"}],"wp:attachment":[{"href":"https:\/\/cpasixelles.brussels\/nl\/wp-json\/wp\/v2\/media?parent=8105"}],"curies":[{"name":"wp","href":"https:\/\/api.w.org\/{rel}","templated":true}]}}