{"id":8100,"date":"2025-12-17T15:49:01","date_gmt":"2025-12-17T14:49:01","guid":{"rendered":"https:\/\/cpasixelles.brussels\/?page_id=8100"},"modified":"2025-12-17T16:29:56","modified_gmt":"2025-12-17T15:29:56","slug":"jongeren-en-jonge-kinderen","status":"publish","type":"page","link":"https:\/\/cpasixelles.brussels\/nl\/het-ocmw\/sociale-coordinatie\/overzicht\/jongeren-en-jonge-kinderen\/","title":{"rendered":"Jongeren en jonge kinderen"},"content":{"rendered":"<p>[et_pb_section fb_built=&#8221;1&#8243; module_class=&#8221;header-intern seniors&#8221; _builder_version=&#8221;4.16&#8243; _module_preset=&#8221;default&#8221; custom_padding=&#8221;50px||50px||true|false&#8221; global_colors_info=&#8221;{}&#8221;][et_pb_row column_structure=&#8221;1_4,3_4&#8243; module_class=&#8221;flex-zone&#8221; _builder_version=&#8221;4.16&#8243; _module_preset=&#8221;default&#8221; custom_padding=&#8221;0px||0px||true|false&#8221; global_colors_info=&#8221;{}&#8221;][et_pb_column type=&#8221;1_4&#8243; _builder_version=&#8221;4.16&#8243; _module_preset=&#8221;default&#8221; global_colors_info=&#8221;{}&#8221;][et_pb_image src=&#8221;https:\/\/cpasixelles.brussels\/wp-content\/uploads\/2023\/05\/parlophone.png&#8221; alt=&#8221;CPAS Ixelles &#8211; Projet Dentelles&#8221; title_text=&#8221;parlophone&#8221; _builder_version=&#8221;4.24.1&#8243; _module_preset=&#8221;default&#8221; animation_style=&#8221;slide&#8221; animation_direction=&#8221;left&#8221; animation_intensity_slide=&#8221;5%&#8221; global_colors_info=&#8221;{}&#8221;][\/et_pb_image][\/et_pb_column][et_pb_column type=&#8221;3_4&#8243; _builder_version=&#8221;4.16&#8243; _module_preset=&#8221;default&#8221; global_colors_info=&#8221;{}&#8221;][et_pb_text _builder_version=&#8221;4.24.1&#8243; _module_preset=&#8221;default&#8221; animation_style=&#8221;slide&#8221; animation_direction=&#8221;right&#8221; animation_intensity_slide=&#8221;5%&#8221; global_colors_info=&#8221;{}&#8221;]<\/p>\n<h2>Overzicht van de leden van de Sociale Co\u00f6rdinatie<\/h2>\n<h1>Jongeren en jonge kinderen<\/h1>\n<p>&nbsp;<\/p>\n<p>[\/et_pb_text][\/et_pb_column][\/et_pb_row][\/et_pb_section][et_pb_section fb_built=&#8221;1&#8243; _builder_version=&#8221;4.24.1&#8243; _module_preset=&#8221;default&#8221; global_colors_info=&#8221;{}&#8221;][et_pb_row _builder_version=&#8221;4.24.1&#8243; _module_preset=&#8221;default&#8221; global_colors_info=&#8221;{}&#8221;][et_pb_column type=&#8221;4_4&#8243; _builder_version=&#8221;4.24.1&#8243; _module_preset=&#8221;default&#8221; global_colors_info=&#8221;{}&#8221;][et_pb_text _builder_version=&#8221;4.27.4&#8243; _module_preset=&#8221;default&#8221; header_2_font=&#8221;|700||on|||||&#8221; header_2_text_color=&#8221;gcid-7d3e670f-2994-4496-b95f-1f022124e031&#8243; global_colors_info=&#8221;{%22gcid-7d3e670f-2994-4496-b95f-1f022124e031%22:%91%22header_2_text_color%22%93}&#8221;]<\/p>\n<h2>Jongeren en jonge kinderen<\/h2>\n<p>[\/et_pb_text][\/et_pb_column][\/et_pb_row][et_pb_row _builder_version=&#8221;4.24.1&#8243; _module_preset=&#8221;default&#8221; global_colors_info=&#8221;{}&#8221;][et_pb_column type=&#8221;4_4&#8243; _builder_version=&#8221;4.24.1&#8243; _module_preset=&#8221;default&#8221; global_colors_info=&#8221;{}&#8221;][et_pb_text _builder_version=&#8221;4.27.4&#8243; _module_preset=&#8221;default&#8221; global_colors_info=&#8221;{}&#8221;]<\/p>\n<ul>\n<li><a href=\"https:\/\/www.abaka.be\/\" target=\"_blank\" rel=\"noopener\">Abaka:\u00a0Centre de crise et d\u2019accompagnement non-mandat\u00e9 pour adolescent de 12 \u00e0 18 ans<\/a><\/li>\n<li><a href=\"https:\/\/aimeralulb.be\/\" target=\"_blank\" rel=\"noopener\">Aimer \u00e0 l&#8217;ULB<\/a><\/li>\n<li><a href=\"https:\/\/www.fmsb.be\/fr\/service-social\" target=\"_blank\" rel=\"noopener\">CAP &#8211; Centre d&#8217;aide aux personnes d&#8217;Ixelles FMSB<\/a><\/li>\n<li><a href=\"https:\/\/www.ixelles.be\/site\/656-Accompagnement-scolaire-CLAS\" target=\"_blank\" rel=\"noopener\">Cellule Locale d&#8217;Accompagnement Scolaire<\/a><\/li>\n<li><a href=\"https:\/\/www.ixelles.be\/site\/36-Centre-de-guidance-d-Ixelles-CGXL\" target=\"_blank\" rel=\"noopener\">Centre de Guidance XL<\/a><\/li>\n<li><a href=\"https:\/\/www.ixelles.be\/site\/155-Centres-de-planning-familial\" target=\"_blank\" rel=\"noopener\">Centre de Planning Familial et de Sexologie d\u2019Ixelles CPS<\/a><\/li>\n<li><a href=\"https:\/\/serviceaideauxvictimes.be\/centre-de-prevention-des-violences-conjugales-et-familiales-cpvcf\/\" target=\"_blank\" rel=\"noopener\">Centre de Pr\u00e9vention des Violences Conjugales et Familiales<\/a><\/li>\n<li><a href=\"https:\/\/www.ixelles.be\/site\/491-Promotion-de-la-Sante-a-l-Ecole-PSE\" target=\"_blank\" rel=\"noopener\">Centre de Sant\u00e9 d&#8217;Ixelles PSE<\/a><\/li>\n<li><a href=\"https:\/\/cssbse.be\/\" target=\"_blank\" rel=\"noopener\">Centre de Service Social de Bruxelles Sud-Est<\/a><\/li>\n<li><a href=\"https:\/\/social.brussels\/organisation\/1708\" target=\"_blank\" rel=\"noopener\">Centre d&#8217;Orientation Educative Les Alouettes<\/a><\/li>\n<li><a href=\"https:\/\/www.ixelles.be\/site\/470-Centres-psycho-medico-sociaux-CPMS\" target=\"_blank\" rel=\"noopener\">Centre PMS Communal d\u2019Ixelles<\/a><\/li>\n<li><a href=\"http:\/\/www.enseignement.be\/index.php?page=24791&amp;etab_id=4827\" target=\"_blank\" rel=\"noopener\">Centre PMS Libre de Bxl Sud<\/a><\/li>\n<li><a href=\"https:\/\/pmswl.be\/centres-pms\/cpms-libre-ixelles\/\" target=\"_blank\" rel=\"noopener\">Centre PMS Libre d&#8217;Ixelles\u00a0<\/a><\/li>\n<li><a href=\"https:\/\/chevrefeuille.be\/\" target=\"_blank\" rel=\"noopener\">Le Ch\u00e8vrefeuille<\/a><\/li>\n<li><a href=\"https:\/\/www.ixelles.be\/site\/639-Cohesion-sociale\" target=\"_blank\" rel=\"noopener\">Coh\u00e9sion Sociale Ixelles<\/a><\/li>\n<li><a href=\"https:\/\/atl.ixelles.be\/\" target=\"_blank\" rel=\"noopener\">Coordination Accueil Temps Libre &#8211; Commune XL<\/a><\/li>\n<li><a href=\"https:\/\/cpasixelles.brussels\/le-cpas\/coordination-sociale\/\" target=\"_blank\" rel=\"noopener\">Coordination Sociale d&#8217;Ixelles<\/a><\/li>\n<li><a href=\"https:\/\/cpasixelles.brussels\/\" target=\"_blank\" rel=\"noopener\">CPAS &#8211; Centre Public d&#8217;Action Sociale d&#8217;Ixelles<\/a><\/li>\n<li><a href=\"https:\/\/dynamoamo.be\/\" target=\"_blank\" rel=\"noopener\">Dynamo<\/a><\/li>\n<li><a href=\"https:\/\/www.ixelles.be\/site\/663-Educateurs-de-rue\" target=\"_blank\" rel=\"noopener\">Educateurs de rue &#8211; Commune Ixelles<\/a><\/li>\n<li><a href=\"https:\/\/www.emergencexl.com\/\" target=\"_blank\" rel=\"noopener\">Emergence &#8211; XL ASBL<\/a><\/li>\n<li><a href=\"https:\/\/www.lentretemps.be\/\" target=\"_blank\" rel=\"noopener\">(L&#8217;)Entre-Temps<\/a><\/li>\n<li><a href=\"https:\/\/equipesdentraide.be\/\" target=\"_blank\" rel=\"noopener\">Equipes d&#8217;Entraide Asbl<\/a><\/li>\n<li><a href=\"https:\/\/www.lillamonod.be\/\" target=\"_blank\" rel=\"noopener\">Foyer LILLA MONOD<\/a><\/li>\n<li><a href=\"https:\/\/www.freeclinic.be\/\" target=\"_blank\" rel=\"noopener\">Free Clinic<\/a><\/li>\n<li><a href=\"https:\/\/pro.guidesocial.be\/associations\/groupe-d-actions-psycho-sociales-asbl.122234\" target=\"_blank\" rel=\"noopener\">GAPS Sapse<\/a><\/li>\n<li><a href=\"https:\/\/www.ixelles.be\/site\/193-Ixelles-Prevention\" target=\"_blank\" rel=\"noopener\">\u00a0Ixelles Pr\u00e9vention<\/a><\/li>\n<li><a href=\"https:\/\/cpas1060.be\/spip.php?article607\" target=\"_blank\" rel=\"noopener\">Mado-Sud<\/a><\/li>\n<li><a href=\"https:\/\/www.lemaitremot.be\/\" target=\"_blank\" rel=\"noopener\">(Le) Ma\u00eetre Mot<\/a><\/li>\n<li><a href=\"https:\/\/maisonafricaine.be\/fr\/\" target=\"_blank\" rel=\"noopener\">Maison Africaine<\/a><\/li>\n<li><a href=\"https:\/\/pro.guidesocial.be\/associations\/maison-de-la-jeunesse-la.122304\" target=\"_blank\" rel=\"noopener\">Maison de la Jeunesse<\/a><\/li>\n<li><a href=\"https:\/\/www.mentorescale.be\/\" target=\"_blank\" rel=\"noopener\">Mentor Escale<\/a><\/li>\n<li><a href=\"https:\/\/www.ixelles.be\/site\/490-Consultations-de-nourrissons\" target=\"_blank\" rel=\"noopener\">ONE<\/a><\/li>\n<li><a href=\"http:\/\/www.ssmulb.be\/centre\/psycampus\/\" target=\"_blank\" rel=\"noopener\">Psy Campus<\/a><\/li>\n<li><a href=\"https:\/\/pro.guidesocial.be\/associations\/re-sources-enfances.120286\" target=\"_blank\" rel=\"noopener\">Re-Sources Enfances<\/a><\/li>\n<li><a href=\"https:\/\/www.ixelles.be\/site\/86-Egalite-et-Droits-humains\" target=\"_blank\" rel=\"noopener\">Service Egalit\u00e9 et Droits humains<\/a><\/li>\n<li><a href=\"https:\/\/www.ixelles.be\/site\/73-Jeunesse\" target=\"_blank\" rel=\"noopener\">Service Jeunesse &#8211; Commune XL<\/a><\/li>\n<li><a href=\"https:\/\/www.ixelles.be\/site\/60-Affaires-sociales\" target=\"_blank\" rel=\"noopener\">Service Sociale &#8211; Commune d&#8217;Ixelles<\/a><\/li>\n<li><a href=\"http:\/\/www.sosjeunes.be\/#&amp;panel1-1\" target=\"_blank\" rel=\"noopener\">SOS Jeunes &#8211; Quartier Libre &#8211; AMO<\/a><\/li>\n<li><a href=\"https:\/\/myxl.be\/activities\/maison-de-jeunes-xlj\/\" target=\"_blank\" rel=\"noopener\">XL&#8217;J Maison de jeunes<\/a><\/li>\n<li><a href=\"https:\/\/engagee.ulb.be\/ude\/\" target=\"_blank\" rel=\"noopener\">L&#8217;Universit\u00e9 des enfants ULB<\/a><\/li>\n<li><a href=\"https:\/\/aetcis.be\/\" target=\"_blank\" rel=\"noopener\">AETCIS-Belgique ASBL<\/a><\/li>\n<li><a href=\"https:\/\/www.fdss.be\/fr\/member\/rizome-bxl-asbl\/\" target=\"_blank\" rel=\"noopener\">Rizome<\/a><\/li>\n<li><a href=\"https:\/\/soma.brussels\/fr\" target=\"_blank\" rel=\"noopener\">SOMA<\/a><\/li>\n<\/ul>\n<p>[\/et_pb_text][\/et_pb_column][\/et_pb_row][\/et_pb_section]<\/p>\n","protected":false},"excerpt":{"rendered":"<p>Overzicht van de leden van de Sociale Co\u00f6rdinatie Jongeren en jonge kinderen &nbsp; Jongeren en jonge kinderen Abaka:\u00a0Centre de crise et d\u2019accompagnement non-mandat\u00e9 pour adolescent de 12 \u00e0 18 ans Aimer \u00e0 l&#8217;ULB CAP &#8211; Centre d&#8217;aide aux personnes d&#8217;Ixelles FMSB Cellule Locale d&#8217;Accompagnement Scolaire Centre de Guidance XL Centre de Planning Familial et de [&hellip;]<\/p>\n","protected":false},"author":9,"featured_media":0,"parent":7879,"menu_order":0,"comment_status":"closed","ping_status":"closed","template":"","meta":{"_et_pb_use_builder":"on","_et_pb_old_content":"","_et_gb_content_width":"","footnotes":""},"class_list":["post-8100","page","type-page","status-publish","hentry"],"yoast_head":"<!-- This site is optimized with the Yoast SEO plugin v27.5 - https:\/\/yoast.com\/product\/yoast-seo-wordpress\/ -->\n<title>Jongeren en jonge kinderen - CPAS d&#039;Ixelles<\/title>\n<meta name=\"robots\" content=\"index, follow, max-snippet:-1, max-image-preview:large, max-video-preview:-1\" \/>\n<link rel=\"canonical\" href=\"https:\/\/cpasixelles.brussels\/nl\/overzicht\/jongeren-en-jonge-kinderen\/\" \/>\n<meta property=\"og:locale\" content=\"nl_NL\" \/>\n<meta property=\"og:type\" content=\"article\" \/>\n<meta property=\"og:title\" content=\"Jongeren en jonge kinderen - CPAS d&#039;Ixelles\" \/>\n<meta property=\"og:description\" content=\"Overzicht van de leden van de Sociale Co\u00f6rdinatie Jongeren en jonge kinderen &nbsp; Jongeren en jonge kinderen Abaka:\u00a0Centre de crise et d\u2019accompagnement non-mandat\u00e9 pour adolescent de 12 \u00e0 18 ans Aimer \u00e0 l&#039;ULB CAP - Centre d&#039;aide aux personnes d&#039;Ixelles FMSB Cellule Locale d&#039;Accompagnement Scolaire Centre de Guidance XL Centre de Planning Familial et de [&hellip;]\" \/>\n<meta property=\"og:url\" content=\"https:\/\/cpasixelles.brussels\/nl\/overzicht\/jongeren-en-jonge-kinderen\/\" \/>\n<meta property=\"og:site_name\" content=\"CPAS d&#039;Ixelles\" \/>\n<meta property=\"article:modified_time\" content=\"2025-12-17T15:29:56+00:00\" \/>\n<meta property=\"og:image\" content=\"https:\/\/cpasixelles.brussels\/wp-content\/uploads\/2022\/02\/MicrosoftTeams-image-8.jpg\" \/>\n\t<meta property=\"og:image:width\" content=\"1920\" \/>\n\t<meta property=\"og:image:height\" content=\"1280\" \/>\n\t<meta property=\"og:image:type\" content=\"image\/jpeg\" \/>\n<meta name=\"twitter:card\" content=\"summary_large_image\" \/>\n<meta name=\"twitter:label1\" content=\"Geschatte leestijd\" \/>\n\t<meta name=\"twitter:data1\" content=\"2 minuten\" \/>\n<script type=\"application\/ld+json\" class=\"yoast-schema-graph\">{\"@context\":\"https:\\\/\\\/schema.org\",\"@graph\":[{\"@type\":\"WebPage\",\"@id\":\"https:\\\/\\\/cpasixelles.brussels\\\/nl\\\/overzicht\\\/jongeren-en-jonge-kinderen\\\/\",\"url\":\"https:\\\/\\\/cpasixelles.brussels\\\/nl\\\/overzicht\\\/jongeren-en-jonge-kinderen\\\/\",\"name\":\"Jongeren en jonge kinderen - CPAS d&#039;Ixelles\",\"isPartOf\":{\"@id\":\"https:\\\/\\\/cpasixelles.brussels\\\/#website\"},\"datePublished\":\"2025-12-17T14:49:01+00:00\",\"dateModified\":\"2025-12-17T15:29:56+00:00\",\"breadcrumb\":{\"@id\":\"https:\\\/\\\/cpasixelles.brussels\\\/nl\\\/overzicht\\\/jongeren-en-jonge-kinderen\\\/#breadcrumb\"},\"inLanguage\":\"nl-NL\",\"potentialAction\":[{\"@type\":\"ReadAction\",\"target\":[\"https:\\\/\\\/cpasixelles.brussels\\\/nl\\\/overzicht\\\/jongeren-en-jonge-kinderen\\\/\"]}]},{\"@type\":\"BreadcrumbList\",\"@id\":\"https:\\\/\\\/cpasixelles.brussels\\\/nl\\\/overzicht\\\/jongeren-en-jonge-kinderen\\\/#breadcrumb\",\"itemListElement\":[{\"@type\":\"ListItem\",\"position\":1,\"name\":\"Accueil\",\"item\":\"https:\\\/\\\/cpasixelles.brussels\\\/nl\\\/\"},{\"@type\":\"ListItem\",\"position\":2,\"name\":\"Overzicht\",\"item\":\"https:\\\/\\\/cpasixelles.brussels\\\/nl\\\/overzicht\\\/\"},{\"@type\":\"ListItem\",\"position\":3,\"name\":\"Jongeren en jonge kinderen\"}]},{\"@type\":\"WebSite\",\"@id\":\"https:\\\/\\\/cpasixelles.brussels\\\/#website\",\"url\":\"https:\\\/\\\/cpasixelles.brussels\\\/\",\"name\":\"CPAS d&#039;Ixelles\",\"description\":\"\",\"potentialAction\":[{\"@type\":\"SearchAction\",\"target\":{\"@type\":\"EntryPoint\",\"urlTemplate\":\"https:\\\/\\\/cpasixelles.brussels\\\/?s={search_term_string}\"},\"query-input\":{\"@type\":\"PropertyValueSpecification\",\"valueRequired\":true,\"valueName\":\"search_term_string\"}}],\"inLanguage\":\"nl-NL\"}]}<\/script>\n<!-- \/ Yoast SEO plugin. -->","yoast_head_json":{"title":"Jongeren en jonge kinderen - CPAS d&#039;Ixelles","robots":{"index":"index","follow":"follow","max-snippet":"max-snippet:-1","max-image-preview":"max-image-preview:large","max-video-preview":"max-video-preview:-1"},"canonical":"https:\/\/cpasixelles.brussels\/nl\/overzicht\/jongeren-en-jonge-kinderen\/","og_locale":"nl_NL","og_type":"article","og_title":"Jongeren en jonge kinderen - CPAS d&#039;Ixelles","og_description":"Overzicht van de leden van de Sociale Co\u00f6rdinatie Jongeren en jonge kinderen &nbsp; Jongeren en jonge kinderen Abaka:\u00a0Centre de crise et d\u2019accompagnement non-mandat\u00e9 pour adolescent de 12 \u00e0 18 ans Aimer \u00e0 l'ULB CAP - Centre d'aide aux personnes d'Ixelles FMSB Cellule Locale d'Accompagnement Scolaire Centre de Guidance XL Centre de Planning Familial et de [&hellip;]","og_url":"https:\/\/cpasixelles.brussels\/nl\/overzicht\/jongeren-en-jonge-kinderen\/","og_site_name":"CPAS d&#039;Ixelles","article_modified_time":"2025-12-17T15:29:56+00:00","og_image":[{"width":1920,"height":1280,"url":"https:\/\/cpasixelles.brussels\/wp-content\/uploads\/2022\/02\/MicrosoftTeams-image-8.jpg","type":"image\/jpeg"}],"twitter_card":"summary_large_image","twitter_misc":{"Geschatte leestijd":"2 minuten"},"schema":{"@context":"https:\/\/schema.org","@graph":[{"@type":"WebPage","@id":"https:\/\/cpasixelles.brussels\/nl\/overzicht\/jongeren-en-jonge-kinderen\/","url":"https:\/\/cpasixelles.brussels\/nl\/overzicht\/jongeren-en-jonge-kinderen\/","name":"Jongeren en jonge kinderen - CPAS d&#039;Ixelles","isPartOf":{"@id":"https:\/\/cpasixelles.brussels\/#website"},"datePublished":"2025-12-17T14:49:01+00:00","dateModified":"2025-12-17T15:29:56+00:00","breadcrumb":{"@id":"https:\/\/cpasixelles.brussels\/nl\/overzicht\/jongeren-en-jonge-kinderen\/#breadcrumb"},"inLanguage":"nl-NL","potentialAction":[{"@type":"ReadAction","target":["https:\/\/cpasixelles.brussels\/nl\/overzicht\/jongeren-en-jonge-kinderen\/"]}]},{"@type":"BreadcrumbList","@id":"https:\/\/cpasixelles.brussels\/nl\/overzicht\/jongeren-en-jonge-kinderen\/#breadcrumb","itemListElement":[{"@type":"ListItem","position":1,"name":"Accueil","item":"https:\/\/cpasixelles.brussels\/nl\/"},{"@type":"ListItem","position":2,"name":"Overzicht","item":"https:\/\/cpasixelles.brussels\/nl\/overzicht\/"},{"@type":"ListItem","position":3,"name":"Jongeren en jonge kinderen"}]},{"@type":"WebSite","@id":"https:\/\/cpasixelles.brussels\/#website","url":"https:\/\/cpasixelles.brussels\/","name":"CPAS d&#039;Ixelles","description":"","potentialAction":[{"@type":"SearchAction","target":{"@type":"EntryPoint","urlTemplate":"https:\/\/cpasixelles.brussels\/?s={search_term_string}"},"query-input":{"@type":"PropertyValueSpecification","valueRequired":true,"valueName":"search_term_string"}}],"inLanguage":"nl-NL"}]}},"_links":{"self":[{"href":"https:\/\/cpasixelles.brussels\/nl\/wp-json\/wp\/v2\/pages\/8100","targetHints":{"allow":["GET"]}}],"collection":[{"href":"https:\/\/cpasixelles.brussels\/nl\/wp-json\/wp\/v2\/pages"}],"about":[{"href":"https:\/\/cpasixelles.brussels\/nl\/wp-json\/wp\/v2\/types\/page"}],"author":[{"embeddable":true,"href":"https:\/\/cpasixelles.brussels\/nl\/wp-json\/wp\/v2\/users\/9"}],"replies":[{"embeddable":true,"href":"https:\/\/cpasixelles.brussels\/nl\/wp-json\/wp\/v2\/comments?post=8100"}],"version-history":[{"count":5,"href":"https:\/\/cpasixelles.brussels\/nl\/wp-json\/wp\/v2\/pages\/8100\/revisions"}],"predecessor-version":[{"id":8207,"href":"https:\/\/cpasixelles.brussels\/nl\/wp-json\/wp\/v2\/pages\/8100\/revisions\/8207"}],"up":[{"embeddable":true,"href":"https:\/\/cpasixelles.brussels\/nl\/wp-json\/wp\/v2\/pages\/7879"}],"wp:attachment":[{"href":"https:\/\/cpasixelles.brussels\/nl\/wp-json\/wp\/v2\/media?parent=8100"}],"curies":[{"name":"wp","href":"https:\/\/api.w.org\/{rel}","templated":true}]}}