{"id":7905,"date":"2025-12-17T15:47:44","date_gmt":"2025-12-17T14:47:44","guid":{"rendered":"https:\/\/cpasixelles.brussels\/?page_id=7905"},"modified":"2025-12-17T16:29:55","modified_gmt":"2025-12-17T15:29:55","slug":"gezondheid-en-geestelijke-gezondheid","status":"publish","type":"page","link":"https:\/\/cpasixelles.brussels\/nl\/het-ocmw\/sociale-coordinatie\/overzicht\/gezondheid-en-geestelijke-gezondheid\/","title":{"rendered":"Gezondheid en geestelijke gezondheid"},"content":{"rendered":"<p>[et_pb_section fb_built=&#8221;1&#8243; module_class=&#8221;header-intern seniors&#8221; _builder_version=&#8221;4.16&#8243; _module_preset=&#8221;default&#8221; custom_padding=&#8221;50px||50px||true|false&#8221; global_colors_info=&#8221;{}&#8221;][et_pb_row column_structure=&#8221;1_4,3_4&#8243; module_class=&#8221;flex-zone&#8221; _builder_version=&#8221;4.16&#8243; _module_preset=&#8221;default&#8221; custom_padding=&#8221;0px||0px||true|false&#8221; global_colors_info=&#8221;{}&#8221;][et_pb_column type=&#8221;1_4&#8243; _builder_version=&#8221;4.16&#8243; _module_preset=&#8221;default&#8221; global_colors_info=&#8221;{}&#8221;][et_pb_image src=&#8221;https:\/\/cpasixelles.brussels\/wp-content\/uploads\/2023\/05\/parlophone.png&#8221; alt=&#8221;CPAS Ixelles &#8211; Projet Dentelles&#8221; title_text=&#8221;parlophone&#8221; _builder_version=&#8221;4.24.1&#8243; _module_preset=&#8221;default&#8221; animation_style=&#8221;slide&#8221; animation_direction=&#8221;left&#8221; animation_intensity_slide=&#8221;5%&#8221; global_colors_info=&#8221;{}&#8221;][\/et_pb_image][\/et_pb_column][et_pb_column type=&#8221;3_4&#8243; _builder_version=&#8221;4.16&#8243; _module_preset=&#8221;default&#8221; global_colors_info=&#8221;{}&#8221;][et_pb_text _builder_version=&#8221;4.27.4&#8243; _module_preset=&#8221;default&#8221; animation_style=&#8221;slide&#8221; animation_direction=&#8221;right&#8221; animation_intensity_slide=&#8221;5%&#8221; global_colors_info=&#8221;{}&#8221;]<\/p>\n<h2>Overzicht van de leden van de Sociale Co\u00f6rdinatie<\/h2>\n<h1>Gezondheid en geestelijke gezondheid<\/h1>\n<p>&nbsp;<br \/>\n[\/et_pb_text][\/et_pb_column][\/et_pb_row][\/et_pb_section][et_pb_section fb_built=&#8221;1&#8243; _builder_version=&#8221;4.24.1&#8243; _module_preset=&#8221;default&#8221; global_colors_info=&#8221;{}&#8221;][et_pb_row _builder_version=&#8221;4.24.1&#8243; _module_preset=&#8221;default&#8221; global_colors_info=&#8221;{}&#8221;][et_pb_column type=&#8221;4_4&#8243; _builder_version=&#8221;4.24.1&#8243; _module_preset=&#8221;default&#8221; global_colors_info=&#8221;{}&#8221;][et_pb_text _builder_version=&#8221;4.27.4&#8243; _module_preset=&#8221;default&#8221; header_2_font=&#8221;|700||on|||||&#8221; header_2_text_color=&#8221;gcid-7d3e670f-2994-4496-b95f-1f022124e031&#8243; global_colors_info=&#8221;{%22gcid-7d3e670f-2994-4496-b95f-1f022124e031%22:%91%22header_2_text_color%22%93}&#8221;]<\/p>\n<h2>Gezondheid en geestelijke gezondheid<\/h2>\n<p>[\/et_pb_text][\/et_pb_column][\/et_pb_row][et_pb_row _builder_version=&#8221;4.24.1&#8243; _module_preset=&#8221;default&#8221; global_colors_info=&#8221;{}&#8221;][et_pb_column type=&#8221;4_4&#8243; _builder_version=&#8221;4.24.1&#8243; _module_preset=&#8221;default&#8221; global_colors_info=&#8221;{}&#8221;][et_pb_text _builder_version=&#8221;4.27.4&#8243; _module_preset=&#8221;default&#8221; global_colors_info=&#8221;{}&#8221;]<\/p>\n<ul>\n<li><a href=\"https:\/\/bruxelles.aideetsoinsadomicile.be\/fr\" target=\"_blank\" rel=\"noopener\">Aide et Soins \u00e0 Domicile Bruxelles<\/a><\/li>\n<li><a href=\"https:\/\/aimeralulb.be\/\" target=\"_blank\" rel=\"noopener\">Aimer \u00e0 l&#8217;Ulb<\/a><\/li>\n<li><a href=\"https:\/\/social.brussels\/organisation\/13589\" target=\"_blank\" rel=\"noopener\">Axe International de Soutien et Aide Psychologique<\/a><\/li>\n<li><a href=\"https:\/\/www.valisana.be\/\" target=\"_blank\" rel=\"noopener\">Le Canevas<\/a><\/li>\n<li><a href=\"https:\/\/www.fmsb.be\/fr\" target=\"_blank\" rel=\"noopener\">FMSB<\/a><\/li>\n<li><a href=\"https:\/\/www.ixelles.be\/site\/193-Ixelles-Prevention\" target=\"_blank\" rel=\"noopener\">Cellule Pr\u00e9vention Drogues &#8211; Ixelles Pr\u00e9vention<\/a><\/li>\n<li><a href=\"https:\/\/www.casgpourlesfamilles.be\/\" target=\"_blank\" rel=\"noopener\">Centre d&#8217;Action Sociale Global Pour les Familles<\/a><\/li>\n<li><a href=\"https:\/\/www.ixelles.be\/site\/36-Centre-de-guidance-d-Ixelles-CGXL\" target=\"_blank\" rel=\"noopener\">Centre de Guidance XL<\/a><\/li>\n<li><a href=\"https:\/\/www.ixelles.be\/site\/155-Centres-de-planning-familial\" target=\"_blank\" rel=\"noopener\">Centre de Planning Familial et de Sexologie d\u2019Ixelles CPS<\/a><\/li>\n<li><a href=\"https:\/\/www.ixelles.be\/site\/491-Promotion-de-la-Sante-a-l-Ecole-PSE\" target=\"_blank\" rel=\"noopener\">Centre de Sant\u00e9 d&#8217;Ixelles PSE<\/a><\/li>\n<li><a href=\"https:\/\/www.exil.be\/fr\/\" target=\"_blank\" rel=\"noopener\">Centre Exil<\/a><\/li>\n<li><a href=\"https:\/\/www.ixelles.be\/site\/470-Centres-psycho-medico-sociaux-CPMS\" target=\"_blank\" rel=\"noopener\">Centre PMS Communal d\u2019Ixelles<\/a><\/li>\n<li><a href=\"http:\/\/www.enseignement.be\/index.php?page=24791&amp;etab_id=4827\" target=\"_blank\" rel=\"noopener\">Centre PMS Libre de Bxl Sud<\/a><\/li>\n<li><a href=\"https:\/\/pmswl.be\/centres-pms\/cpms-libre-ixelles\/\" target=\"_blank\" rel=\"noopener\">Centre PMS Libre d&#8217;Ixelles\u00a0<\/a><\/li>\n<li><a href=\"https:\/\/cpasixelles.brussels\/le-cpas\/coordination-sociale\/\" target=\"_blank\" rel=\"noopener\">Coordination Sociale d&#8217;Ixelles<\/a><\/li>\n<li><a href=\"https:\/\/cpasixelles.brussels\/\" target=\"_blank\" rel=\"noopener\">CPAS &#8211; Centre Public d&#8217;Action Sociale d&#8217;Ixelles<\/a><\/li>\n<li><a href=\"https:\/\/dynamoamo.be\/\" target=\"_blank\" rel=\"noopener\">Dynamo<\/a><\/li>\n<li><a href=\"https:\/\/www.freeclinic.be\/\" target=\"_blank\" rel=\"noopener\">Free Clinic<\/a><\/li>\n<li><a href=\"https:\/\/pro.guidesocial.be\/associations\/groupe-d-actions-psycho-sociales-asbl.122234\" target=\"_blank\" rel=\"noopener\">GAPS Sapse<\/a><\/li>\n<li><a href=\"https:\/\/cpas1060.be\/spip.php?article607\" target=\"_blank\" rel=\"noopener\">Mado-Sud<\/a><\/li>\n<li><a href=\"https:\/\/couleurssante.be\/\" target=\"_blank\" rel=\"noopener\">Maison m\u00e9dicale Couleurs Sant\u00e9<\/a><\/li>\n<li><a href=\"https:\/\/www.mc.be\/fr\/bienvenue\" target=\"_blank\" rel=\"noopener\">Mutualit\u00e9 Chr\u00e9tienne<\/a><\/li>\n<li><a href=\"https:\/\/www.projetlama.be\/\" target=\"_blank\" rel=\"noopener\">Projet Lama ASBL<\/a><\/li>\n<li><a href=\"http:\/\/www.ssmulb.be\/centre\/psycampus\/\" target=\"_blank\" rel=\"noopener\">Psy Campus<\/a><\/li>\n<li><a href=\"http:\/\/www.ssmulb.be\/centre\/psycho-belliard-plaine\/\" target=\"_blank\" rel=\"noopener\">Psycho-B\u00e9lliard Plaine<\/a><\/li>\n<li><a href=\"https:\/\/questionsante.org\/\" target=\"_blank\" rel=\"noopener\">Question Sant\u00e9<\/a><\/li>\n<li><a href=\"https:\/\/pro.guidesocial.be\/associations\/re-sources-enfances.120286\" target=\"_blank\" rel=\"noopener\">Re-Sources Enfances<\/a><\/li>\n<li><a href=\"https:\/\/www.rezone.be\/\" target=\"_blank\" rel=\"noopener\">R\u00e9zone<\/a><\/li>\n<li><a href=\"https:\/\/similes.brussels\/\" target=\"_blank\" rel=\"noopener\">Similes Bruxelles<\/a><\/li>\n<li><a href=\"https:\/\/sireas.be\/\" target=\"_blank\" rel=\"noopener\">Sir\u00e9as &#8211; Service International de recherche, d&#8217;\u00e9ducation<\/a><\/li>\n<li><a href=\"https:\/\/sisd-bruxelles.be\/\" target=\"_blank\" rel=\"noopener\">SISD Bxl<\/a><\/li>\n<li><a href=\"https:\/\/www.ulysse-ssm.be\/\" target=\"_blank\" rel=\"noopener\">Ulysse asbl<\/a><\/li>\n<li><a href=\"https:\/\/aetcis.be\/\" target=\"_blank\" rel=\"noopener\">AETCIS &#8211; Belgique ASBL<\/a><\/li>\n<li><a href=\"https:\/\/womando.be\/\" target=\"_blank\" rel=\"noopener\">Womando ASBL<\/a><\/li>\n<li><a href=\"https:\/\/www.fdss.be\/fr\/member\/rizome-bxl-asbl\/\" target=\"_blank\" rel=\"noopener\">Rizome<\/a><\/li>\n<\/ul>\n<p>[\/et_pb_text][\/et_pb_column][\/et_pb_row][\/et_pb_section]<\/p>\n","protected":false},"excerpt":{"rendered":"<p>Overzicht van de leden van de Sociale Co\u00f6rdinatie Gezondheid en geestelijke gezondheid &nbsp; Gezondheid en geestelijke gezondheid Aide et Soins \u00e0 Domicile Bruxelles Aimer \u00e0 l&#8217;Ulb Axe International de Soutien et Aide Psychologique Le Canevas FMSB Cellule Pr\u00e9vention Drogues &#8211; Ixelles Pr\u00e9vention Centre d&#8217;Action Sociale Global Pour les Familles Centre de Guidance XL Centre de [&hellip;]<\/p>\n","protected":false},"author":9,"featured_media":0,"parent":7879,"menu_order":0,"comment_status":"closed","ping_status":"closed","template":"","meta":{"_et_pb_use_builder":"on","_et_pb_old_content":"","_et_gb_content_width":"","footnotes":""},"class_list":["post-7905","page","type-page","status-publish","hentry"],"yoast_head":"<!-- This site is optimized with the Yoast SEO plugin v27.5 - https:\/\/yoast.com\/product\/yoast-seo-wordpress\/ -->\n<title>Gezondheid en geestelijke gezondheid - CPAS d&#039;Ixelles<\/title>\n<meta name=\"robots\" content=\"index, follow, max-snippet:-1, max-image-preview:large, max-video-preview:-1\" \/>\n<link rel=\"canonical\" href=\"https:\/\/cpasixelles.brussels\/nl\/overzicht\/gezondheid-en-geestelijke-gezondheid\/\" \/>\n<meta property=\"og:locale\" content=\"nl_NL\" \/>\n<meta property=\"og:type\" content=\"article\" \/>\n<meta property=\"og:title\" content=\"Gezondheid en geestelijke gezondheid - CPAS d&#039;Ixelles\" \/>\n<meta property=\"og:description\" content=\"Overzicht van de leden van de Sociale Co\u00f6rdinatie Gezondheid en geestelijke gezondheid &nbsp; Gezondheid en geestelijke gezondheid Aide et Soins \u00e0 Domicile Bruxelles Aimer \u00e0 l&#039;Ulb Axe International de Soutien et Aide Psychologique Le Canevas FMSB Cellule Pr\u00e9vention Drogues - Ixelles Pr\u00e9vention Centre d&#039;Action Sociale Global Pour les Familles Centre de Guidance XL Centre de [&hellip;]\" \/>\n<meta property=\"og:url\" content=\"https:\/\/cpasixelles.brussels\/nl\/overzicht\/gezondheid-en-geestelijke-gezondheid\/\" \/>\n<meta property=\"og:site_name\" content=\"CPAS d&#039;Ixelles\" \/>\n<meta property=\"article:modified_time\" content=\"2025-12-17T15:29:55+00:00\" \/>\n<meta property=\"og:image\" content=\"https:\/\/cpasixelles.brussels\/wp-content\/uploads\/2022\/02\/MicrosoftTeams-image-8.jpg\" \/>\n\t<meta property=\"og:image:width\" content=\"1920\" \/>\n\t<meta property=\"og:image:height\" content=\"1280\" \/>\n\t<meta property=\"og:image:type\" content=\"image\/jpeg\" \/>\n<meta name=\"twitter:card\" content=\"summary_large_image\" \/>\n<meta name=\"twitter:label1\" content=\"Geschatte leestijd\" \/>\n\t<meta name=\"twitter:data1\" content=\"1 minuut\" \/>\n<script type=\"application\/ld+json\" class=\"yoast-schema-graph\">{\"@context\":\"https:\\\/\\\/schema.org\",\"@graph\":[{\"@type\":\"WebPage\",\"@id\":\"https:\\\/\\\/cpasixelles.brussels\\\/nl\\\/overzicht\\\/gezondheid-en-geestelijke-gezondheid\\\/\",\"url\":\"https:\\\/\\\/cpasixelles.brussels\\\/nl\\\/overzicht\\\/gezondheid-en-geestelijke-gezondheid\\\/\",\"name\":\"Gezondheid en geestelijke gezondheid - CPAS d&#039;Ixelles\",\"isPartOf\":{\"@id\":\"https:\\\/\\\/cpasixelles.brussels\\\/#website\"},\"datePublished\":\"2025-12-17T14:47:44+00:00\",\"dateModified\":\"2025-12-17T15:29:55+00:00\",\"breadcrumb\":{\"@id\":\"https:\\\/\\\/cpasixelles.brussels\\\/nl\\\/overzicht\\\/gezondheid-en-geestelijke-gezondheid\\\/#breadcrumb\"},\"inLanguage\":\"nl-NL\",\"potentialAction\":[{\"@type\":\"ReadAction\",\"target\":[\"https:\\\/\\\/cpasixelles.brussels\\\/nl\\\/overzicht\\\/gezondheid-en-geestelijke-gezondheid\\\/\"]}]},{\"@type\":\"BreadcrumbList\",\"@id\":\"https:\\\/\\\/cpasixelles.brussels\\\/nl\\\/overzicht\\\/gezondheid-en-geestelijke-gezondheid\\\/#breadcrumb\",\"itemListElement\":[{\"@type\":\"ListItem\",\"position\":1,\"name\":\"Accueil\",\"item\":\"https:\\\/\\\/cpasixelles.brussels\\\/nl\\\/\"},{\"@type\":\"ListItem\",\"position\":2,\"name\":\"Overzicht\",\"item\":\"https:\\\/\\\/cpasixelles.brussels\\\/nl\\\/overzicht\\\/\"},{\"@type\":\"ListItem\",\"position\":3,\"name\":\"Gezondheid en geestelijke gezondheid\"}]},{\"@type\":\"WebSite\",\"@id\":\"https:\\\/\\\/cpasixelles.brussels\\\/#website\",\"url\":\"https:\\\/\\\/cpasixelles.brussels\\\/\",\"name\":\"CPAS d&#039;Ixelles\",\"description\":\"\",\"potentialAction\":[{\"@type\":\"SearchAction\",\"target\":{\"@type\":\"EntryPoint\",\"urlTemplate\":\"https:\\\/\\\/cpasixelles.brussels\\\/?s={search_term_string}\"},\"query-input\":{\"@type\":\"PropertyValueSpecification\",\"valueRequired\":true,\"valueName\":\"search_term_string\"}}],\"inLanguage\":\"nl-NL\"}]}<\/script>\n<!-- \/ Yoast SEO plugin. -->","yoast_head_json":{"title":"Gezondheid en geestelijke gezondheid - CPAS d&#039;Ixelles","robots":{"index":"index","follow":"follow","max-snippet":"max-snippet:-1","max-image-preview":"max-image-preview:large","max-video-preview":"max-video-preview:-1"},"canonical":"https:\/\/cpasixelles.brussels\/nl\/overzicht\/gezondheid-en-geestelijke-gezondheid\/","og_locale":"nl_NL","og_type":"article","og_title":"Gezondheid en geestelijke gezondheid - CPAS d&#039;Ixelles","og_description":"Overzicht van de leden van de Sociale Co\u00f6rdinatie Gezondheid en geestelijke gezondheid &nbsp; Gezondheid en geestelijke gezondheid Aide et Soins \u00e0 Domicile Bruxelles Aimer \u00e0 l'Ulb Axe International de Soutien et Aide Psychologique Le Canevas FMSB Cellule Pr\u00e9vention Drogues - Ixelles Pr\u00e9vention Centre d'Action Sociale Global Pour les Familles Centre de Guidance XL Centre de [&hellip;]","og_url":"https:\/\/cpasixelles.brussels\/nl\/overzicht\/gezondheid-en-geestelijke-gezondheid\/","og_site_name":"CPAS d&#039;Ixelles","article_modified_time":"2025-12-17T15:29:55+00:00","og_image":[{"width":1920,"height":1280,"url":"https:\/\/cpasixelles.brussels\/wp-content\/uploads\/2022\/02\/MicrosoftTeams-image-8.jpg","type":"image\/jpeg"}],"twitter_card":"summary_large_image","twitter_misc":{"Geschatte leestijd":"1 minuut"},"schema":{"@context":"https:\/\/schema.org","@graph":[{"@type":"WebPage","@id":"https:\/\/cpasixelles.brussels\/nl\/overzicht\/gezondheid-en-geestelijke-gezondheid\/","url":"https:\/\/cpasixelles.brussels\/nl\/overzicht\/gezondheid-en-geestelijke-gezondheid\/","name":"Gezondheid en geestelijke gezondheid - CPAS d&#039;Ixelles","isPartOf":{"@id":"https:\/\/cpasixelles.brussels\/#website"},"datePublished":"2025-12-17T14:47:44+00:00","dateModified":"2025-12-17T15:29:55+00:00","breadcrumb":{"@id":"https:\/\/cpasixelles.brussels\/nl\/overzicht\/gezondheid-en-geestelijke-gezondheid\/#breadcrumb"},"inLanguage":"nl-NL","potentialAction":[{"@type":"ReadAction","target":["https:\/\/cpasixelles.brussels\/nl\/overzicht\/gezondheid-en-geestelijke-gezondheid\/"]}]},{"@type":"BreadcrumbList","@id":"https:\/\/cpasixelles.brussels\/nl\/overzicht\/gezondheid-en-geestelijke-gezondheid\/#breadcrumb","itemListElement":[{"@type":"ListItem","position":1,"name":"Accueil","item":"https:\/\/cpasixelles.brussels\/nl\/"},{"@type":"ListItem","position":2,"name":"Overzicht","item":"https:\/\/cpasixelles.brussels\/nl\/overzicht\/"},{"@type":"ListItem","position":3,"name":"Gezondheid en geestelijke gezondheid"}]},{"@type":"WebSite","@id":"https:\/\/cpasixelles.brussels\/#website","url":"https:\/\/cpasixelles.brussels\/","name":"CPAS d&#039;Ixelles","description":"","potentialAction":[{"@type":"SearchAction","target":{"@type":"EntryPoint","urlTemplate":"https:\/\/cpasixelles.brussels\/?s={search_term_string}"},"query-input":{"@type":"PropertyValueSpecification","valueRequired":true,"valueName":"search_term_string"}}],"inLanguage":"nl-NL"}]}},"_links":{"self":[{"href":"https:\/\/cpasixelles.brussels\/nl\/wp-json\/wp\/v2\/pages\/7905","targetHints":{"allow":["GET"]}}],"collection":[{"href":"https:\/\/cpasixelles.brussels\/nl\/wp-json\/wp\/v2\/pages"}],"about":[{"href":"https:\/\/cpasixelles.brussels\/nl\/wp-json\/wp\/v2\/types\/page"}],"author":[{"embeddable":true,"href":"https:\/\/cpasixelles.brussels\/nl\/wp-json\/wp\/v2\/users\/9"}],"replies":[{"embeddable":true,"href":"https:\/\/cpasixelles.brussels\/nl\/wp-json\/wp\/v2\/comments?post=7905"}],"version-history":[{"count":5,"href":"https:\/\/cpasixelles.brussels\/nl\/wp-json\/wp\/v2\/pages\/7905\/revisions"}],"predecessor-version":[{"id":8205,"href":"https:\/\/cpasixelles.brussels\/nl\/wp-json\/wp\/v2\/pages\/7905\/revisions\/8205"}],"up":[{"embeddable":true,"href":"https:\/\/cpasixelles.brussels\/nl\/wp-json\/wp\/v2\/pages\/7879"}],"wp:attachment":[{"href":"https:\/\/cpasixelles.brussels\/nl\/wp-json\/wp\/v2\/media?parent=7905"}],"curies":[{"name":"wp","href":"https:\/\/api.w.org\/{rel}","templated":true}]}}