{"id":6975,"date":"2025-12-17T16:29:53","date_gmt":"2025-12-17T15:29:53","guid":{"rendered":"https:\/\/cpasixelles.brussels\/?page_id=6975"},"modified":"2025-12-17T16:30:00","modified_gmt":"2025-12-17T15:30:00","slug":"sociale-coordinatie","status":"publish","type":"page","link":"https:\/\/cpasixelles.brussels\/nl\/het-ocmw\/sociale-coordinatie\/","title":{"rendered":"Sociale co\u00f6rdinatie"},"content":{"rendered":"<p>[et_pb_section fb_built=&#8221;1&#8243; module_class=&#8221;header-intern aides&#8221; _builder_version=&#8221;4.16&#8243; _module_preset=&#8221;default&#8221; background_color=&#8221;gcid-7d3e670f-2994-4496-b95f-1f022124e031&#8243; custom_padding=&#8221;50px||50px||true|false&#8221; global_colors_info=&#8221;{%22gcid-7d3e670f-2994-4496-b95f-1f022124e031%22:%91%22background_color%22%93}&#8221;][et_pb_row column_structure=&#8221;1_4,3_4&#8243; module_class=&#8221;flex-zone&#8221; _builder_version=&#8221;4.16&#8243; _module_preset=&#8221;default&#8221; custom_padding=&#8221;0px||0px||true|false&#8221; global_colors_info=&#8221;{}&#8221;][et_pb_column type=&#8221;1_4&#8243; _builder_version=&#8221;4.16&#8243; _module_preset=&#8221;default&#8221; global_colors_info=&#8221;{}&#8221;][et_pb_image src=&#8221;https:\/\/cpasixelles.brussels\/wp-content\/uploads\/2022\/01\/toa-heftiba-4xe-yVFJCvw-unsplash_ccexpress.jpeg&#8221; alt=&#8221;Aide \u00e0 domicile&#8221; title_text=&#8221;coordination sociale&#8221; _builder_version=&#8221;4.16&#8243; _module_preset=&#8221;default&#8221; animation_style=&#8221;slide&#8221; animation_direction=&#8221;left&#8221; animation_intensity_slide=&#8221;5%&#8221; global_colors_info=&#8221;{}&#8221;][\/et_pb_image][\/et_pb_column][et_pb_column type=&#8221;3_4&#8243; _builder_version=&#8221;4.16&#8243; _module_preset=&#8221;default&#8221; global_colors_info=&#8221;{}&#8221;][et_pb_text _builder_version=&#8221;4.16&#8243; _module_preset=&#8221;default&#8221; custom_padding=&#8221;||1px|||&#8221; animation_style=&#8221;slide&#8221; animation_direction=&#8221;right&#8221; animation_intensity_slide=&#8221;5%&#8221; global_colors_info=&#8221;{}&#8221;]<\/p>\n<h2>Het OCMW<\/h2>\n<h1>Sociale co\u00f6rdinatie<\/h1>\n<p>&nbsp;<\/p>\n<p>[\/et_pb_text][\/et_pb_column][\/et_pb_row][\/et_pb_section][et_pb_section fb_built=&#8221;1&#8243; specialty=&#8221;on&#8221; padding_top_1=&#8221;25px&#8221; padding_bottom_1=&#8221;25px&#8221; padding_top_bottom_link_1=&#8221;true&#8221; padding_top_bottom_link_2=&#8221;true&#8221; padding_left_right_link_1=&#8221;false&#8221; padding_left_right_link_2=&#8221;false&#8221; module_class_2=&#8221;content&#8221; module_class=&#8221;page-left-widget cpas&#8221; _builder_version=&#8221;4.16&#8243; _module_preset=&#8221;default&#8221; custom_padding=&#8221;50px||50px||true|false&#8221; global_colors_info=&#8221;{}&#8221;][et_pb_column type=&#8221;1_4&#8243; _builder_version=&#8221;4.16&#8243; custom_padding=&#8221;|||&#8221; global_colors_info=&#8221;{}&#8221; custom_padding__hover=&#8221;|||&#8221;][et_pb_sidebar area=&#8221;et_pb_widget_area_4&#8243; _builder_version=&#8221;4.16&#8243; _module_preset=&#8221;default&#8221; animation_style=&#8221;slide&#8221; animation_direction=&#8221;bottom&#8221; animation_intensity_slide=&#8221;5%&#8221; global_colors_info=&#8221;{}&#8221;][\/et_pb_sidebar][\/et_pb_column][et_pb_column type=&#8221;3_4&#8243; specialty_columns=&#8221;3&#8243; _builder_version=&#8221;4.16&#8243; custom_padding=&#8221;|||&#8221; global_colors_info=&#8221;{}&#8221; custom_padding__hover=&#8221;|||&#8221;][et_pb_row_inner column_structure=&#8221;1_2,1_2&#8243; disabled_on=&#8221;off|off|off&#8221; _builder_version=&#8221;4.16&#8243; _module_preset=&#8221;default&#8221; global_colors_info=&#8221;{}&#8221;][et_pb_column_inner type=&#8221;1_2&#8243; saved_specialty_column_type=&#8221;3_4&#8243; _builder_version=&#8221;4.16&#8243; _module_preset=&#8221;default&#8221; global_colors_info=&#8221;{}&#8221;][et_pb_text disabled_on=&#8221;off|off|off&#8221; module_class=&#8221;info-cadre&#8221; _builder_version=&#8221;4.16&#8243; _module_preset=&#8221;default&#8221; header_text_color=&#8221;#FFFFFF&#8221; header_3_font=&#8221;||||||||&#8221; background_enable_color=&#8221;off&#8221; custom_padding=&#8221;||||false|false&#8221; custom_padding_tablet=&#8221;||||true|false&#8221; custom_padding_phone=&#8221;||||true|false&#8221; custom_padding_last_edited=&#8221;off|desktop&#8221; animation_style=&#8221;slide&#8221; global_colors_info=&#8221;{}&#8221;]<\/p>\n<h3 style=\"text-align: left;\">Sociale co\u00f6rdinatie van Elsene<\/h3>\n<p style=\"text-align: left;\">Boondaalsesteenweg 92 &#8211; 1050 Elsene<\/p>\n<p>[\/et_pb_text][\/et_pb_column_inner][et_pb_column_inner type=&#8221;1_2&#8243; saved_specialty_column_type=&#8221;3_4&#8243; _builder_version=&#8221;4.16&#8243; _module_preset=&#8221;default&#8221; global_colors_info=&#8221;{}&#8221;][\/et_pb_column_inner][\/et_pb_row_inner][et_pb_row_inner _builder_version=&#8221;4.16&#8243; _module_preset=&#8221;default&#8221; custom_padding=&#8221;0px||0px||true|false&#8221; animation_style=&#8221;slide&#8221; animation_direction=&#8221;bottom&#8221; animation_intensity_slide=&#8221;5%&#8221; global_colors_info=&#8221;{}&#8221;][et_pb_column_inner saved_specialty_column_type=&#8221;3_4&#8243; _builder_version=&#8221;4.16&#8243; _module_preset=&#8221;default&#8221; global_colors_info=&#8221;{}&#8221;][et_pb_text _builder_version=&#8221;4.16&#8243; _module_preset=&#8221;default&#8221; header_2_font=&#8221;|700||on|||||&#8221; header_2_text_color=&#8221;gcid-781de1e1-b50f-440d-bfd1-1b3c77a54036&#8243; custom_margin=&#8221;||20px||false|false&#8221; custom_padding=&#8221;||6px|||&#8221; global_colors_info=&#8221;{%22gcid-781de1e1-b50f-440d-bfd1-1b3c77a54036%22:%91%22header_2_text_color%22%93}&#8221;]<\/p>\n<p>De Sociale co\u00f6rdinatie van Elsene brengt verenigingen en diensten bijeen die aanvragen behandelen van psychologische, medische en sociale steun van Elsenaren. Zo dragen ze actief bij tot de bestrijding van alle vormen van uitsluiting en de bevordering van actief en verantwoordelijk burgerschap.<\/p>\n<p>De Sociale co\u00f6rdinatie van Elsene wil al die diensten beter bekend maken en de samenwerkingsverbanden in overleg verder ontwikkelen. Het is een plaats waar sociaal beleid op gemeenteniveau vorm en richting krijgt.<\/p>\n<p>[\/et_pb_text][et_pb_text _builder_version=&#8221;4.27.4&#8243; _module_preset=&#8221;default&#8221; header_2_font=&#8221;|800||on|||||&#8221; global_colors_info=&#8221;{}&#8221;]<\/p>\n<h2>Doelstellingen<\/h2>\n<ul>\n<li style=\"list-style-type: none;\">Een plaats zijn voor informatie, uitwisseling en debat<\/li>\n<li style=\"list-style-type: none;\">Overleg en de invoering van samenwerkingsverbanden stimuleren<\/li>\n<li style=\"list-style-type: none;\">De denkoefening over de ethiek van sociaal werk ondersteunen<\/li>\n<li style=\"list-style-type: none;\">Instrumenten voor sociale diagnostiek invoeren<\/li>\n<li style=\"list-style-type: none;\">Initiatieven uit het verenigingsleven en vanuit burgers ondersteunen<\/li>\n<li style=\"list-style-type: none;\">Een politieke denkoefening en &#8211; acties voeren, door adviezen en richtlijnen uit te brengen<\/li>\n<li style=\"list-style-type: none;\">De wederzijdse kennis van de instellingen bevorderen en ervoor zorgen dat de bevolking ze herkent<\/li>\n<\/ul>\n<h2>Acties<\/h2>\n<ul>\n<ul>\n<li>Informatiesessies: plenaire vergaderingen<\/li>\n<li>Werkgroepen per thema: huisvesting, ouderen, &#8230;<\/li>\n<li>Gezellige bijeenkomsten: de &#8216;Midis de la Coordination Sociale d\u2019Ixelles&#8217;<\/li>\n<li>Communicatiemiddelen: infobrochures, artikel XL Info, website, &#8230;<\/li>\n<li>Uitwisseling met alle Sociale co\u00f6rdinatiediensten<\/li>\n<\/ul>\n<\/ul>\n<p>Momenteel telt de Sociale co\u00f6rdinatie zo&#8217;n tiental leden.<\/p>\n<p>&nbsp;<\/p>\n<h2>Overzicht van de leden van de Sociale Co\u00f6rdinatie<\/h2>\n<p>In dit overzicht vindt u de rechtstreekse links naar de websites van de leden van de Sociale Co\u00f6rdinatie van Elsene. De leden zijn verdeeld over 11 activiteitssectoren: Algemene sociale steun, Huisvesting\/Energie, Werkgelegenheid, Gezondheid\/Geestelijke gezondheid, Informatie\/Preventie, Ouderen, Jongeren\/Jonge kinderen\/Schoolgaande Jeugd, Intercultureel, Overmatige schuldenlast, Buurtleven en Cultuur.<\/p>\n<ul>\n<ul><\/ul>\n<\/ul>\n<p>Veel plezier met het ontdekken van deze tool!<\/p>\n<p>[\/et_pb_text][et_pb_text module_class=&#8221;btn-text-shape&#8221; _builder_version=&#8221;4.27.5&#8243; _module_preset=&#8221;default&#8221; text_text_color=&#8221;#000000&#8243; header_2_font=&#8221;|700||on|||||&#8221; header_2_text_color=&#8221;gcid-781de1e1-b50f-440d-bfd1-1b3c77a54036&#8243; custom_margin=&#8221;||20px||false|false&#8221; link_option_url=&#8221;https:\/\/cpasixelles.brussels\/nl\/overzicht\/&#8221; global_colors_info=&#8221;{%22gcid-781de1e1-b50f-440d-bfd1-1b3c77a54036%22:%91%22header_2_text_color%22%93}&#8221;]<\/p>\n<p><a href=\"https:\/\/cpasixelles.brussels\/nl\/overzicht\/\" target=\"_blank\" rel=\"noopener\">Naar het overzicht<\/a><\/p>\n<p>[\/et_pb_text][et_pb_text _builder_version=&#8221;4.16&#8243; _module_preset=&#8221;default&#8221; header_2_font=&#8221;|800||on|||||&#8221; custom_padding=&#8221;||0px|||&#8221; global_colors_info=&#8221;{}&#8221;]<\/p>\n<h2>Publicaties<\/h2>\n<p>&nbsp;<\/p>\n<p>[\/et_pb_text][\/et_pb_column_inner][\/et_pb_row_inner][et_pb_row_inner column_structure=&#8221;1_3,1_3,1_3&#8243; disabled_on=&#8221;off|off|off&#8221; _builder_version=&#8221;4.16&#8243; _module_preset=&#8221;default&#8221; custom_margin=&#8221;-38px|||||&#8221; custom_padding=&#8221;62px|||||&#8221; global_colors_info=&#8221;{}&#8221;][et_pb_column_inner type=&#8221;1_3&#8243; saved_specialty_column_type=&#8221;3_4&#8243; _builder_version=&#8221;4.16&#8243; _module_preset=&#8221;default&#8221; global_colors_info=&#8221;{}&#8221;][et_pb_text module_class=&#8221;btn-text-shape&#8221; _builder_version=&#8221;4.27.4&#8243; _module_preset=&#8221;default&#8221; text_text_color=&#8221;#000000&#8243; header_2_font=&#8221;|700||on|||||&#8221; header_2_text_color=&#8221;gcid-781de1e1-b50f-440d-bfd1-1b3c77a54036&#8243; custom_margin=&#8221;||20px||false|false&#8221; global_colors_info=&#8221;{%22gcid-781de1e1-b50f-440d-bfd1-1b3c77a54036%22:%91%22header_2_text_color%22%93}&#8221;]<\/p>\n<p><a href=\"https:\/\/cpasixelles.brussels\/wp-content\/uploads\/2025\/10\/Rapport-dactivites-CSXL-2024.pdf\" target=\"_blank\" rel=\"noopener\"><i class=\"fal fa-download\"><\/i>Jaarverslag<\/a><\/p>\n<p>[\/et_pb_text][et_pb_text module_class=&#8221;btn-text-shape&#8221; _builder_version=&#8221;4.16&#8243; _module_preset=&#8221;default&#8221; text_text_color=&#8221;#000000&#8243; header_2_font=&#8221;|700||on|||||&#8221; header_2_text_color=&#8221;gcid-781de1e1-b50f-440d-bfd1-1b3c77a54036&#8243; custom_margin=&#8221;||20px||false|false&#8221; global_colors_info=&#8221;{%22gcid-781de1e1-b50f-440d-bfd1-1b3c77a54036%22:%91%22header_2_text_color%22%93}&#8221;]<a href=\"https:\/\/cpasixelles.brussels\/wp-content\/uploads\/2022\/02\/re\u0301pertoire-XLa\u0302ge.pdf\" target=\"_blank\" rel=\"noopener\"><i class=\"fal fa-download\"><\/i>Repertorium XL&#8217;\u00e2ge<\/a>[\/et_pb_text][\/et_pb_column_inner][et_pb_column_inner type=&#8221;1_3&#8243; saved_specialty_column_type=&#8221;3_4&#8243; _builder_version=&#8221;4.16&#8243; _module_preset=&#8221;default&#8221; global_colors_info=&#8221;{}&#8221;][et_pb_text module_class=&#8221;btn-text-shape&#8221; _builder_version=&#8221;4.16&#8243; _module_preset=&#8221;default&#8221; text_text_color=&#8221;#000000&#8243; header_2_font=&#8221;|700||on|||||&#8221; header_2_text_color=&#8221;gcid-781de1e1-b50f-440d-bfd1-1b3c77a54036&#8243; custom_margin=&#8221;||20px||false|false&#8221; global_colors_info=&#8221;{%22gcid-781de1e1-b50f-440d-bfd1-1b3c77a54036%22:%91%22header_2_text_color%22%93}&#8221;]<a href=\"https:\/\/cpasixelles.brussels\/wp-content\/uploads\/2022\/02\/Charte-CSXL.pdf\"><i class=\"fal fa-download\"><\/i> Het charter van de Sociale co\u00f6rdinatie van Elsene downloaden<\/a>[\/et_pb_text][\/et_pb_column_inner][et_pb_column_inner type=&#8221;1_3&#8243; saved_specialty_column_type=&#8221;3_4&#8243; _builder_version=&#8221;4.16&#8243; _module_preset=&#8221;default&#8221; global_colors_info=&#8221;{}&#8221;][\/et_pb_column_inner][\/et_pb_row_inner][\/et_pb_column][\/et_pb_section]<\/p>\n","protected":false},"excerpt":{"rendered":"<p>Het OCMW Sociale co\u00f6rdinatie &nbsp;Sociale co\u00f6rdinatie van Elsene Boondaalsesteenweg 92 &#8211; 1050 ElseneDe Sociale co\u00f6rdinatie van Elsene brengt verenigingen en diensten bijeen die aanvragen behandelen van psychologische, medische en sociale steun van Elsenaren. Zo dragen ze actief bij tot de bestrijding van alle vormen van uitsluiting en de bevordering van actief en verantwoordelijk burgerschap. De [&hellip;]<\/p>\n","protected":false},"author":3,"featured_media":0,"parent":3441,"menu_order":0,"comment_status":"closed","ping_status":"closed","template":"","meta":{"_et_pb_use_builder":"on","_et_pb_old_content":"","_et_gb_content_width":"","footnotes":""},"class_list":["post-6975","page","type-page","status-publish","hentry"],"yoast_head":"<!-- This site is optimized with the Yoast SEO plugin v27.5 - https:\/\/yoast.com\/product\/yoast-seo-wordpress\/ -->\n<title>Sociale co\u00f6rdinatie - CPAS d&#039;Ixelles<\/title>\n<meta name=\"robots\" content=\"index, follow, max-snippet:-1, max-image-preview:large, max-video-preview:-1\" \/>\n<link rel=\"canonical\" href=\"https:\/\/cpasixelles.brussels\/nl\/het-ocmw\/sociale-coordinatie\/\" \/>\n<meta property=\"og:locale\" content=\"nl_NL\" \/>\n<meta property=\"og:type\" content=\"article\" \/>\n<meta property=\"og:title\" content=\"Sociale co\u00f6rdinatie - CPAS d&#039;Ixelles\" \/>\n<meta property=\"og:description\" content=\"Het OCMW Sociale co\u00f6rdinatie &nbsp;Sociale co\u00f6rdinatie van Elsene Boondaalsesteenweg 92 - 1050 ElseneDe Sociale co\u00f6rdinatie van Elsene brengt verenigingen en diensten bijeen die aanvragen behandelen van psychologische, medische en sociale steun van Elsenaren. Zo dragen ze actief bij tot de bestrijding van alle vormen van uitsluiting en de bevordering van actief en verantwoordelijk burgerschap. De [&hellip;]\" \/>\n<meta property=\"og:url\" content=\"https:\/\/cpasixelles.brussels\/nl\/het-ocmw\/sociale-coordinatie\/\" \/>\n<meta property=\"og:site_name\" content=\"CPAS d&#039;Ixelles\" \/>\n<meta property=\"article:modified_time\" content=\"2025-12-17T15:30:00+00:00\" \/>\n<meta property=\"og:image\" content=\"https:\/\/cpasixelles.brussels\/wp-content\/uploads\/2022\/02\/MicrosoftTeams-image-8.jpg\" \/>\n\t<meta property=\"og:image:width\" content=\"1920\" \/>\n\t<meta property=\"og:image:height\" content=\"1280\" \/>\n\t<meta property=\"og:image:type\" content=\"image\/jpeg\" \/>\n<meta name=\"twitter:card\" content=\"summary_large_image\" \/>\n<meta name=\"twitter:label1\" content=\"Geschatte leestijd\" \/>\n\t<meta name=\"twitter:data1\" content=\"2 minuten\" \/>\n<script type=\"application\/ld+json\" class=\"yoast-schema-graph\">{\"@context\":\"https:\\\/\\\/schema.org\",\"@graph\":[{\"@type\":\"WebPage\",\"@id\":\"https:\\\/\\\/cpasixelles.brussels\\\/nl\\\/het-ocmw\\\/sociale-coordinatie\\\/\",\"url\":\"https:\\\/\\\/cpasixelles.brussels\\\/nl\\\/het-ocmw\\\/sociale-coordinatie\\\/\",\"name\":\"Sociale co\u00f6rdinatie - CPAS d&#039;Ixelles\",\"isPartOf\":{\"@id\":\"https:\\\/\\\/cpasixelles.brussels\\\/#website\"},\"datePublished\":\"2025-12-17T15:29:53+00:00\",\"dateModified\":\"2025-12-17T15:30:00+00:00\",\"breadcrumb\":{\"@id\":\"https:\\\/\\\/cpasixelles.brussels\\\/nl\\\/het-ocmw\\\/sociale-coordinatie\\\/#breadcrumb\"},\"inLanguage\":\"nl-NL\",\"potentialAction\":[{\"@type\":\"ReadAction\",\"target\":[\"https:\\\/\\\/cpasixelles.brussels\\\/nl\\\/het-ocmw\\\/sociale-coordinatie\\\/\"]}]},{\"@type\":\"BreadcrumbList\",\"@id\":\"https:\\\/\\\/cpasixelles.brussels\\\/nl\\\/het-ocmw\\\/sociale-coordinatie\\\/#breadcrumb\",\"itemListElement\":[{\"@type\":\"ListItem\",\"position\":1,\"name\":\"Accueil\",\"item\":\"https:\\\/\\\/cpasixelles.brussels\\\/nl\\\/\"},{\"@type\":\"ListItem\",\"position\":2,\"name\":\"Het OCMW\",\"item\":\"https:\\\/\\\/cpasixelles.brussels\\\/nl\\\/het-ocmw\\\/\"},{\"@type\":\"ListItem\",\"position\":3,\"name\":\"Sociale co\u00f6rdinatie\"}]},{\"@type\":\"WebSite\",\"@id\":\"https:\\\/\\\/cpasixelles.brussels\\\/#website\",\"url\":\"https:\\\/\\\/cpasixelles.brussels\\\/\",\"name\":\"CPAS d&#039;Ixelles\",\"description\":\"\",\"potentialAction\":[{\"@type\":\"SearchAction\",\"target\":{\"@type\":\"EntryPoint\",\"urlTemplate\":\"https:\\\/\\\/cpasixelles.brussels\\\/?s={search_term_string}\"},\"query-input\":{\"@type\":\"PropertyValueSpecification\",\"valueRequired\":true,\"valueName\":\"search_term_string\"}}],\"inLanguage\":\"nl-NL\"}]}<\/script>\n<!-- \/ Yoast SEO plugin. -->","yoast_head_json":{"title":"Sociale co\u00f6rdinatie - CPAS d&#039;Ixelles","robots":{"index":"index","follow":"follow","max-snippet":"max-snippet:-1","max-image-preview":"max-image-preview:large","max-video-preview":"max-video-preview:-1"},"canonical":"https:\/\/cpasixelles.brussels\/nl\/het-ocmw\/sociale-coordinatie\/","og_locale":"nl_NL","og_type":"article","og_title":"Sociale co\u00f6rdinatie - CPAS d&#039;Ixelles","og_description":"Het OCMW Sociale co\u00f6rdinatie &nbsp;Sociale co\u00f6rdinatie van Elsene Boondaalsesteenweg 92 - 1050 ElseneDe Sociale co\u00f6rdinatie van Elsene brengt verenigingen en diensten bijeen die aanvragen behandelen van psychologische, medische en sociale steun van Elsenaren. Zo dragen ze actief bij tot de bestrijding van alle vormen van uitsluiting en de bevordering van actief en verantwoordelijk burgerschap. De [&hellip;]","og_url":"https:\/\/cpasixelles.brussels\/nl\/het-ocmw\/sociale-coordinatie\/","og_site_name":"CPAS d&#039;Ixelles","article_modified_time":"2025-12-17T15:30:00+00:00","og_image":[{"width":1920,"height":1280,"url":"https:\/\/cpasixelles.brussels\/wp-content\/uploads\/2022\/02\/MicrosoftTeams-image-8.jpg","type":"image\/jpeg"}],"twitter_card":"summary_large_image","twitter_misc":{"Geschatte leestijd":"2 minuten"},"schema":{"@context":"https:\/\/schema.org","@graph":[{"@type":"WebPage","@id":"https:\/\/cpasixelles.brussels\/nl\/het-ocmw\/sociale-coordinatie\/","url":"https:\/\/cpasixelles.brussels\/nl\/het-ocmw\/sociale-coordinatie\/","name":"Sociale co\u00f6rdinatie - CPAS d&#039;Ixelles","isPartOf":{"@id":"https:\/\/cpasixelles.brussels\/#website"},"datePublished":"2025-12-17T15:29:53+00:00","dateModified":"2025-12-17T15:30:00+00:00","breadcrumb":{"@id":"https:\/\/cpasixelles.brussels\/nl\/het-ocmw\/sociale-coordinatie\/#breadcrumb"},"inLanguage":"nl-NL","potentialAction":[{"@type":"ReadAction","target":["https:\/\/cpasixelles.brussels\/nl\/het-ocmw\/sociale-coordinatie\/"]}]},{"@type":"BreadcrumbList","@id":"https:\/\/cpasixelles.brussels\/nl\/het-ocmw\/sociale-coordinatie\/#breadcrumb","itemListElement":[{"@type":"ListItem","position":1,"name":"Accueil","item":"https:\/\/cpasixelles.brussels\/nl\/"},{"@type":"ListItem","position":2,"name":"Het OCMW","item":"https:\/\/cpasixelles.brussels\/nl\/het-ocmw\/"},{"@type":"ListItem","position":3,"name":"Sociale co\u00f6rdinatie"}]},{"@type":"WebSite","@id":"https:\/\/cpasixelles.brussels\/#website","url":"https:\/\/cpasixelles.brussels\/","name":"CPAS d&#039;Ixelles","description":"","potentialAction":[{"@type":"SearchAction","target":{"@type":"EntryPoint","urlTemplate":"https:\/\/cpasixelles.brussels\/?s={search_term_string}"},"query-input":{"@type":"PropertyValueSpecification","valueRequired":true,"valueName":"search_term_string"}}],"inLanguage":"nl-NL"}]}},"_links":{"self":[{"href":"https:\/\/cpasixelles.brussels\/nl\/wp-json\/wp\/v2\/pages\/6975","targetHints":{"allow":["GET"]}}],"collection":[{"href":"https:\/\/cpasixelles.brussels\/nl\/wp-json\/wp\/v2\/pages"}],"about":[{"href":"https:\/\/cpasixelles.brussels\/nl\/wp-json\/wp\/v2\/types\/page"}],"author":[{"embeddable":true,"href":"https:\/\/cpasixelles.brussels\/nl\/wp-json\/wp\/v2\/users\/3"}],"replies":[{"embeddable":true,"href":"https:\/\/cpasixelles.brussels\/nl\/wp-json\/wp\/v2\/comments?post=6975"}],"version-history":[{"count":4,"href":"https:\/\/cpasixelles.brussels\/nl\/wp-json\/wp\/v2\/pages\/6975\/revisions"}],"predecessor-version":[{"id":8216,"href":"https:\/\/cpasixelles.brussels\/nl\/wp-json\/wp\/v2\/pages\/6975\/revisions\/8216"}],"up":[{"embeddable":true,"href":"https:\/\/cpasixelles.brussels\/nl\/wp-json\/wp\/v2\/pages\/3441"}],"wp:attachment":[{"href":"https:\/\/cpasixelles.brussels\/nl\/wp-json\/wp\/v2\/media?parent=6975"}],"curies":[{"name":"wp","href":"https:\/\/api.w.org\/{rel}","templated":true}]}}