{"id":5454,"date":"2023-05-15T11:22:56","date_gmt":"2023-05-15T09:22:56","guid":{"rendered":"https:\/\/cpasixelles.brussels\/?page_id=5454"},"modified":"2023-05-15T11:40:05","modified_gmt":"2023-05-15T09:40:05","slug":"rgpd-online-formulieren","status":"publish","type":"page","link":"https:\/\/cpasixelles.brussels\/nl\/rgpd-online-formulieren\/","title":{"rendered":"rgpd-online-formulieren"},"content":{"rendered":"<p>[et_pb_section fb_built=&#8221;1&#8243; admin_label=&#8221;section&#8221; _builder_version=&#8221;4.16&#8243; global_colors_info=&#8221;{}&#8221;][et_pb_row admin_label=&#8221;row&#8221; _builder_version=&#8221;4.16&#8243; background_size=&#8221;initial&#8221; background_position=&#8221;top_left&#8221; background_repeat=&#8221;repeat&#8221; global_colors_info=&#8221;{}&#8221;][et_pb_column type=&#8221;4_4&#8243; _builder_version=&#8221;4.16&#8243; custom_padding=&#8221;|||&#8221; global_colors_info=&#8221;{}&#8221; custom_padding__hover=&#8221;|||&#8221;][et_pb_text _builder_version=&#8221;4.20.4&#8243; _module_preset=&#8221;default&#8221; hover_enabled=&#8221;0&#8243; sticky_enabled=&#8221;0&#8243; disabled_on=&#8221;on|on|on&#8221; disabled=&#8221;on&#8221;]<\/p>\n<h2>Informations relatives \u00e0 l\u2019usage des donn\u00e9es r\u00e9colt\u00e9es dans le cadre des formulaires de demande en ligne:<\/h2>\n<p>[\/et_pb_text][et_pb_accordion _builder_version=&#8221;4.20.4&#8243; _module_preset=&#8221;default&#8221; global_colors_info=&#8221;{}&#8221;][et_pb_accordion_item title=&#8221;Door dit formulier in te vullen, geeft u de volgende gegevens door die door onze ambtenaren zullen worden verwerkt:&#8221; _builder_version=&#8221;4.20.4&#8243; _module_preset=&#8221;default&#8221; global_colors_info=&#8221;{}&#8221; open=&#8221;on&#8221;]<\/p>\n<ul>\n<li>Informatie met betrekking tot uw identiteit: naam, voornaam, rijksregisternummer, geslacht;<\/li>\n<li>Contactgegevens: adres, telefoonnummer, e-mailadres;<\/li>\n<li>Informatie over het gezin: gezinssamenstelling<\/li>\n<li>Financi\u00eble informatie: maandinkomen en sociale uitkeringen of kinderbijslag van de maand voorafgaand aan de aanvraag voor alle leden van het gezin (lonen, pensioenen, uitkeringen, huurinkomsten, alimentatie, kinderbijslag, vergoeding ziekenfonds, IGO, btw-aangifte van de maand of het kwartaal voorafgaand aan de aanvraag van een zelfstandige , enz.) evenals maandelijkse uitgaven van de leden van het gezin (huur en gebouwkosten, facturen, aflossingen van leningen, aflossingen volgens een betalingsregeling, verzekeringen, vervoer, belastingen, schoolkosten, medische kosten, abonnementen, enz.);<\/li>\n<li>Informatie inzake energie: gas- en elektriciteitsindexwaarden bijgewerkt op de datum van indiening van de aanvraag, evenals afrekeningen (elektriciteit en\/of gas) of onbetaalde gas-\/elektriciteitsrekeningen.<\/li>\n<\/ul>\n<p>[\/et_pb_accordion_item][et_pb_accordion_item title=&#8221;Deze gegevens zullen worden gebruikt in het kader van onze maatschappelijke missie. Ons Centrum gebruikt uw gegevens op basis van ten minste een van de volgende grondslagen, in overeenstemming met artikel 6 van de AVG:&#8221; _builder_version=&#8221;4.20.4&#8243; _module_preset=&#8221;default&#8221; global_colors_info=&#8221;{}&#8221; open=&#8221;off&#8221;]<\/p>\n<p>De verwerking voldoet aan de volgende wetgeving:<\/p>\n<ul>\n<li>de wet van 8 juli 1976 tot oprichting van de centra voor maatschappelijk welzijn;<\/li>\n<li>de wet van 4 september 2002 houdende toewijzing van een opdracht aan de openbare centra voor maatschappelijk welzijn inzake de begeleiding en de financi\u00eble maatschappelijke steunverlening aan de meest hulpbehoevenden inzake energielevering;<\/li>\n<li>het koninklijk besluit van 14 februari 2005 genomen ter uitvoering van de wet van 4 september 2002 houdende toewijzing van een opdracht aan de openbare centra voor maatschappelijk welzijn inzake de begeleiding en de financi\u00eble maatschappelijke steunverlening aan de meest hulpbehoevenden inzake energielevering;<\/li>\n<li>het koninklijk besluit van 26 december 2022 houdende dringende maatregelen inzake energiesteunen ter bestemming van de doelgroep van de openbare centra voor maatschappelijk welzijn voor het jaar 2022 en voor het jaar 2023.<\/li>\n<\/ul>\n<p>De verwerking wordt uitgevoerd in het kader van de tenuitvoerlegging van een opdracht van algemeen belang of vallend onder het openbaar gezag waarmee ons Centrum is belast.<\/p>\n<p>[\/et_pb_accordion_item][\/et_pb_accordion][\/et_pb_column][\/et_pb_row][\/et_pb_section]<\/p>\n","protected":false},"excerpt":{"rendered":"<p>Informations relatives \u00e0 l\u2019usage des donn\u00e9es r\u00e9colt\u00e9es dans le cadre des formulaires de demande en ligne: Informatie met betrekking tot uw identiteit: naam, voornaam, rijksregisternummer, geslacht; Contactgegevens: adres, telefoonnummer, e-mailadres; Informatie over het gezin: gezinssamenstelling Financi\u00eble informatie: maandinkomen en sociale uitkeringen of kinderbijslag van de maand voorafgaand aan de aanvraag voor alle leden van het [&hellip;]<\/p>\n","protected":false},"author":3,"featured_media":0,"parent":0,"menu_order":0,"comment_status":"closed","ping_status":"closed","template":"","meta":{"_et_pb_use_builder":"on","_et_pb_old_content":"","_et_gb_content_width":"","footnotes":""},"class_list":["post-5454","page","type-page","status-publish","hentry"],"yoast_head":"<!-- This site is optimized with the Yoast SEO plugin v27.5 - https:\/\/yoast.com\/product\/yoast-seo-wordpress\/ -->\n<title>rgpd-online-formulieren - CPAS d&#039;Ixelles<\/title>\n<meta name=\"robots\" content=\"index, follow, max-snippet:-1, max-image-preview:large, max-video-preview:-1\" \/>\n<link rel=\"canonical\" href=\"https:\/\/cpasixelles.brussels\/rgpd-formulaires-en-ligne\/\" \/>\n<meta property=\"og:locale\" content=\"nl_NL\" \/>\n<meta property=\"og:type\" content=\"article\" \/>\n<meta property=\"og:title\" content=\"rgpd-online-formulieren - CPAS d&#039;Ixelles\" \/>\n<meta property=\"og:description\" content=\"Informations relatives \u00e0 l\u2019usage des donn\u00e9es r\u00e9colt\u00e9es dans le cadre des formulaires de demande en ligne: Informatie met betrekking tot uw identiteit: naam, voornaam, rijksregisternummer, geslacht; Contactgegevens: adres, telefoonnummer, e-mailadres; Informatie over het gezin: gezinssamenstelling Financi\u00eble informatie: maandinkomen en sociale uitkeringen of kinderbijslag van de maand voorafgaand aan de aanvraag voor alle leden van het [&hellip;]\" \/>\n<meta property=\"og:url\" content=\"https:\/\/cpasixelles.brussels\/rgpd-formulaires-en-ligne\/\" \/>\n<meta property=\"og:site_name\" content=\"CPAS d&#039;Ixelles\" \/>\n<meta property=\"article:modified_time\" content=\"2023-05-15T09:40:05+00:00\" \/>\n<meta property=\"og:image\" content=\"https:\/\/cpasixelles.brussels\/wp-content\/uploads\/2022\/02\/MicrosoftTeams-image-8.jpg\" \/>\n\t<meta property=\"og:image:width\" content=\"1920\" \/>\n\t<meta property=\"og:image:height\" content=\"1280\" \/>\n\t<meta property=\"og:image:type\" content=\"image\/jpeg\" \/>\n<meta name=\"twitter:card\" content=\"summary_large_image\" \/>\n<meta name=\"twitter:label1\" content=\"Geschatte leestijd\" \/>\n\t<meta name=\"twitter:data1\" content=\"1 minuut\" \/>\n<script type=\"application\/ld+json\" class=\"yoast-schema-graph\">{\"@context\":\"https:\\\/\\\/schema.org\",\"@graph\":[{\"@type\":\"WebPage\",\"@id\":\"https:\\\/\\\/cpasixelles.brussels\\\/rgpd-formulaires-en-ligne\\\/\",\"url\":\"https:\\\/\\\/cpasixelles.brussels\\\/rgpd-formulaires-en-ligne\\\/\",\"name\":\"rgpd-online-formulieren - CPAS d&#039;Ixelles\",\"isPartOf\":{\"@id\":\"https:\\\/\\\/cpasixelles.brussels\\\/#website\"},\"datePublished\":\"2023-05-15T09:22:56+00:00\",\"dateModified\":\"2023-05-15T09:40:05+00:00\",\"breadcrumb\":{\"@id\":\"https:\\\/\\\/cpasixelles.brussels\\\/rgpd-formulaires-en-ligne\\\/#breadcrumb\"},\"inLanguage\":\"nl-NL\",\"potentialAction\":[{\"@type\":\"ReadAction\",\"target\":[\"https:\\\/\\\/cpasixelles.brussels\\\/rgpd-formulaires-en-ligne\\\/\"]}]},{\"@type\":\"BreadcrumbList\",\"@id\":\"https:\\\/\\\/cpasixelles.brussels\\\/rgpd-formulaires-en-ligne\\\/#breadcrumb\",\"itemListElement\":[{\"@type\":\"ListItem\",\"position\":1,\"name\":\"Accueil\",\"item\":\"https:\\\/\\\/cpasixelles.brussels\\\/nl\\\/\"},{\"@type\":\"ListItem\",\"position\":2,\"name\":\"rgpd-online-formulieren\"}]},{\"@type\":\"WebSite\",\"@id\":\"https:\\\/\\\/cpasixelles.brussels\\\/#website\",\"url\":\"https:\\\/\\\/cpasixelles.brussels\\\/\",\"name\":\"CPAS d&#039;Ixelles\",\"description\":\"\",\"potentialAction\":[{\"@type\":\"SearchAction\",\"target\":{\"@type\":\"EntryPoint\",\"urlTemplate\":\"https:\\\/\\\/cpasixelles.brussels\\\/?s={search_term_string}\"},\"query-input\":{\"@type\":\"PropertyValueSpecification\",\"valueRequired\":true,\"valueName\":\"search_term_string\"}}],\"inLanguage\":\"nl-NL\"}]}<\/script>\n<!-- \/ Yoast SEO plugin. -->","yoast_head_json":{"title":"rgpd-online-formulieren - CPAS d&#039;Ixelles","robots":{"index":"index","follow":"follow","max-snippet":"max-snippet:-1","max-image-preview":"max-image-preview:large","max-video-preview":"max-video-preview:-1"},"canonical":"https:\/\/cpasixelles.brussels\/rgpd-formulaires-en-ligne\/","og_locale":"nl_NL","og_type":"article","og_title":"rgpd-online-formulieren - CPAS d&#039;Ixelles","og_description":"Informations relatives \u00e0 l\u2019usage des donn\u00e9es r\u00e9colt\u00e9es dans le cadre des formulaires de demande en ligne: Informatie met betrekking tot uw identiteit: naam, voornaam, rijksregisternummer, geslacht; Contactgegevens: adres, telefoonnummer, e-mailadres; Informatie over het gezin: gezinssamenstelling Financi\u00eble informatie: maandinkomen en sociale uitkeringen of kinderbijslag van de maand voorafgaand aan de aanvraag voor alle leden van het [&hellip;]","og_url":"https:\/\/cpasixelles.brussels\/rgpd-formulaires-en-ligne\/","og_site_name":"CPAS d&#039;Ixelles","article_modified_time":"2023-05-15T09:40:05+00:00","og_image":[{"width":1920,"height":1280,"url":"https:\/\/cpasixelles.brussels\/wp-content\/uploads\/2022\/02\/MicrosoftTeams-image-8.jpg","type":"image\/jpeg"}],"twitter_card":"summary_large_image","twitter_misc":{"Geschatte leestijd":"1 minuut"},"schema":{"@context":"https:\/\/schema.org","@graph":[{"@type":"WebPage","@id":"https:\/\/cpasixelles.brussels\/rgpd-formulaires-en-ligne\/","url":"https:\/\/cpasixelles.brussels\/rgpd-formulaires-en-ligne\/","name":"rgpd-online-formulieren - CPAS d&#039;Ixelles","isPartOf":{"@id":"https:\/\/cpasixelles.brussels\/#website"},"datePublished":"2023-05-15T09:22:56+00:00","dateModified":"2023-05-15T09:40:05+00:00","breadcrumb":{"@id":"https:\/\/cpasixelles.brussels\/rgpd-formulaires-en-ligne\/#breadcrumb"},"inLanguage":"nl-NL","potentialAction":[{"@type":"ReadAction","target":["https:\/\/cpasixelles.brussels\/rgpd-formulaires-en-ligne\/"]}]},{"@type":"BreadcrumbList","@id":"https:\/\/cpasixelles.brussels\/rgpd-formulaires-en-ligne\/#breadcrumb","itemListElement":[{"@type":"ListItem","position":1,"name":"Accueil","item":"https:\/\/cpasixelles.brussels\/nl\/"},{"@type":"ListItem","position":2,"name":"rgpd-online-formulieren"}]},{"@type":"WebSite","@id":"https:\/\/cpasixelles.brussels\/#website","url":"https:\/\/cpasixelles.brussels\/","name":"CPAS d&#039;Ixelles","description":"","potentialAction":[{"@type":"SearchAction","target":{"@type":"EntryPoint","urlTemplate":"https:\/\/cpasixelles.brussels\/?s={search_term_string}"},"query-input":{"@type":"PropertyValueSpecification","valueRequired":true,"valueName":"search_term_string"}}],"inLanguage":"nl-NL"}]}},"_links":{"self":[{"href":"https:\/\/cpasixelles.brussels\/nl\/wp-json\/wp\/v2\/pages\/5454","targetHints":{"allow":["GET"]}}],"collection":[{"href":"https:\/\/cpasixelles.brussels\/nl\/wp-json\/wp\/v2\/pages"}],"about":[{"href":"https:\/\/cpasixelles.brussels\/nl\/wp-json\/wp\/v2\/types\/page"}],"author":[{"embeddable":true,"href":"https:\/\/cpasixelles.brussels\/nl\/wp-json\/wp\/v2\/users\/3"}],"replies":[{"embeddable":true,"href":"https:\/\/cpasixelles.brussels\/nl\/wp-json\/wp\/v2\/comments?post=5454"}],"version-history":[{"count":4,"href":"https:\/\/cpasixelles.brussels\/nl\/wp-json\/wp\/v2\/pages\/5454\/revisions"}],"predecessor-version":[{"id":5459,"href":"https:\/\/cpasixelles.brussels\/nl\/wp-json\/wp\/v2\/pages\/5454\/revisions\/5459"}],"wp:attachment":[{"href":"https:\/\/cpasixelles.brussels\/nl\/wp-json\/wp\/v2\/media?parent=5454"}],"curies":[{"name":"wp","href":"https:\/\/api.w.org\/{rel}","templated":true}]}}