{"id":3371,"date":"2021-12-30T21:12:14","date_gmt":"2021-12-30T20:12:14","guid":{"rendered":"https:\/\/cpasixelles.brussels\/soorten-hulp\/emploi-et-formation\/"},"modified":"2023-11-15T15:49:12","modified_gmt":"2023-11-15T14:49:12","slug":"werk-en-opleidingen","status":"publish","type":"page","link":"https:\/\/cpasixelles.brussels\/nl\/soorten-hulp\/werk-en-opleidingen\/","title":{"rendered":"Werk en opleidingen"},"content":{"rendered":"<p>[et_pb_section fb_built=&#8221;1&#8243; module_class=&#8221;header-intern seniors&#8221; _builder_version=&#8221;4.16&#8243; _module_preset=&#8221;default&#8221; background_color=&#8221;gcid-7d3e670f-2994-4496-b95f-1f022124e031&#8243; custom_padding=&#8221;50px||50px||true|false&#8221; global_colors_info=&#8221;{%22gcid-7d3e670f-2994-4496-b95f-1f022124e031%22:%91%22background_color%22%93}&#8221;][et_pb_row column_structure=&#8221;1_4,3_4&#8243; module_class=&#8221;flex-zone&#8221; _builder_version=&#8221;4.16&#8243; _module_preset=&#8221;default&#8221; custom_padding=&#8221;0px||0px||true|false&#8221; global_colors_info=&#8221;{}&#8221;][et_pb_column type=&#8221;1_4&#8243; _builder_version=&#8221;4.16&#8243; _module_preset=&#8221;default&#8221; global_colors_info=&#8221;{}&#8221;][et_pb_image src=&#8221;https:\/\/cpasixelles.brussels\/wp-content\/uploads\/2022\/01\/CPAS_emploi_450_450.jpg&#8221; alt=&#8221;Aide \u00e0 domicile&#8221; title_text=&#8221;CPAS_emploi_450_450&#8243; _builder_version=&#8221;4.16&#8243; _module_preset=&#8221;default&#8221; animation_style=&#8221;slide&#8221; animation_direction=&#8221;left&#8221; animation_intensity_slide=&#8221;5%&#8221; global_colors_info=&#8221;{}&#8221;][\/et_pb_image][\/et_pb_column][et_pb_column type=&#8221;3_4&#8243; _builder_version=&#8221;4.16&#8243; _module_preset=&#8221;default&#8221; global_colors_info=&#8221;{}&#8221;][et_pb_text _builder_version=&#8221;4.16&#8243; _module_preset=&#8221;default&#8221; custom_padding=&#8221;||1px|||&#8221; animation_style=&#8221;slide&#8221; animation_direction=&#8221;right&#8221; animation_intensity_slide=&#8221;5%&#8221; global_colors_info=&#8221;{}&#8221;]<\/p>\n<h2>Werk en opleidingen<\/h2>\n<h1>Zoekt u werk of een opleiding?<\/h1>\n<p>Bent u ingeschreven bij het OCMW en wilt u uw kansen op de arbeidsmarkt maximaliseren? De tewerkstellingsdienst en de socioprofessionele inschakelingsdienst helpen u op weg naar een opleiding of job.<\/p>\n<p>[\/et_pb_text][\/et_pb_column][\/et_pb_row][\/et_pb_section][et_pb_section fb_built=&#8221;1&#8243; specialty=&#8221;on&#8221; padding_top_1=&#8221;25px&#8221; padding_bottom_1=&#8221;25px&#8221; padding_top_bottom_link_1=&#8221;true&#8221; padding_top_bottom_link_2=&#8221;true&#8221; padding_left_right_link_1=&#8221;false&#8221; padding_left_right_link_2=&#8221;false&#8221; module_class_2=&#8221;content&#8221; module_class=&#8221;page-left-widget aides&#8221; _builder_version=&#8221;4.16&#8243; _module_preset=&#8221;default&#8221; custom_padding=&#8221;50px||50px||true|false&#8221; global_colors_info=&#8221;{}&#8221;][et_pb_column type=&#8221;1_4&#8243; _builder_version=&#8221;4.16&#8243; custom_padding=&#8221;|||&#8221; global_colors_info=&#8221;{}&#8221; custom_padding__hover=&#8221;|||&#8221;][et_pb_sidebar area=&#8221;et_pb_widget_area_2&#8243; _builder_version=&#8221;4.16&#8243; _module_preset=&#8221;default&#8221; animation_style=&#8221;slide&#8221; animation_direction=&#8221;bottom&#8221; animation_intensity_slide=&#8221;5%&#8221; global_colors_info=&#8221;{}&#8221;][\/et_pb_sidebar][\/et_pb_column][et_pb_column type=&#8221;3_4&#8243; specialty_columns=&#8221;3&#8243; _builder_version=&#8221;4.16&#8243; custom_padding=&#8221;|||&#8221; global_colors_info=&#8221;{}&#8221; custom_padding__hover=&#8221;|||&#8221;][et_pb_row_inner _builder_version=&#8221;4.16&#8243; _module_preset=&#8221;default&#8221; custom_padding=&#8221;25px||25px||true|false&#8221; animation_style=&#8221;slide&#8221; animation_direction=&#8221;bottom&#8221; animation_intensity_slide=&#8221;5%&#8221; global_colors_info=&#8221;{}&#8221;][et_pb_column_inner saved_specialty_column_type=&#8221;3_4&#8243; _builder_version=&#8221;4.16&#8243; _module_preset=&#8221;default&#8221; global_colors_info=&#8221;{}&#8221;][et_pb_text _builder_version=&#8221;4.16&#8243; _module_preset=&#8221;default&#8221; header_3_font=&#8221;|700||on|||||&#8221; header_3_text_color=&#8221;gcid-7d3e670f-2994-4496-b95f-1f022124e031&#8243; global_colors_info=&#8221;{%22gcid-7d3e670f-2994-4496-b95f-1f022124e031%22:%91%22header_3_text_color%22%93}&#8221;]<\/p>\n<h3>Zoekt u werk of een opleiding?<\/h3>\n<p>De tewerkstellingsdienst is de socioprofessionele inschakelingsdienst van het OCMW van Elsene.<\/p>\n<p>U gaat er begeleid worden doorheen uw volledige socioprofessionele inschakelingstraject.<\/p>\n<p>Onze doelstelling? U instrumenten en (technische &#8211; en gedragsvaardigheden) bieden om u optimaal, zo snel mogelijk en duurzaam in te schakelen op de arbeidsmarkt. Zo vindt u de weg naar financi\u00eble autonomie en sociale emancipatie.<\/p>\n<p>[\/et_pb_text][et_pb_text _builder_version=&#8221;4.16&#8243; _module_preset=&#8221;default&#8221; header_3_font=&#8221;|700||on|||||&#8221; header_3_text_color=&#8221;gcid-7d3e670f-2994-4496-b95f-1f022124e031&#8243; global_colors_info=&#8221;{%22gcid-7d3e670f-2994-4496-b95f-1f022124e031%22:%91%22header_3_text_color%22%93}&#8221;]<\/p>\n<h3>De tewerkstellingsdienst volgt u op<\/h3>\n<p>Een inschakelingsmedewerker gaat u opvolgen bij uw zoektocht naar werk. Hij of zij gaat u begeleiden en ondersteunen bij de opstelling en uitvoering van uw professioneel project. Daarnaast houdt hij rekening met uw kwalificaties, vaardigheden en ambities.<\/p>\n<p>Als uw inschakelingsmedewerker dat nodig vindt, begeleidt hij of haar u naar een begeleider, om uw profiel te analyseren en inschakelingsjobs aan te bieden (artikel 60\u00a77) bij het OCMW van Elsene of externe partners. Met zo&#8217;n contract van bepaalde duur kunt u actuele beroepservaring opdoen, een opleiding genieten en uw rechten openen op een werkloosheidsuitkering.<\/p>\n<p>[\/et_pb_text][et_pb_text _builder_version=&#8221;4.16&#8243; _module_preset=&#8221;default&#8221; header_3_font=&#8221;|700||on|||||&#8221; header_3_text_color=&#8221;gcid-7d3e670f-2994-4496-b95f-1f022124e031&#8243; global_colors_info=&#8221;{%22gcid-7d3e670f-2994-4496-b95f-1f022124e031%22:%91%22header_3_text_color%22%93}&#8221;]<\/p>\n<h3>Wilt u een van onze partners worden?<\/h3>\n<p>Als u een instelling bent die een inschakelingsjob wil cre\u00ebren en meer mensen ervaring wil laten opdoen op het terrein, kan onze partnerschapsbeheerder u uitleggen welk samenwerkingsverband mogelijk is.<\/p>\n<p>[\/et_pb_text][et_pb_text module_class=&#8221;btn-text-shape-bordeaux&#8221; _builder_version=&#8221;4.16&#8243; _module_preset=&#8221;default&#8221; text_orientation=&#8221;center&#8221; global_colors_info=&#8221;{}&#8221;]<a href=\"https:\/\/cpasixelles.brussels\/horaire-cap-emploi\/\"><span style=\"color: #ffffff;\">Neem contact op<\/span><\/a>[\/et_pb_text][\/et_pb_column_inner][\/et_pb_row_inner][et_pb_row_inner _builder_version=&#8221;4.23.1&#8243; _module_preset=&#8221;default&#8221; global_colors_info=&#8221;{}&#8221;][et_pb_column_inner saved_specialty_column_type=&#8221;3_4&#8243; _builder_version=&#8221;4.23.1&#8243; _module_preset=&#8221;default&#8221; global_colors_info=&#8221;{}&#8221;][et_pb_divider _builder_version=&#8221;4.23.1&#8243; _module_preset=&#8221;default&#8221; global_colors_info=&#8221;{}&#8221;][\/et_pb_divider][\/et_pb_column_inner][\/et_pb_row_inner][et_pb_row_inner column_structure=&#8221;1_2,1_2&#8243; _builder_version=&#8221;4.23.1&#8243; _module_preset=&#8221;default&#8221; global_colors_info=&#8221;{}&#8221;][et_pb_column_inner type=&#8221;1_2&#8243; saved_specialty_column_type=&#8221;3_4&#8243; _builder_version=&#8221;4.23.1&#8243; _module_preset=&#8221;default&#8221; global_colors_info=&#8221;{}&#8221;][et_pb_image src=&#8221;https:\/\/cpasixelles.brussels\/wp-content\/uploads\/2023\/11\/actiris_logo_2_st_cmyk.jpg&#8221; title_text=&#8221;Impression&#8221; _builder_version=&#8221;4.23.1&#8243; _module_preset=&#8221;default&#8221; width=&#8221;45%&#8221; max_width=&#8221;45%&#8221; hover_enabled=&#8221;0&#8243; global_colors_info=&#8221;{}&#8221; sticky_enabled=&#8221;0&#8243;][\/et_pb_image][\/et_pb_column_inner][et_pb_column_inner type=&#8221;1_2&#8243; saved_specialty_column_type=&#8221;3_4&#8243; _builder_version=&#8221;4.23.1&#8243; _module_preset=&#8221;default&#8221; global_colors_info=&#8221;{}&#8221;][et_pb_image src=&#8221;https:\/\/cpasixelles.brussels\/wp-content\/uploads\/2023\/11\/logo-FSE.png&#8221; title_text=&#8221;logo FSE&#8221; _builder_version=&#8221;4.23.1&#8243; _module_preset=&#8221;default&#8221; width=&#8221;60%&#8221; max_width=&#8221;60%&#8221; hover_enabled=&#8221;0&#8243; global_colors_info=&#8221;{}&#8221; sticky_enabled=&#8221;0&#8243;][\/et_pb_image][\/et_pb_column_inner][\/et_pb_row_inner][\/et_pb_column][\/et_pb_section]<\/p>\n","protected":false},"excerpt":{"rendered":"<p>Werk en opleidingen Zoekt u werk of een opleiding? Bent u ingeschreven bij het OCMW en wilt u uw kansen op de arbeidsmarkt maximaliseren? De tewerkstellingsdienst en de socioprofessionele inschakelingsdienst helpen u op weg naar een opleiding of job.Zoekt u werk of een opleiding? De tewerkstellingsdienst is de socioprofessionele inschakelingsdienst van het OCMW van Elsene. [&hellip;]<\/p>\n","protected":false},"author":1,"featured_media":0,"parent":3336,"menu_order":0,"comment_status":"closed","ping_status":"closed","template":"","meta":{"_et_pb_use_builder":"on","_et_pb_old_content":"","_et_gb_content_width":"","footnotes":""},"class_list":["post-3371","page","type-page","status-publish","hentry"],"yoast_head":"<!-- This site is optimized with the Yoast SEO plugin v27.3 - https:\/\/yoast.com\/product\/yoast-seo-wordpress\/ -->\n<title>Werk en opleidingen - CPAS d&#039;Ixelles<\/title>\n<meta name=\"description\" content=\"Sa mission est de vous apporter tout le soutien n\u00e9cessaire en vue de vous r\u00e9int\u00e9grer sur le march\u00e9 de l&#039;emploi dans les meilleures conditions.\" \/>\n<meta name=\"robots\" content=\"index, follow, max-snippet:-1, max-image-preview:large, max-video-preview:-1\" \/>\n<link rel=\"canonical\" href=\"https:\/\/cpasixelles.brussels\/nl\/soorten-hulp\/werk-en-opleidingen\/\" \/>\n<meta property=\"og:locale\" content=\"nl_NL\" \/>\n<meta property=\"og:type\" content=\"article\" \/>\n<meta property=\"og:title\" content=\"Werk en opleidingen - CPAS d&#039;Ixelles\" \/>\n<meta property=\"og:description\" content=\"Sa mission est de vous apporter tout le soutien n\u00e9cessaire en vue de vous r\u00e9int\u00e9grer sur le march\u00e9 de l&#039;emploi dans les meilleures conditions.\" \/>\n<meta property=\"og:url\" content=\"https:\/\/cpasixelles.brussels\/nl\/soorten-hulp\/werk-en-opleidingen\/\" \/>\n<meta property=\"og:site_name\" content=\"CPAS d&#039;Ixelles\" \/>\n<meta property=\"article:modified_time\" content=\"2023-11-15T14:49:12+00:00\" \/>\n<meta property=\"og:image\" content=\"https:\/\/cpasixelles.brussels\/wp-content\/uploads\/2022\/02\/MicrosoftTeams-image-8.jpg\" \/>\n\t<meta property=\"og:image:width\" content=\"1920\" \/>\n\t<meta property=\"og:image:height\" content=\"1280\" \/>\n\t<meta property=\"og:image:type\" content=\"image\/jpeg\" \/>\n<meta name=\"twitter:card\" content=\"summary_large_image\" \/>\n<meta name=\"twitter:label1\" content=\"Geschatte leestijd\" \/>\n\t<meta name=\"twitter:data1\" content=\"4 minuten\" \/>\n<script type=\"application\/ld+json\" class=\"yoast-schema-graph\">{\"@context\":\"https:\\\/\\\/schema.org\",\"@graph\":[{\"@type\":\"WebPage\",\"@id\":\"https:\\\/\\\/cpasixelles.brussels\\\/nl\\\/soorten-hulp\\\/werk-en-opleidingen\\\/\",\"url\":\"https:\\\/\\\/cpasixelles.brussels\\\/nl\\\/soorten-hulp\\\/werk-en-opleidingen\\\/\",\"name\":\"Werk en opleidingen - CPAS d&#039;Ixelles\",\"isPartOf\":{\"@id\":\"https:\\\/\\\/cpasixelles.brussels\\\/#website\"},\"datePublished\":\"2021-12-30T20:12:14+00:00\",\"dateModified\":\"2023-11-15T14:49:12+00:00\",\"description\":\"Sa mission est de vous apporter tout le soutien n\u00e9cessaire en vue de vous r\u00e9int\u00e9grer sur le march\u00e9 de l'emploi dans les meilleures conditions.\",\"breadcrumb\":{\"@id\":\"https:\\\/\\\/cpasixelles.brussels\\\/nl\\\/soorten-hulp\\\/werk-en-opleidingen\\\/#breadcrumb\"},\"inLanguage\":\"nl-NL\",\"potentialAction\":[{\"@type\":\"ReadAction\",\"target\":[\"https:\\\/\\\/cpasixelles.brussels\\\/nl\\\/soorten-hulp\\\/werk-en-opleidingen\\\/\"]}]},{\"@type\":\"BreadcrumbList\",\"@id\":\"https:\\\/\\\/cpasixelles.brussels\\\/nl\\\/soorten-hulp\\\/werk-en-opleidingen\\\/#breadcrumb\",\"itemListElement\":[{\"@type\":\"ListItem\",\"position\":1,\"name\":\"Accueil\",\"item\":\"https:\\\/\\\/cpasixelles.brussels\\\/nl\\\/\"},{\"@type\":\"ListItem\",\"position\":2,\"name\":\"Soorten hulp\",\"item\":\"https:\\\/\\\/cpasixelles.brussels\\\/nl\\\/soorten-hulp\\\/\"},{\"@type\":\"ListItem\",\"position\":3,\"name\":\"Werk en opleidingen\"}]},{\"@type\":\"WebSite\",\"@id\":\"https:\\\/\\\/cpasixelles.brussels\\\/#website\",\"url\":\"https:\\\/\\\/cpasixelles.brussels\\\/\",\"name\":\"CPAS d&#039;Ixelles\",\"description\":\"\",\"potentialAction\":[{\"@type\":\"SearchAction\",\"target\":{\"@type\":\"EntryPoint\",\"urlTemplate\":\"https:\\\/\\\/cpasixelles.brussels\\\/?s={search_term_string}\"},\"query-input\":{\"@type\":\"PropertyValueSpecification\",\"valueRequired\":true,\"valueName\":\"search_term_string\"}}],\"inLanguage\":\"nl-NL\"}]}<\/script>\n<!-- \/ Yoast SEO plugin. -->","yoast_head_json":{"title":"Werk en opleidingen - CPAS d&#039;Ixelles","description":"Sa mission est de vous apporter tout le soutien n\u00e9cessaire en vue de vous r\u00e9int\u00e9grer sur le march\u00e9 de l'emploi dans les meilleures conditions.","robots":{"index":"index","follow":"follow","max-snippet":"max-snippet:-1","max-image-preview":"max-image-preview:large","max-video-preview":"max-video-preview:-1"},"canonical":"https:\/\/cpasixelles.brussels\/nl\/soorten-hulp\/werk-en-opleidingen\/","og_locale":"nl_NL","og_type":"article","og_title":"Werk en opleidingen - CPAS d&#039;Ixelles","og_description":"Sa mission est de vous apporter tout le soutien n\u00e9cessaire en vue de vous r\u00e9int\u00e9grer sur le march\u00e9 de l'emploi dans les meilleures conditions.","og_url":"https:\/\/cpasixelles.brussels\/nl\/soorten-hulp\/werk-en-opleidingen\/","og_site_name":"CPAS d&#039;Ixelles","article_modified_time":"2023-11-15T14:49:12+00:00","og_image":[{"width":1920,"height":1280,"url":"https:\/\/cpasixelles.brussels\/wp-content\/uploads\/2022\/02\/MicrosoftTeams-image-8.jpg","type":"image\/jpeg"}],"twitter_card":"summary_large_image","twitter_misc":{"Geschatte leestijd":"4 minuten"},"schema":{"@context":"https:\/\/schema.org","@graph":[{"@type":"WebPage","@id":"https:\/\/cpasixelles.brussels\/nl\/soorten-hulp\/werk-en-opleidingen\/","url":"https:\/\/cpasixelles.brussels\/nl\/soorten-hulp\/werk-en-opleidingen\/","name":"Werk en opleidingen - CPAS d&#039;Ixelles","isPartOf":{"@id":"https:\/\/cpasixelles.brussels\/#website"},"datePublished":"2021-12-30T20:12:14+00:00","dateModified":"2023-11-15T14:49:12+00:00","description":"Sa mission est de vous apporter tout le soutien n\u00e9cessaire en vue de vous r\u00e9int\u00e9grer sur le march\u00e9 de l'emploi dans les meilleures conditions.","breadcrumb":{"@id":"https:\/\/cpasixelles.brussels\/nl\/soorten-hulp\/werk-en-opleidingen\/#breadcrumb"},"inLanguage":"nl-NL","potentialAction":[{"@type":"ReadAction","target":["https:\/\/cpasixelles.brussels\/nl\/soorten-hulp\/werk-en-opleidingen\/"]}]},{"@type":"BreadcrumbList","@id":"https:\/\/cpasixelles.brussels\/nl\/soorten-hulp\/werk-en-opleidingen\/#breadcrumb","itemListElement":[{"@type":"ListItem","position":1,"name":"Accueil","item":"https:\/\/cpasixelles.brussels\/nl\/"},{"@type":"ListItem","position":2,"name":"Soorten hulp","item":"https:\/\/cpasixelles.brussels\/nl\/soorten-hulp\/"},{"@type":"ListItem","position":3,"name":"Werk en opleidingen"}]},{"@type":"WebSite","@id":"https:\/\/cpasixelles.brussels\/#website","url":"https:\/\/cpasixelles.brussels\/","name":"CPAS d&#039;Ixelles","description":"","potentialAction":[{"@type":"SearchAction","target":{"@type":"EntryPoint","urlTemplate":"https:\/\/cpasixelles.brussels\/?s={search_term_string}"},"query-input":{"@type":"PropertyValueSpecification","valueRequired":true,"valueName":"search_term_string"}}],"inLanguage":"nl-NL"}]}},"_links":{"self":[{"href":"https:\/\/cpasixelles.brussels\/nl\/wp-json\/wp\/v2\/pages\/3371","targetHints":{"allow":["GET"]}}],"collection":[{"href":"https:\/\/cpasixelles.brussels\/nl\/wp-json\/wp\/v2\/pages"}],"about":[{"href":"https:\/\/cpasixelles.brussels\/nl\/wp-json\/wp\/v2\/types\/page"}],"author":[{"embeddable":true,"href":"https:\/\/cpasixelles.brussels\/nl\/wp-json\/wp\/v2\/users\/1"}],"replies":[{"embeddable":true,"href":"https:\/\/cpasixelles.brussels\/nl\/wp-json\/wp\/v2\/comments?post=3371"}],"version-history":[{"count":12,"href":"https:\/\/cpasixelles.brussels\/nl\/wp-json\/wp\/v2\/pages\/3371\/revisions"}],"predecessor-version":[{"id":6118,"href":"https:\/\/cpasixelles.brussels\/nl\/wp-json\/wp\/v2\/pages\/3371\/revisions\/6118"}],"up":[{"embeddable":true,"href":"https:\/\/cpasixelles.brussels\/nl\/wp-json\/wp\/v2\/pages\/3336"}],"wp:attachment":[{"href":"https:\/\/cpasixelles.brussels\/nl\/wp-json\/wp\/v2\/media?parent=3371"}],"curies":[{"name":"wp","href":"https:\/\/api.w.org\/{rel}","templated":true}]}}