{"id":3358,"date":"2021-12-27T18:18:09","date_gmt":"2021-12-27T17:18:09","guid":{"rendered":"https:\/\/cpasixelles.brussels\/soorten-hulp\/culture\/"},"modified":"2025-12-19T11:58:14","modified_gmt":"2025-12-19T10:58:14","slug":"cultuur-sport-vrije-tijd","status":"publish","type":"page","link":"https:\/\/cpasixelles.brussels\/nl\/soorten-hulp\/cultuur-sport-vrije-tijd\/","title":{"rendered":"Cultuur, sport &#038; vrije tijd"},"content":{"rendered":"<p>[et_pb_section fb_built=&#8221;1&#8243; module_class=&#8221;header-intern aides&#8221; _builder_version=&#8221;4.16&#8243; _module_preset=&#8221;default&#8221; background_color=&#8221;gcid-7d3e670f-2994-4496-b95f-1f022124e031&#8243; custom_padding=&#8221;50px||50px||true|false&#8221; global_colors_info=&#8221;{%22gcid-7d3e670f-2994-4496-b95f-1f022124e031%22:%91%22background_color%22%93}&#8221;][et_pb_row column_structure=&#8221;1_4,3_4&#8243; module_class=&#8221;flex-zone&#8221; _builder_version=&#8221;4.16&#8243; _module_preset=&#8221;default&#8221; custom_padding=&#8221;0px||0px||true|false&#8221; global_colors_info=&#8221;{}&#8221;][et_pb_column type=&#8221;1_4&#8243; _builder_version=&#8221;4.16&#8243; _module_preset=&#8221;default&#8221; global_colors_info=&#8221;{}&#8221;][et_pb_image src=&#8221;https:\/\/cpasixelles.brussels\/wp-content\/uploads\/2022\/01\/Webp.net-resizeimage-8-1.jpg&#8221; alt=&#8221;Aide \u00e0 domicile&#8221; title_text=&#8221;Webp.net-resizeimage (8) (1)&#8221; _builder_version=&#8221;4.16&#8243; _module_preset=&#8221;default&#8221; animation_style=&#8221;slide&#8221; animation_direction=&#8221;left&#8221; animation_intensity_slide=&#8221;5%&#8221; global_colors_info=&#8221;{}&#8221;][\/et_pb_image][\/et_pb_column][et_pb_column type=&#8221;3_4&#8243; _builder_version=&#8221;4.16&#8243; _module_preset=&#8221;default&#8221; global_colors_info=&#8221;{}&#8221;][et_pb_text _builder_version=&#8221;4.16&#8243; _module_preset=&#8221;default&#8221; custom_padding=&#8221;||1px|||&#8221; animation_style=&#8221;slide&#8221; animation_direction=&#8221;right&#8221; animation_intensity_slide=&#8221;5%&#8221; global_colors_info=&#8221;{}&#8221;]<\/p>\n<h2>Cultuur, sport &amp; vrije tijd<\/h2>\n<h1>Zin om er even uit te zijn?<\/h1>\n<blockquote>\n<p><em><span>Een ieder heeft het recht vrij deel te nemen aan het cultureel leven van de gemeenschap, te genieten van de kunsten en deel te hebben aan de wetenschappelijke vooruitgang en aan de weldaden die er uit voortvloeien.<\/span><br \/><\/em><\/p>\n<\/blockquote>\n<p>Artikel 27 van de Universele Verklaring van de Rechten van de Mens<\/p>\n<p>[\/et_pb_text][\/et_pb_column][\/et_pb_row][\/et_pb_section][et_pb_section fb_built=&#8221;1&#8243; specialty=&#8221;on&#8221; padding_top_1=&#8221;25px&#8221; padding_bottom_1=&#8221;25px&#8221; padding_top_bottom_link_1=&#8221;true&#8221; padding_top_bottom_link_2=&#8221;true&#8221; padding_left_right_link_1=&#8221;false&#8221; padding_left_right_link_2=&#8221;false&#8221; module_class_2=&#8221;content&#8221; module_class=&#8221;page-left-widget aides&#8221; _builder_version=&#8221;4.16&#8243; _module_preset=&#8221;default&#8221; custom_padding=&#8221;48px||48px||true|false&#8221; global_colors_info=&#8221;{}&#8221;][et_pb_column type=&#8221;1_4&#8243; _builder_version=&#8221;4.16&#8243; custom_padding=&#8221;|||&#8221; global_colors_info=&#8221;{}&#8221; custom_padding__hover=&#8221;|||&#8221;][et_pb_sidebar area=&#8221;et_pb_widget_area_2&#8243; _builder_version=&#8221;4.16&#8243; _module_preset=&#8221;default&#8221; animation_style=&#8221;slide&#8221; animation_direction=&#8221;bottom&#8221; animation_intensity_slide=&#8221;5%&#8221; global_colors_info=&#8221;{}&#8221;][\/et_pb_sidebar][et_pb_text disabled_on=&#8221;on|on|on&#8221; module_class=&#8221;info-cadre&#8221; _builder_version=&#8221;4.16&#8243; _module_preset=&#8221;default&#8221; header_text_color=&#8221;#FFFFFF&#8221; header_3_font=&#8221;||||||||&#8221; background_enable_color=&#8221;off&#8221; custom_padding=&#8221;||||false|false&#8221; custom_padding_tablet=&#8221;||||true|false&#8221; custom_padding_phone=&#8221;||||true|false&#8221; custom_padding_last_edited=&#8221;off|desktop&#8221; disabled=&#8221;on&#8221; saved_tabs=&#8221;all&#8221; global_colors_info=&#8221;{}&#8221;]<\/p>\n<h3 style=\"text-align: left;\">Contact<\/h3>\n<p style=\"text-align: left;\">Chauss\u00e9e de Boondael, 92 &#8211; 1050 Ixelles<br \/>Jonathan Poncelet (r\u00e9f\u00e9rent\u00a0Culturel)<br \/><i class=\"fa-solid fa-phone\"><\/i><a href=\"tel:+3226415573\">02.641.55.73<\/a><br \/><i class=\"fas fa-envelope-open\"><\/i><a href=\"mailto:jonathan.poncelet@cpasixelles.brussels\">jonathan.poncelet@cpasixelles.brussels<\/a><\/p>\n<p>[\/et_pb_text][\/et_pb_column][et_pb_column type=&#8221;3_4&#8243; specialty_columns=&#8221;3&#8243; _builder_version=&#8221;4.16&#8243; custom_padding=&#8221;|||&#8221; global_colors_info=&#8221;{}&#8221; custom_padding__hover=&#8221;|||&#8221;][et_pb_row_inner _builder_version=&#8221;4.16&#8243; _module_preset=&#8221;default&#8221; custom_padding=&#8221;25px||25px||true|false&#8221; animation_style=&#8221;slide&#8221; animation_direction=&#8221;bottom&#8221; animation_intensity_slide=&#8221;5%&#8221; global_colors_info=&#8221;{}&#8221;][et_pb_column_inner saved_specialty_column_type=&#8221;3_4&#8243; _builder_version=&#8221;4.16&#8243; _module_preset=&#8221;default&#8221; global_colors_info=&#8221;{}&#8221;][et_pb_text _builder_version=&#8221;4.16&#8243; _module_preset=&#8221;default&#8221; header_2_font=&#8221;|700||on|||||&#8221; header_2_text_color=&#8221;gcid-c7ca1388-3c6d-4b53-bb4f-9acb4c020d74&#8243; custom_margin=&#8221;||0px||false|false&#8221; custom_padding=&#8221;||||false|false&#8221; global_colors_info=&#8221;{%22gcid-c7ca1388-3c6d-4b53-bb4f-9acb4c020d74%22:%91%22header_2_text_color%22%93}&#8221;]<\/p>\n<h2>Tickets &#8216;artikel 27&#8217;<\/h2>\n<p>Met een ticket artikel 27 krijgt u toegang tot culturele ruimten in Brussel en Walloni\u00eb, door middel van een opleg van \u20ac 1,25. De tickets zijn geldig voor musea, culturele centra, bioscopen, museumpas, &#8230;<\/p>\n<ul>\n<li>2 tickets per maand voor het gezinshoofd<\/li>\n<li>1 ticket per maand per extra persoon<\/li>\n<\/ul>\n<p>&nbsp;<\/p>\n<p><a href=\"https:\/\/article27.be\/\" target=\"_blank\" rel=\"noopener\">Het programma<\/a><\/p>\n<p>[\/et_pb_text][et_pb_divider color=&#8221;gcid-7d3e670f-2994-4496-b95f-1f022124e031&#8243; divider_position=&#8221;center&#8221; _builder_version=&#8221;4.16&#8243; _module_preset=&#8221;default&#8221; custom_margin=&#8221;||0px||false|false&#8221; custom_padding=&#8221;20px||20px||true|false&#8221; global_colors_info=&#8221;{%22gcid-7d3e670f-2994-4496-b95f-1f022124e031%22:%91%22color%22%93}&#8221;][\/et_pb_divider][et_pb_text _builder_version=&#8221;4.27.5&#8243; _module_preset=&#8221;default&#8221; header_2_font=&#8221;|700||on|||||&#8221; header_2_text_color=&#8221;gcid-c7ca1388-3c6d-4b53-bb4f-9acb4c020d74&#8243; custom_margin=&#8221;||0px||false|false&#8221; custom_padding=&#8221;||||false|false&#8221; hover_enabled=&#8221;0&#8243; global_colors_info=&#8221;{%22gcid-c7ca1388-3c6d-4b53-bb4f-9acb4c020d74%22:%91%22header_2_text_color%22,%22header_2_text_color%22%93}&#8221; disabled_on=&#8221;on|on|on&#8221; disabled=&#8221;on&#8221; sticky_enabled=&#8221;0&#8243;]<\/p>\n<h2>Boekencheques<\/h2>\n<p>Cheques van Sodexo met een waarde van \u20ac 20 (1 per persoon per jaar), die gebruikt kunnen worden voor de aankoop van boeken, romans, strips, manga&#8217;s, &#8230; bij grote winkels als Club, Fnac, Filigrane, &#8230;<\/p>\n<p>[\/et_pb_text][et_pb_divider color=&#8221;gcid-7d3e670f-2994-4496-b95f-1f022124e031&#8243; divider_position=&#8221;center&#8221; _builder_version=&#8221;4.27.5&#8243; _module_preset=&#8221;default&#8221; custom_margin=&#8221;||0px||false|false&#8221; custom_padding=&#8221;20px||20px||true|false&#8221; hover_enabled=&#8221;0&#8243; global_colors_info=&#8221;{%22gcid-7d3e670f-2994-4496-b95f-1f022124e031%22:%91%22color%22%93}&#8221; disabled_on=&#8221;on|on|on&#8221; disabled=&#8221;on&#8221; sticky_enabled=&#8221;0&#8243;][\/et_pb_divider][et_pb_text _builder_version=&#8221;4.16&#8243; _module_preset=&#8221;default&#8221; header_2_font=&#8221;|700||on|||||&#8221; header_2_text_color=&#8221;gcid-c7ca1388-3c6d-4b53-bb4f-9acb4c020d74&#8243; custom_margin=&#8221;||0px||false|false&#8221; custom_padding=&#8221;||||false|false&#8221; global_colors_info=&#8221;{%22gcid-c7ca1388-3c6d-4b53-bb4f-9acb4c020d74%22:%91%22header_2_text_color%22,%22header_2_text_color%22%93}&#8221;]<\/p>\n<h2>Sport en cultuur<\/h2>\n<p>Het OCMW van Elsene kan tussenkomen om uw culturele, artistieke en sportieve activiteiten per kalenderjaar te financieren.<\/p>\n<p>De tussenkomst kan gebeuren via een voorafgaande betaling van het OCMW, of via een terugbetaling van de reeds betaalde activiteiten.<\/p>\n<ul>\n<li>\u20ac 150 (per jaar voor een volwassene)<\/li>\n<li>\u20ac 200 (per jaar voor een kind &#8211; van 18 jaar)<\/li>\n<\/ul>\n<p>[\/et_pb_text][et_pb_divider color=&#8221;gcid-7d3e670f-2994-4496-b95f-1f022124e031&#8243; divider_position=&#8221;center&#8221; _builder_version=&#8221;4.16&#8243; _module_preset=&#8221;default&#8221; custom_margin=&#8221;||0px||false|false&#8221; custom_padding=&#8221;20px||20px||true|false&#8221; global_colors_info=&#8221;{%22gcid-7d3e670f-2994-4496-b95f-1f022124e031%22:%91%22color%22%93}&#8221;][\/et_pb_divider][et_pb_text _builder_version=&#8221;4.27.5&#8243; _module_preset=&#8221;default&#8221; header_2_font=&#8221;|700||on|||||&#8221; header_2_text_color=&#8221;gcid-c7ca1388-3c6d-4b53-bb4f-9acb4c020d74&#8243; custom_margin=&#8221;||0px||false|false&#8221; custom_padding=&#8221;||||false|false&#8221; hover_enabled=&#8221;0&#8243; global_colors_info=&#8221;{%22gcid-c7ca1388-3c6d-4b53-bb4f-9acb4c020d74%22:%91%22header_2_text_color%22,%22header_text_color%22,%22header_2_text_color%22%93}&#8221; disabled_on=&#8221;on|on|on&#8221; disabled=&#8221;on&#8221; sticky_enabled=&#8221;0&#8243;]<\/p>\n<h2><span data-contrast=\"auto\">Cultureel comit\u00e9<\/span><span data-contrast=\"auto\"><\/span><\/h2>\n<p>Een groep begunstigden van het OCMW van Elsene kiest een aantal activiteiten om doorheen het jaar samen te doen:<\/p>\n<ul>\n<li>theateruitstappen, musea, tentoonstellingen, excursies, bezoeken, opera, &#8230;<\/li>\n<li>creatieve workshops, bioscoop, improvisatie, plastische kunsten, dans, &#8230;<\/li>\n<\/ul>\n<p>[\/et_pb_text][et_pb_divider color=&#8221;gcid-7d3e670f-2994-4496-b95f-1f022124e031&#8243; divider_position=&#8221;center&#8221; _builder_version=&#8221;4.27.5&#8243; _module_preset=&#8221;default&#8221; custom_margin=&#8221;||0px||false|false&#8221; custom_padding=&#8221;20px||20px||true|false&#8221; hover_enabled=&#8221;0&#8243; global_colors_info=&#8221;{%22gcid-7d3e670f-2994-4496-b95f-1f022124e031%22:%91%22color%22%93}&#8221; disabled_on=&#8221;on|on|on&#8221; disabled=&#8221;on&#8221; sticky_enabled=&#8221;0&#8243;][\/et_pb_divider][et_pb_text _builder_version=&#8221;4.27.5&#8243; _module_preset=&#8221;default&#8221; header_2_font=&#8221;|700||on|||||&#8221; header_2_text_color=&#8221;gcid-c7ca1388-3c6d-4b53-bb4f-9acb4c020d74&#8243; custom_margin=&#8221;||0px||false|false&#8221; custom_padding=&#8221;||||false|false&#8221; hover_enabled=&#8221;0&#8243; global_colors_info=&#8221;{%22gcid-c7ca1388-3c6d-4b53-bb4f-9acb4c020d74%22:%91%22header_2_text_color%22,%22header_2_text_color%22%93}&#8221; disabled_on=&#8221;on|on|on&#8221; disabled=&#8221;on&#8221; sticky_enabled=&#8221;0&#8243;]<\/p>\n<h2>Samedis du cin\u00e9<\/h2>\n<p>Elke <em>Samedis du cin\u00e9 <\/em>worden er twee films vertoond, een die uitsluitend voorbehouden is voor kinderen ouder dan 5 jaar en een voor jongvolwassenen en volwassenen vanaf 15 of 16 jaar.<\/p>\n<p>Het OCMW van Elsene stelt gratis plaatsen ter beschikking voor elke vertoning.<\/p>\n<p>Er is 1 ticket per persoon per vertoning.<\/p>\n<p><strong><a href=\"http:\/\/www.samedisducine.be\/presentation.html\" target=\"_blank\" rel=\"noopener\">Het programma\u202f<\/a><\/strong><\/p>\n<p>[\/et_pb_text][\/et_pb_column_inner][\/et_pb_row_inner][\/et_pb_column][\/et_pb_section][et_pb_section fb_built=&#8221;1&#8243; disabled_on=&#8221;on|on|on&#8221; module_class=&#8221;banner-avantages aides&#8221; _builder_version=&#8221;4.16&#8243; _module_preset=&#8221;default&#8221; background_color=&#8221;gcid-c7ca1388-3c6d-4b53-bb4f-9acb4c020d74&#8243; disabled=&#8221;on&#8221; global_colors_info=&#8221;{%22gcid-c7ca1388-3c6d-4b53-bb4f-9acb4c020d74%22:%91%22background_color%22%93}&#8221;][et_pb_row _builder_version=&#8221;4.16&#8243; _module_preset=&#8221;default&#8221; global_colors_info=&#8221;{}&#8221;][et_pb_column type=&#8221;4_4&#8243; _builder_version=&#8221;4.16&#8243; _module_preset=&#8221;default&#8221; global_colors_info=&#8221;{}&#8221;][et_pb_text _builder_version=&#8221;4.16&#8243; _module_preset=&#8221;default&#8221; text_text_color=&#8221;#FFFFFF&#8221; text_font_size=&#8221;20px&#8221; global_colors_info=&#8221;{}&#8221;]<\/p>\n<p style=\"text-align: center;\">Si vous \u00eates aid\u00e9 par le CPAS, vous pouvez b\u00e9n\u00e9ficier d&#8217;autres avantages (colis alimentaires, r\u00e9duction des factures annuelle d&#8217;\u00e9lectricit\u00e9, articles 27,&#8230;).<\/p>\n<p style=\"text-align: center;\">Parlez-en \u00e0 votre assistant social, il vous donnera toutes les informations n\u00e9cessaires.<\/p>\n<p>[\/et_pb_text][\/et_pb_column][\/et_pb_row][\/et_pb_section]<\/p>\n","protected":false},"excerpt":{"rendered":"<p>Cultuur, sport &amp; vrije tijd Zin om er even uit te zijn? Een ieder heeft het recht vrij deel te nemen aan het cultureel leven van de gemeenschap, te genieten van de kunsten en deel te hebben aan de wetenschappelijke vooruitgang en aan de weldaden die er uit voortvloeien. Artikel 27 van de Universele Verklaring [&hellip;]<\/p>\n","protected":false},"author":1,"featured_media":0,"parent":3336,"menu_order":0,"comment_status":"closed","ping_status":"closed","template":"","meta":{"_et_pb_use_builder":"on","_et_pb_old_content":"","_et_gb_content_width":"","footnotes":""},"class_list":["post-3358","page","type-page","status-publish","hentry"],"yoast_head":"<!-- This site is optimized with the Yoast SEO plugin v27.3 - https:\/\/yoast.com\/product\/yoast-seo-wordpress\/ -->\n<title>Cultuur, sport &amp; vrije tijd - CPAS d&#039;Ixelles<\/title>\n<meta name=\"robots\" content=\"index, follow, max-snippet:-1, max-image-preview:large, max-video-preview:-1\" \/>\n<link rel=\"canonical\" href=\"https:\/\/cpasixelles.brussels\/nl\/soorten-hulp\/cultuur-sport-vrije-tijd\/\" \/>\n<meta property=\"og:locale\" content=\"nl_NL\" \/>\n<meta property=\"og:type\" content=\"article\" \/>\n<meta property=\"og:title\" content=\"Cultuur, sport &amp; vrije tijd - CPAS d&#039;Ixelles\" \/>\n<meta property=\"og:description\" content=\"Cultuur, sport &amp; vrije tijd Zin om er even uit te zijn? Een ieder heeft het recht vrij deel te nemen aan het cultureel leven van de gemeenschap, te genieten van de kunsten en deel te hebben aan de wetenschappelijke vooruitgang en aan de weldaden die er uit voortvloeien. Artikel 27 van de Universele Verklaring [&hellip;]\" \/>\n<meta property=\"og:url\" content=\"https:\/\/cpasixelles.brussels\/nl\/soorten-hulp\/cultuur-sport-vrije-tijd\/\" \/>\n<meta property=\"og:site_name\" content=\"CPAS d&#039;Ixelles\" \/>\n<meta property=\"article:modified_time\" content=\"2025-12-19T10:58:14+00:00\" \/>\n<meta property=\"og:image\" content=\"https:\/\/cpasixelles.brussels\/wp-content\/uploads\/2022\/02\/MicrosoftTeams-image-8.jpg\" \/>\n\t<meta property=\"og:image:width\" content=\"1920\" \/>\n\t<meta property=\"og:image:height\" content=\"1280\" \/>\n\t<meta property=\"og:image:type\" content=\"image\/jpeg\" \/>\n<meta name=\"twitter:card\" content=\"summary_large_image\" \/>\n<meta name=\"twitter:label1\" content=\"Geschatte leestijd\" \/>\n\t<meta name=\"twitter:data1\" content=\"7 minuten\" \/>\n<script type=\"application\/ld+json\" class=\"yoast-schema-graph\">{\"@context\":\"https:\\\/\\\/schema.org\",\"@graph\":[{\"@type\":\"WebPage\",\"@id\":\"https:\\\/\\\/cpasixelles.brussels\\\/nl\\\/soorten-hulp\\\/cultuur-sport-vrije-tijd\\\/\",\"url\":\"https:\\\/\\\/cpasixelles.brussels\\\/nl\\\/soorten-hulp\\\/cultuur-sport-vrije-tijd\\\/\",\"name\":\"Cultuur, sport & vrije tijd - CPAS d&#039;Ixelles\",\"isPartOf\":{\"@id\":\"https:\\\/\\\/cpasixelles.brussels\\\/#website\"},\"datePublished\":\"2021-12-27T17:18:09+00:00\",\"dateModified\":\"2025-12-19T10:58:14+00:00\",\"breadcrumb\":{\"@id\":\"https:\\\/\\\/cpasixelles.brussels\\\/nl\\\/soorten-hulp\\\/cultuur-sport-vrije-tijd\\\/#breadcrumb\"},\"inLanguage\":\"nl-NL\",\"potentialAction\":[{\"@type\":\"ReadAction\",\"target\":[\"https:\\\/\\\/cpasixelles.brussels\\\/nl\\\/soorten-hulp\\\/cultuur-sport-vrije-tijd\\\/\"]}]},{\"@type\":\"BreadcrumbList\",\"@id\":\"https:\\\/\\\/cpasixelles.brussels\\\/nl\\\/soorten-hulp\\\/cultuur-sport-vrije-tijd\\\/#breadcrumb\",\"itemListElement\":[{\"@type\":\"ListItem\",\"position\":1,\"name\":\"Accueil\",\"item\":\"https:\\\/\\\/cpasixelles.brussels\\\/nl\\\/\"},{\"@type\":\"ListItem\",\"position\":2,\"name\":\"Soorten hulp\",\"item\":\"https:\\\/\\\/cpasixelles.brussels\\\/nl\\\/soorten-hulp\\\/\"},{\"@type\":\"ListItem\",\"position\":3,\"name\":\"Cultuur, sport &#038; vrije tijd\"}]},{\"@type\":\"WebSite\",\"@id\":\"https:\\\/\\\/cpasixelles.brussels\\\/#website\",\"url\":\"https:\\\/\\\/cpasixelles.brussels\\\/\",\"name\":\"CPAS d&#039;Ixelles\",\"description\":\"\",\"potentialAction\":[{\"@type\":\"SearchAction\",\"target\":{\"@type\":\"EntryPoint\",\"urlTemplate\":\"https:\\\/\\\/cpasixelles.brussels\\\/?s={search_term_string}\"},\"query-input\":{\"@type\":\"PropertyValueSpecification\",\"valueRequired\":true,\"valueName\":\"search_term_string\"}}],\"inLanguage\":\"nl-NL\"}]}<\/script>\n<!-- \/ Yoast SEO plugin. -->","yoast_head_json":{"title":"Cultuur, sport & vrije tijd - CPAS d&#039;Ixelles","robots":{"index":"index","follow":"follow","max-snippet":"max-snippet:-1","max-image-preview":"max-image-preview:large","max-video-preview":"max-video-preview:-1"},"canonical":"https:\/\/cpasixelles.brussels\/nl\/soorten-hulp\/cultuur-sport-vrije-tijd\/","og_locale":"nl_NL","og_type":"article","og_title":"Cultuur, sport & vrije tijd - CPAS d&#039;Ixelles","og_description":"Cultuur, sport &amp; vrije tijd Zin om er even uit te zijn? Een ieder heeft het recht vrij deel te nemen aan het cultureel leven van de gemeenschap, te genieten van de kunsten en deel te hebben aan de wetenschappelijke vooruitgang en aan de weldaden die er uit voortvloeien. Artikel 27 van de Universele Verklaring [&hellip;]","og_url":"https:\/\/cpasixelles.brussels\/nl\/soorten-hulp\/cultuur-sport-vrije-tijd\/","og_site_name":"CPAS d&#039;Ixelles","article_modified_time":"2025-12-19T10:58:14+00:00","og_image":[{"width":1920,"height":1280,"url":"https:\/\/cpasixelles.brussels\/wp-content\/uploads\/2022\/02\/MicrosoftTeams-image-8.jpg","type":"image\/jpeg"}],"twitter_card":"summary_large_image","twitter_misc":{"Geschatte leestijd":"7 minuten"},"schema":{"@context":"https:\/\/schema.org","@graph":[{"@type":"WebPage","@id":"https:\/\/cpasixelles.brussels\/nl\/soorten-hulp\/cultuur-sport-vrije-tijd\/","url":"https:\/\/cpasixelles.brussels\/nl\/soorten-hulp\/cultuur-sport-vrije-tijd\/","name":"Cultuur, sport & vrije tijd - CPAS d&#039;Ixelles","isPartOf":{"@id":"https:\/\/cpasixelles.brussels\/#website"},"datePublished":"2021-12-27T17:18:09+00:00","dateModified":"2025-12-19T10:58:14+00:00","breadcrumb":{"@id":"https:\/\/cpasixelles.brussels\/nl\/soorten-hulp\/cultuur-sport-vrije-tijd\/#breadcrumb"},"inLanguage":"nl-NL","potentialAction":[{"@type":"ReadAction","target":["https:\/\/cpasixelles.brussels\/nl\/soorten-hulp\/cultuur-sport-vrije-tijd\/"]}]},{"@type":"BreadcrumbList","@id":"https:\/\/cpasixelles.brussels\/nl\/soorten-hulp\/cultuur-sport-vrije-tijd\/#breadcrumb","itemListElement":[{"@type":"ListItem","position":1,"name":"Accueil","item":"https:\/\/cpasixelles.brussels\/nl\/"},{"@type":"ListItem","position":2,"name":"Soorten hulp","item":"https:\/\/cpasixelles.brussels\/nl\/soorten-hulp\/"},{"@type":"ListItem","position":3,"name":"Cultuur, sport &#038; vrije tijd"}]},{"@type":"WebSite","@id":"https:\/\/cpasixelles.brussels\/#website","url":"https:\/\/cpasixelles.brussels\/","name":"CPAS d&#039;Ixelles","description":"","potentialAction":[{"@type":"SearchAction","target":{"@type":"EntryPoint","urlTemplate":"https:\/\/cpasixelles.brussels\/?s={search_term_string}"},"query-input":{"@type":"PropertyValueSpecification","valueRequired":true,"valueName":"search_term_string"}}],"inLanguage":"nl-NL"}]}},"_links":{"self":[{"href":"https:\/\/cpasixelles.brussels\/nl\/wp-json\/wp\/v2\/pages\/3358","targetHints":{"allow":["GET"]}}],"collection":[{"href":"https:\/\/cpasixelles.brussels\/nl\/wp-json\/wp\/v2\/pages"}],"about":[{"href":"https:\/\/cpasixelles.brussels\/nl\/wp-json\/wp\/v2\/types\/page"}],"author":[{"embeddable":true,"href":"https:\/\/cpasixelles.brussels\/nl\/wp-json\/wp\/v2\/users\/1"}],"replies":[{"embeddable":true,"href":"https:\/\/cpasixelles.brussels\/nl\/wp-json\/wp\/v2\/comments?post=3358"}],"version-history":[{"count":7,"href":"https:\/\/cpasixelles.brussels\/nl\/wp-json\/wp\/v2\/pages\/3358\/revisions"}],"predecessor-version":[{"id":8241,"href":"https:\/\/cpasixelles.brussels\/nl\/wp-json\/wp\/v2\/pages\/3358\/revisions\/8241"}],"up":[{"embeddable":true,"href":"https:\/\/cpasixelles.brussels\/nl\/wp-json\/wp\/v2\/pages\/3336"}],"wp:attachment":[{"href":"https:\/\/cpasixelles.brussels\/nl\/wp-json\/wp\/v2\/media?parent=3358"}],"curies":[{"name":"wp","href":"https:\/\/api.w.org\/{rel}","templated":true}]}}