{"id":3353,"date":"2021-12-27T18:19:31","date_gmt":"2021-12-27T17:19:31","guid":{"rendered":"https:\/\/cpasixelles.brussels\/soorten-hulp\/aide-medicale\/"},"modified":"2024-12-09T16:22:21","modified_gmt":"2024-12-09T15:22:21","slug":"aide-medicale","status":"publish","type":"page","link":"https:\/\/cpasixelles.brussels\/nl\/soorten-hulp\/aide-medicale\/","title":{"rendered":"Medische hulp"},"content":{"rendered":"<p>[et_pb_section fb_built=&#8221;1&#8243; module_class=&#8221;header-intern aides&#8221; _builder_version=&#8221;4.16&#8243; _module_preset=&#8221;default&#8221; background_color=&#8221;gcid-7d3e670f-2994-4496-b95f-1f022124e031&#8243; custom_padding=&#8221;50px||50px||true|false&#8221; global_colors_info=&#8221;{%22gcid-7d3e670f-2994-4496-b95f-1f022124e031%22:%91%22background_color%22%93}&#8221;][et_pb_row column_structure=&#8221;1_4,3_4&#8243; module_class=&#8221;flex-zone&#8221; _builder_version=&#8221;4.16&#8243; _module_preset=&#8221;default&#8221; background_color=&#8221;RGBA(255,255,255,0)&#8221; custom_padding=&#8221;0px||0px||true|false&#8221; global_colors_info=&#8221;{}&#8221;][et_pb_column type=&#8221;1_4&#8243; _builder_version=&#8221;4.16&#8243; _module_preset=&#8221;default&#8221; global_colors_info=&#8221;{}&#8221;][et_pb_image src=&#8221;https:\/\/cpasixelles.brussels\/wp-content\/uploads\/2022\/01\/mariano-baraldi-IIBRFPj5LQk-unsplash-2-scaled.jpeg&#8221; alt=&#8221;Aide \u00e0 domicile&#8221; title_text=&#8221;mariano-baraldi-IIBRFPj5LQk-unsplash 2&#8243; _builder_version=&#8221;4.16&#8243; _module_preset=&#8221;default&#8221; animation_style=&#8221;slide&#8221; animation_direction=&#8221;left&#8221; animation_intensity_slide=&#8221;5%&#8221; global_colors_info=&#8221;{}&#8221;][\/et_pb_image][\/et_pb_column][et_pb_column type=&#8221;3_4&#8243; _builder_version=&#8221;4.16&#8243; _module_preset=&#8221;default&#8221; global_colors_info=&#8221;{}&#8221;][et_pb_text _builder_version=&#8221;4.16&#8243; _module_preset=&#8221;default&#8221; animation_style=&#8221;slide&#8221; animation_direction=&#8221;right&#8221; animation_intensity_slide=&#8221;5%&#8221; global_colors_info=&#8221;{}&#8221;]<\/p>\n<h2>Medische hulp<\/h2>\n<h1>Hebt u hulp nodig bij uw medische kosten?<\/h1>\n<p>Hier vindt u hoe u een medische kaart of terugbetaling van medicatie kunt verkrijgen.<\/p>\n<p>[\/et_pb_text][\/et_pb_column][\/et_pb_row][\/et_pb_section][et_pb_section fb_built=&#8221;1&#8243; specialty=&#8221;on&#8221; padding_top_1=&#8221;25px&#8221; padding_bottom_1=&#8221;25px&#8221; padding_top_bottom_link_1=&#8221;true&#8221; padding_top_bottom_link_2=&#8221;true&#8221; padding_left_right_link_1=&#8221;false&#8221; padding_left_right_link_2=&#8221;false&#8221; module_class_2=&#8221;content&#8221; module_class=&#8221;page-left-widget aides&#8221; _builder_version=&#8221;4.16&#8243; _module_preset=&#8221;default&#8221; custom_padding=&#8221;50px||50px||true|false&#8221; global_colors_info=&#8221;{}&#8221;][et_pb_column type=&#8221;1_4&#8243; _builder_version=&#8221;4.16&#8243; custom_padding=&#8221;|||&#8221; global_colors_info=&#8221;{}&#8221; custom_padding__hover=&#8221;|||&#8221;][et_pb_sidebar area=&#8221;et_pb_widget_area_2&#8243; _builder_version=&#8221;4.16&#8243; _module_preset=&#8221;default&#8221; animation_style=&#8221;slide&#8221; animation_direction=&#8221;bottom&#8221; animation_intensity_slide=&#8221;5%&#8221; global_colors_info=&#8221;{}&#8221;][\/et_pb_sidebar][\/et_pb_column][et_pb_column type=&#8221;3_4&#8243; specialty_columns=&#8221;3&#8243; _builder_version=&#8221;4.16&#8243; custom_padding=&#8221;|||&#8221; global_colors_info=&#8221;{}&#8221; custom_padding__hover=&#8221;|||&#8221;][et_pb_row_inner column_structure=&#8221;1_2,1_2&#8243; disabled_on=&#8221;on|on|on&#8221; _builder_version=&#8221;4.16&#8243; _module_preset=&#8221;default&#8221; custom_padding=&#8221;||0px||false|false&#8221; animation_style=&#8221;slide&#8221; animation_starting_opacity=&#8221;5%&#8221; disabled=&#8221;on&#8221; global_colors_info=&#8221;{}&#8221;][et_pb_column_inner type=&#8221;1_2&#8243; saved_specialty_column_type=&#8221;3_4&#8243; _builder_version=&#8221;4.16&#8243; _module_preset=&#8221;default&#8221; global_colors_info=&#8221;{}&#8221;][et_pb_text module_class=&#8221;info-cadre&#8221; _builder_version=&#8221;4.16&#8243; _module_preset=&#8221;default&#8221; header_text_color=&#8221;#FFFFFF&#8221; header_3_font=&#8221;||||||||&#8221; background_enable_color=&#8221;off&#8221; custom_padding=&#8221;||||false|false&#8221; custom_padding_tablet=&#8221;||||true|false&#8221; custom_padding_phone=&#8221;||||true|false&#8221; custom_padding_last_edited=&#8221;off|desktop&#8221; global_colors_info=&#8221;{}&#8221;]<\/p>\n<h3 style=\"text-align: left;\">\u00a0Dienst Gezins- en Bejaardenhulp (DGBH)<\/h3>\n<p style=\"text-align: left;\">Boondaalsesteenweg 92 &#8211; 1050 Elsene<br \/>geopend van maandag tot vrijdag<br \/>van 8.00u tot 16.00u<br \/><i class=\"fa-solid fa-phone\"><\/i><a href=\"tel:+3226415653\">02.641.56.53<\/a><\/p>\n<p>[\/et_pb_text][\/et_pb_column_inner][et_pb_column_inner type=&#8221;1_2&#8243; saved_specialty_column_type=&#8221;3_4&#8243; _builder_version=&#8221;4.16&#8243; _module_preset=&#8221;default&#8221; global_colors_info=&#8221;{}&#8221;][\/et_pb_column_inner][\/et_pb_row_inner][et_pb_row_inner _builder_version=&#8221;4.16&#8243; _module_preset=&#8221;default&#8221; custom_padding=&#8221;25px||25px||true|false&#8221; animation_style=&#8221;slide&#8221; animation_direction=&#8221;bottom&#8221; animation_intensity_slide=&#8221;5%&#8221; global_colors_info=&#8221;{}&#8221;][et_pb_column_inner saved_specialty_column_type=&#8221;3_4&#8243; _builder_version=&#8221;4.16&#8243; _module_preset=&#8221;default&#8221; global_colors_info=&#8221;{}&#8221;][et_pb_text _builder_version=&#8221;4.16&#8243; _module_preset=&#8221;default&#8221; header_2_font=&#8221;|700||on|||||&#8221; header_2_text_color=&#8221;gcid-c7ca1388-3c6d-4b53-bb4f-9acb4c020d74&#8243; custom_margin=&#8221;||20px||false|false&#8221; global_colors_info=&#8221;{%22gcid-c7ca1388-3c6d-4b53-bb4f-9acb4c020d74%22:%91%22header_2_text_color%22%93}&#8221;]<\/p>\n<h2>De medische kaart<\/h2>\n<p>Het OCMW kan een medische kaart aan u toekennen onder bepaalde voorwaarden. Uw maatschappelijk werker gaat u uitleggen welke procedure u moet volgen. Met de kaart kunt u naar een lokale huisarts gaan, die erkend is door het OCMW. U kunt de lijst met erkende artsen opvragen bij het onthaal van de sociale dienst of bij uw maatschappelijk werker.<\/p>\n<p>[\/et_pb_text][et_pb_text _builder_version=&#8221;4.16&#8243; _module_preset=&#8221;default&#8221; header_3_font=&#8221;|600|||||||&#8221; header_3_text_color=&#8221;gcid-7d3e670f-2994-4496-b95f-1f022124e031&#8243; custom_padding=&#8221;||0px|||&#8221; global_colors_info=&#8221;{%22gcid-7d3e670f-2994-4496-b95f-1f022124e031%22:%91%22header_3_text_color%22%93}&#8221;]<\/p>\n<h3><strong>MEDISCHE RAADPLEGINGEN:<\/strong><\/h3>\n<p>Met de medische kaart van het OCMW kunt u ook op consultatie gaan in volgende ziekenhuizen:<\/p>\n<ul>\n<li>Ziekenhuizen van Elsene en Etterbeek<\/li>\n<li>Baron Lambert<\/li>\n<li>Moli\u00e8re Longchamps<\/li>\n<li>Bracops.<\/li>\n<\/ul>\n<p>Als u naar een ander ziekenhuis van het IRIS-netwerk moet gaan, moet u contact opnemen met de dienst die zich bezighoudt met ziekenhuiskosten. De maatschappelijk werker van de dienst gaat uw aanvraag onderzoeken.<\/p>\n<h3><strong>ZIEKENHUISOPNAMES:<\/strong><\/h3>\n<p>Bij een ziekenhuisopname moet u langs de dienst gaan die instaat voor de ziekenhuiskosten. De dienst gaat u een document of &#8216;requisitorium&#8217; geven. Daarmee kunt u zich gratis laten verzorgen in de ziekenhuizen van het IRIS-netwerk: de ziekenhuizen van Elsene en Etterbeek, Baron Lambert, Moli\u00e8re Longchamps, Bracops, Sint-Pieter, Bordet, Brugmann, Kinderziekenhuis en Paul Brien.<\/p>\n<p>Uitzonderlijk kan de dienst requisitoria afleveren voor consultaties en ziekenhuisopnames in ziekenhuizen die geen lid zijn van het IRIS-netwerk, bijvoorbeeld: Saint-Luc en Erasmus.<\/p>\n<h3><strong>TERUGBETALING VAN MEDICATIE:<\/strong><\/h3>\n<p>Bepaalde geneesmiddelen worden deels terugbetaald als:<\/p>\n<p>Certains m\u00e9dicaments peuvent vous \u00eatre rembours\u00e9s en partie si :<\/p>\n<ul>\n<li>ze voorgeschreven zijn door een erkend arts<\/li>\n<li>ze aangekocht zijn in een apotheek in Elsene.<\/li>\n<\/ul>\n<h3><strong>Opgelet:<\/strong><\/h3>\n<p>Om toegang te krijgen tot die diensten, is het zeer belangrijk dat <strong>u uw mutualiteitskosten betaald hebt<\/strong>. Uw maatschappelijk werker of de onthaalmedewerkers van de sociale dienst gaan na of alles in orde is.<\/p>\n<p>[\/et_pb_text][et_pb_divider color=&#8221;gcid-7d3e670f-2994-4496-b95f-1f022124e031&#8243; divider_position=&#8221;center&#8221; _builder_version=&#8221;4.16&#8243; _module_preset=&#8221;default&#8221; custom_margin=&#8221;||0px||false|false&#8221; custom_padding=&#8221;20px||20px||true|false&#8221; global_colors_info=&#8221;{%22gcid-7d3e670f-2994-4496-b95f-1f022124e031%22:%91%22color%22%93}&#8221;][\/et_pb_divider][et_pb_text _builder_version=&#8221;4.16&#8243; _module_preset=&#8221;default&#8221; header_2_font=&#8221;|700||on|||||&#8221; header_2_text_color=&#8221;gcid-c7ca1388-3c6d-4b53-bb4f-9acb4c020d74&#8243; custom_margin=&#8221;||0px||false|false&#8221; global_colors_info=&#8221;{%22gcid-c7ca1388-3c6d-4b53-bb4f-9acb4c020d74%22:%91%22header_2_text_color%22%93}&#8221;]<\/p>\n<h2>Dringende medische hulp (DMH)<\/h2>\n<p>[\/et_pb_text][et_pb_accordion _builder_version=&#8221;4.16&#8243; _module_preset=&#8221;default&#8221; custom_margin=&#8221;||50px||false|false&#8221; global_colors_info=&#8221;{}&#8221;][et_pb_accordion_item title=&#8221;NE PAS SUPPRIMER&#8221; open=&#8221;on&#8221; _builder_version=&#8221;4.16&#8243; _module_preset=&#8221;default&#8221; custom_css_main_element=&#8221;display:none;&#8221; global_colors_info=&#8221;{}&#8221;][\/et_pb_accordion_item][et_pb_accordion_item title=&#8221;Wat is dringende medische hulp?&#8221; _builder_version=&#8221;4.16&#8243; _module_preset=&#8221;default&#8221; global_colors_info=&#8221;{}&#8221; open=&#8221;off&#8221;]<\/p>\n<p>Mensen die illegaal in het land zijn, die onvoldoende middelen hebben om hun gezondheidszorg te betalen, hebben recht op dringende medische hulp van het OCMW. Dat betekent dat als iemand illegaal in het land verblijft en in nood verkeert, het OCMW zijn of haar medische kosten ten laste neemt.<\/p>\n<p>Dat is de enige steun van het OCMW waar illegaal verblijvende mensen recht op hebben.<\/p>\n<p>Om de steun te genieten, moet u een aanvraag indienen bij het OCMW van uw gemeente.<\/p>\n<p>[\/et_pb_accordion_item][et_pb_accordion_item title=&#8221;Voorwaarden om dringende medische hulp te krijgen:&#8221; _builder_version=&#8221;4.16&#8243; _module_preset=&#8221;default&#8221; global_colors_info=&#8221;{}&#8221; open=&#8221;off&#8221;]<\/p>\n<ul>\n<li><strong>U woont illegaal in Belgi\u00eb<\/strong>: als u een dringende medische hulpaanvraag indient, voert het OCMW een onderzoek uit om na te gaan of u illegaal in Belgi\u00eb verblijft. Het OCMW-personeel moet uw gegevens vertrouwelijk behandelen. U hoeft dus niet te vrezen dat het OCMW de politie verwittigt.<\/li>\n<li><strong>U verkeert in nood<\/strong>: om recht te hebben op dringende medische hulp, moet u in nood verkeren. Het OCMW gaat via een sociaal onderzoek vaststellen welke uw behoeften zijn op basis van uw middelen en de lasten die u en de mensen met wie u samenwoont, delen. Ze gaan u vragen stellen om uw inkomstenstaat te controleren. Het is belangrijk dat u aan het onderzoek meewerkt en dat u het OCMW alle inkomsten die u hebt, meedeelt. Als u niet alle informatie over uw situatie meedeelt, kan het OCMW weigeren u te helpen.<\/li>\n<\/ul>\n<p>Als beide voorwaarden voldaan zijn, kunt u dringende medische hulp genieten. Dat betekent dat het OCMW gaat tussenkomen voor de betaling van uw medische kosten.<\/p>\n<p>[\/et_pb_accordion_item][\/et_pb_accordion][et_pb_divider color=&#8221;gcid-7d3e670f-2994-4496-b95f-1f022124e031&#8243; divider_position=&#8221;center&#8221; _builder_version=&#8221;4.16&#8243; _module_preset=&#8221;default&#8221; custom_margin=&#8221;||0px||false|false&#8221; custom_padding=&#8221;20px||20px||true|false&#8221; global_colors_info=&#8221;{%22gcid-7d3e670f-2994-4496-b95f-1f022124e031%22:%91%22color%22%93}&#8221;][\/et_pb_divider][et_pb_text _builder_version=&#8221;4.16&#8243; _module_preset=&#8221;default&#8221; header_2_font=&#8221;|700||on|||||&#8221; header_2_text_color=&#8221;gcid-c7ca1388-3c6d-4b53-bb4f-9acb4c020d74&#8243; custom_margin=&#8221;||0px||false|false&#8221; global_colors_info=&#8221;{%22gcid-c7ca1388-3c6d-4b53-bb4f-9acb4c020d74%22:%91%22header_2_text_color%22%93}&#8221;]<\/p>\n<h2>Sociale mobiliteit<\/h2>\n<p class=\"p1\">Als u zich niet kunt verplaatsen naar uw medische consultaties, kunt u gebruikmaken van het sociaal vervoer van het OCMW.<\/p>\n<p class=\"p1\">Om gebruik te maken van de diensten van de cel Sociaal Vervoer, moet u contact opnemen met uw maatschappelijk werker of met de <a href=\"https:\/\/cpasixelles.brussels\/nl\/dienst-voor-gezins-en-ouderenhulp\/\">dienst Gezins &#8211; en Bejaardenhulp<\/a> (DGBH).<\/p>\n<p>[\/et_pb_text][et_pb_divider color=&#8221;gcid-7d3e670f-2994-4496-b95f-1f022124e031&#8243; divider_position=&#8221;center&#8221; _builder_version=&#8221;4.16&#8243; _module_preset=&#8221;default&#8221; custom_margin=&#8221;||0px||false|false&#8221; custom_padding=&#8221;20px||20px||true|false&#8221; global_colors_info=&#8221;{%22gcid-7d3e670f-2994-4496-b95f-1f022124e031%22:%91%22color%22%93}&#8221;][\/et_pb_divider][et_pb_text _builder_version=&#8221;4.16&#8243; _module_preset=&#8221;default&#8221; header_2_font=&#8221;|700||on|||||&#8221; header_2_text_color=&#8221;gcid-c7ca1388-3c6d-4b53-bb4f-9acb4c020d74&#8243; custom_margin=&#8221;||0px||false|false&#8221; hover_enabled=&#8221;0&#8243; global_colors_info=&#8221;{%22gcid-c7ca1388-3c6d-4b53-bb4f-9acb4c020d74%22:%91%22header_2_text_color%22%93}&#8221; min_height=&#8221;350.6px&#8221; sticky_enabled=&#8221;0&#8243;]<\/p>\n<h2>Thuishulp<\/h2>\n<p>De dienst bestaat uit een verpleegkundige, maatschappelijk werkers, gezinshulpen en huishoudhulpen die gezinnen en ouderen hulp bieden bij hun dagelijks leven.<\/p>\n<p>Iedereen die in Elsene woont, kan van de dienst gebruikmaken. De hulp wordt toegekend in functie van de gezondheidstoestand en de sociale situatie van de persoon.\u00a0Een maatschappelijk werker van de dienst evalueert de situatie door middel van een thuisbezoek.<\/p>\n<p>Er wordt een financi\u00eble bijdrage gevraagd. Deze wordt berekend op basis van het inkomen en het aantal personen ten laste.<\/p>\n<p>Wilt u thuishulp aanvragen? Neem dan contact op met uw maatschappelijk werker of met de\u00a0<a href=\"https:\/\/cpasixelles.brussels\/nl\/dienst-voor-gezins-en-ouderenhulp\/\">dienst Gezins- en Ouderenhulp<\/a> (SAFPA).[\/et_pb_text][et_pb_text _builder_version=&#8221;4.27.0&#8243; _module_preset=&#8221;default&#8221; hover_enabled=&#8221;0&#8243; sticky_enabled=&#8221;0&#8243; header_2_font=&#8221;|700|||||||&#8221; header_2_text_color=&#8221;#009490&#8243;]<\/p>\n<h2><span style=\"color: #009490;\">MEER WETEN ?<\/span><\/h2>\n<ul>\n<li><a href=\"https:\/\/www.mi-is.be\/sites\/default\/files\/documents\/wegwijs_in_medische_hulp_1.pdf\">Gids voor medische hulp<\/a><\/li>\n<\/ul>\n<p>[\/et_pb_text][\/et_pb_column_inner][\/et_pb_row_inner][\/et_pb_column][\/et_pb_section][et_pb_section fb_built=&#8221;1&#8243; disabled_on=&#8221;on|on|on&#8221; module_class=&#8221;banner-avantages aides&#8221; _builder_version=&#8221;4.16&#8243; _module_preset=&#8221;default&#8221; background_enable_color=&#8221;off&#8221; disabled=&#8221;on&#8221; global_colors_info=&#8221;{%22gcid-c7ca1388-3c6d-4b53-bb4f-9acb4c020d74%22:%91%22background_color%22%93}&#8221;][et_pb_row _builder_version=&#8221;4.16&#8243; _module_preset=&#8221;default&#8221; global_colors_info=&#8221;{}&#8221;][et_pb_column type=&#8221;4_4&#8243; _builder_version=&#8221;4.16&#8243; _module_preset=&#8221;default&#8221; global_colors_info=&#8221;{}&#8221;][et_pb_text _builder_version=&#8221;4.16&#8243; _module_preset=&#8221;default&#8221; global_colors_info=&#8221;{}&#8221;]<\/p>\n<p style=\"text-align: center;\">Si vous \u00eates aid\u00e9 par le CPAS, vous pouvez b\u00e9n\u00e9ficier d&#8217;autres avantages (colis alimentaires, r\u00e9duction des factures annuelle d&#8217;\u00e9lectricit\u00e9, articles 27,&#8230;).<\/p>\n<p style=\"text-align: center;\">Parlez-en \u00e0 votre assistant social, il vous donnera toutes les informations n\u00e9cessaires.<\/p>\n<p>[\/et_pb_text][\/et_pb_column][\/et_pb_row][\/et_pb_section]<\/p>\n","protected":false},"excerpt":{"rendered":"<p>Medische hulp Hebt u hulp nodig bij uw medische kosten? Hier vindt u hoe u een medische kaart of terugbetaling van medicatie kunt verkrijgen.\u00a0Dienst Gezins- en Bejaardenhulp (DGBH) Boondaalsesteenweg 92 &#8211; 1050 Elsenegeopend van maandag tot vrijdagvan 8.00u tot 16.00u02.641.56.53De medische kaart Het OCMW kan een medische kaart aan u toekennen onder bepaalde voorwaarden. Uw [&hellip;]<\/p>\n","protected":false},"author":1,"featured_media":0,"parent":3336,"menu_order":0,"comment_status":"closed","ping_status":"closed","template":"","meta":{"_et_pb_use_builder":"on","_et_pb_old_content":"","_et_gb_content_width":"","footnotes":""},"class_list":["post-3353","page","type-page","status-publish","hentry"],"yoast_head":"<!-- This site is optimized with the Yoast SEO plugin v27.4 - https:\/\/yoast.com\/product\/yoast-seo-wordpress\/ -->\n<title>Medische hulp - CPAS d&#039;Ixelles<\/title>\n<meta name=\"robots\" content=\"index, follow, max-snippet:-1, max-image-preview:large, max-video-preview:-1\" \/>\n<link rel=\"canonical\" href=\"https:\/\/cpasixelles.brussels\/nl\/soorten-hulp\/aide-medicale\/\" \/>\n<meta property=\"og:locale\" content=\"nl_NL\" \/>\n<meta property=\"og:type\" content=\"article\" \/>\n<meta property=\"og:title\" content=\"Medische hulp - CPAS d&#039;Ixelles\" \/>\n<meta property=\"og:description\" content=\"Medische hulp Hebt u hulp nodig bij uw medische kosten? Hier vindt u hoe u een medische kaart of terugbetaling van medicatie kunt verkrijgen.\u00a0Dienst Gezins- en Bejaardenhulp (DGBH) Boondaalsesteenweg 92 - 1050 Elsenegeopend van maandag tot vrijdagvan 8.00u tot 16.00u02.641.56.53De medische kaart Het OCMW kan een medische kaart aan u toekennen onder bepaalde voorwaarden. Uw [&hellip;]\" \/>\n<meta property=\"og:url\" content=\"https:\/\/cpasixelles.brussels\/nl\/soorten-hulp\/aide-medicale\/\" \/>\n<meta property=\"og:site_name\" content=\"CPAS d&#039;Ixelles\" \/>\n<meta property=\"article:modified_time\" content=\"2024-12-09T15:22:21+00:00\" \/>\n<meta property=\"og:image\" content=\"https:\/\/cpasixelles.brussels\/wp-content\/uploads\/2022\/02\/MicrosoftTeams-image-8.jpg\" \/>\n\t<meta property=\"og:image:width\" content=\"1920\" \/>\n\t<meta property=\"og:image:height\" content=\"1280\" \/>\n\t<meta property=\"og:image:type\" content=\"image\/jpeg\" \/>\n<meta name=\"twitter:card\" content=\"summary_large_image\" \/>\n<meta name=\"twitter:label1\" content=\"Geschatte leestijd\" \/>\n\t<meta name=\"twitter:data1\" content=\"9 minuten\" \/>\n<script type=\"application\/ld+json\" class=\"yoast-schema-graph\">{\"@context\":\"https:\\\/\\\/schema.org\",\"@graph\":[{\"@type\":\"WebPage\",\"@id\":\"https:\\\/\\\/cpasixelles.brussels\\\/nl\\\/soorten-hulp\\\/aide-medicale\\\/\",\"url\":\"https:\\\/\\\/cpasixelles.brussels\\\/nl\\\/soorten-hulp\\\/aide-medicale\\\/\",\"name\":\"Medische hulp - CPAS d&#039;Ixelles\",\"isPartOf\":{\"@id\":\"https:\\\/\\\/cpasixelles.brussels\\\/#website\"},\"datePublished\":\"2021-12-27T17:19:31+00:00\",\"dateModified\":\"2024-12-09T15:22:21+00:00\",\"breadcrumb\":{\"@id\":\"https:\\\/\\\/cpasixelles.brussels\\\/nl\\\/soorten-hulp\\\/aide-medicale\\\/#breadcrumb\"},\"inLanguage\":\"nl-NL\",\"potentialAction\":[{\"@type\":\"ReadAction\",\"target\":[\"https:\\\/\\\/cpasixelles.brussels\\\/nl\\\/soorten-hulp\\\/aide-medicale\\\/\"]}]},{\"@type\":\"BreadcrumbList\",\"@id\":\"https:\\\/\\\/cpasixelles.brussels\\\/nl\\\/soorten-hulp\\\/aide-medicale\\\/#breadcrumb\",\"itemListElement\":[{\"@type\":\"ListItem\",\"position\":1,\"name\":\"Accueil\",\"item\":\"https:\\\/\\\/cpasixelles.brussels\\\/nl\\\/\"},{\"@type\":\"ListItem\",\"position\":2,\"name\":\"Soorten hulp\",\"item\":\"https:\\\/\\\/cpasixelles.brussels\\\/nl\\\/soorten-hulp\\\/\"},{\"@type\":\"ListItem\",\"position\":3,\"name\":\"Medische hulp\"}]},{\"@type\":\"WebSite\",\"@id\":\"https:\\\/\\\/cpasixelles.brussels\\\/#website\",\"url\":\"https:\\\/\\\/cpasixelles.brussels\\\/\",\"name\":\"CPAS d&#039;Ixelles\",\"description\":\"\",\"potentialAction\":[{\"@type\":\"SearchAction\",\"target\":{\"@type\":\"EntryPoint\",\"urlTemplate\":\"https:\\\/\\\/cpasixelles.brussels\\\/?s={search_term_string}\"},\"query-input\":{\"@type\":\"PropertyValueSpecification\",\"valueRequired\":true,\"valueName\":\"search_term_string\"}}],\"inLanguage\":\"nl-NL\"}]}<\/script>\n<!-- \/ Yoast SEO plugin. -->","yoast_head_json":{"title":"Medische hulp - CPAS d&#039;Ixelles","robots":{"index":"index","follow":"follow","max-snippet":"max-snippet:-1","max-image-preview":"max-image-preview:large","max-video-preview":"max-video-preview:-1"},"canonical":"https:\/\/cpasixelles.brussels\/nl\/soorten-hulp\/aide-medicale\/","og_locale":"nl_NL","og_type":"article","og_title":"Medische hulp - CPAS d&#039;Ixelles","og_description":"Medische hulp Hebt u hulp nodig bij uw medische kosten? Hier vindt u hoe u een medische kaart of terugbetaling van medicatie kunt verkrijgen.\u00a0Dienst Gezins- en Bejaardenhulp (DGBH) Boondaalsesteenweg 92 - 1050 Elsenegeopend van maandag tot vrijdagvan 8.00u tot 16.00u02.641.56.53De medische kaart Het OCMW kan een medische kaart aan u toekennen onder bepaalde voorwaarden. Uw [&hellip;]","og_url":"https:\/\/cpasixelles.brussels\/nl\/soorten-hulp\/aide-medicale\/","og_site_name":"CPAS d&#039;Ixelles","article_modified_time":"2024-12-09T15:22:21+00:00","og_image":[{"width":1920,"height":1280,"url":"https:\/\/cpasixelles.brussels\/wp-content\/uploads\/2022\/02\/MicrosoftTeams-image-8.jpg","type":"image\/jpeg"}],"twitter_card":"summary_large_image","twitter_misc":{"Geschatte leestijd":"9 minuten"},"schema":{"@context":"https:\/\/schema.org","@graph":[{"@type":"WebPage","@id":"https:\/\/cpasixelles.brussels\/nl\/soorten-hulp\/aide-medicale\/","url":"https:\/\/cpasixelles.brussels\/nl\/soorten-hulp\/aide-medicale\/","name":"Medische hulp - CPAS d&#039;Ixelles","isPartOf":{"@id":"https:\/\/cpasixelles.brussels\/#website"},"datePublished":"2021-12-27T17:19:31+00:00","dateModified":"2024-12-09T15:22:21+00:00","breadcrumb":{"@id":"https:\/\/cpasixelles.brussels\/nl\/soorten-hulp\/aide-medicale\/#breadcrumb"},"inLanguage":"nl-NL","potentialAction":[{"@type":"ReadAction","target":["https:\/\/cpasixelles.brussels\/nl\/soorten-hulp\/aide-medicale\/"]}]},{"@type":"BreadcrumbList","@id":"https:\/\/cpasixelles.brussels\/nl\/soorten-hulp\/aide-medicale\/#breadcrumb","itemListElement":[{"@type":"ListItem","position":1,"name":"Accueil","item":"https:\/\/cpasixelles.brussels\/nl\/"},{"@type":"ListItem","position":2,"name":"Soorten hulp","item":"https:\/\/cpasixelles.brussels\/nl\/soorten-hulp\/"},{"@type":"ListItem","position":3,"name":"Medische hulp"}]},{"@type":"WebSite","@id":"https:\/\/cpasixelles.brussels\/#website","url":"https:\/\/cpasixelles.brussels\/","name":"CPAS d&#039;Ixelles","description":"","potentialAction":[{"@type":"SearchAction","target":{"@type":"EntryPoint","urlTemplate":"https:\/\/cpasixelles.brussels\/?s={search_term_string}"},"query-input":{"@type":"PropertyValueSpecification","valueRequired":true,"valueName":"search_term_string"}}],"inLanguage":"nl-NL"}]}},"_links":{"self":[{"href":"https:\/\/cpasixelles.brussels\/nl\/wp-json\/wp\/v2\/pages\/3353","targetHints":{"allow":["GET"]}}],"collection":[{"href":"https:\/\/cpasixelles.brussels\/nl\/wp-json\/wp\/v2\/pages"}],"about":[{"href":"https:\/\/cpasixelles.brussels\/nl\/wp-json\/wp\/v2\/types\/page"}],"author":[{"embeddable":true,"href":"https:\/\/cpasixelles.brussels\/nl\/wp-json\/wp\/v2\/users\/1"}],"replies":[{"embeddable":true,"href":"https:\/\/cpasixelles.brussels\/nl\/wp-json\/wp\/v2\/comments?post=3353"}],"version-history":[{"count":6,"href":"https:\/\/cpasixelles.brussels\/nl\/wp-json\/wp\/v2\/pages\/3353\/revisions"}],"predecessor-version":[{"id":6819,"href":"https:\/\/cpasixelles.brussels\/nl\/wp-json\/wp\/v2\/pages\/3353\/revisions\/6819"}],"up":[{"embeddable":true,"href":"https:\/\/cpasixelles.brussels\/nl\/wp-json\/wp\/v2\/pages\/3336"}],"wp:attachment":[{"href":"https:\/\/cpasixelles.brussels\/nl\/wp-json\/wp\/v2\/media?parent=3353"}],"curies":[{"name":"wp","href":"https:\/\/api.w.org\/{rel}","templated":true}]}}