{"id":3349,"date":"2021-12-27T15:05:56","date_gmt":"2021-12-27T14:05:56","guid":{"rendered":"https:\/\/cpasixelles.brussels\/soorten-hulp\/aides-financieres\/"},"modified":"2026-04-02T16:49:01","modified_gmt":"2026-04-02T14:49:01","slug":"financiele-hulp","status":"publish","type":"page","link":"https:\/\/cpasixelles.brussels\/nl\/soorten-hulp\/financiele-hulp\/","title":{"rendered":"Financi\u00eble hulp"},"content":{"rendered":"<p>[et_pb_section fb_built=&#8221;1&#8243; module_class=&#8221;header-intern aides&#8221; _builder_version=&#8221;4.16&#8243; _module_preset=&#8221;default&#8221; background_color=&#8221;gcid-7d3e670f-2994-4496-b95f-1f022124e031&#8243; custom_padding=&#8221;56px||56px||true|false&#8221; global_colors_info=&#8221;{%22gcid-7d3e670f-2994-4496-b95f-1f022124e031%22:%91%22background_color%22%93}&#8221;][et_pb_row column_structure=&#8221;1_4,3_4&#8243; module_class=&#8221;flex-zone&#8221; _builder_version=&#8221;4.16&#8243; _module_preset=&#8221;default&#8221; background_color=&#8221;RGBA(255,255,255,0)&#8221; custom_padding=&#8221;0px||0px||true|false&#8221; global_colors_info=&#8221;{}&#8221;][et_pb_column type=&#8221;1_4&#8243; _builder_version=&#8221;4.16&#8243; _module_preset=&#8221;default&#8221; global_colors_info=&#8221;{}&#8221;][et_pb_image src=&#8221;https:\/\/cpasixelles.brussels\/wp-content\/uploads\/2022\/01\/rupixen-com-Q59HmzK38eQ-unsplash-1.jpeg&#8221; alt=&#8221;Aide \u00e0 domicile&#8221; title_text=&#8221;aide financi\u00e8re&#8221; _builder_version=&#8221;4.16&#8243; _module_preset=&#8221;default&#8221; animation_style=&#8221;slide&#8221; animation_direction=&#8221;left&#8221; animation_intensity_slide=&#8221;5%&#8221; global_colors_info=&#8221;{}&#8221;][\/et_pb_image][\/et_pb_column][et_pb_column type=&#8221;3_4&#8243; _builder_version=&#8221;4.16&#8243; _module_preset=&#8221;default&#8221; global_colors_info=&#8221;{}&#8221;][et_pb_text _builder_version=&#8221;4.16&#8243; _module_preset=&#8221;default&#8221; animation_style=&#8221;slide&#8221; animation_direction=&#8221;right&#8221; animation_intensity_slide=&#8221;5%&#8221; global_colors_info=&#8221;{}&#8221;]<\/p>\n<h2>Financi\u00eble hulp<\/h2>\n<h1>Hebt u geen inkomen of heel weinig financi\u00eble middelen?<\/h1>\n<p>U hebt mogelijk recht op een leefloon.<\/p>\n<p>[\/et_pb_text][\/et_pb_column][\/et_pb_row][\/et_pb_section][et_pb_section fb_built=&#8221;1&#8243; specialty=&#8221;on&#8221; padding_top_1=&#8221;25px&#8221; padding_bottom_1=&#8221;25px&#8221; padding_top_bottom_link_1=&#8221;true&#8221; padding_top_bottom_link_2=&#8221;true&#8221; padding_left_right_link_1=&#8221;false&#8221; padding_left_right_link_2=&#8221;false&#8221; module_class_2=&#8221;content&#8221; module_class=&#8221;page-left-widget aides&#8221; _builder_version=&#8221;4.16&#8243; _module_preset=&#8221;default&#8221; custom_padding=&#8221;50px||50px||true|false&#8221; global_colors_info=&#8221;{}&#8221;][et_pb_column type=&#8221;1_4&#8243; _builder_version=&#8221;4.16&#8243; custom_padding=&#8221;|||&#8221; global_colors_info=&#8221;{}&#8221; custom_padding__hover=&#8221;|||&#8221;][et_pb_sidebar area=&#8221;et_pb_widget_area_2&#8243; _builder_version=&#8221;4.16&#8243; _module_preset=&#8221;default&#8221; global_colors_info=&#8221;{}&#8221;][\/et_pb_sidebar][\/et_pb_column][et_pb_column type=&#8221;3_4&#8243; specialty_columns=&#8221;3&#8243; _builder_version=&#8221;4.16&#8243; custom_padding=&#8221;|||&#8221; global_colors_info=&#8221;{}&#8221; custom_padding__hover=&#8221;|||&#8221;][et_pb_row_inner column_structure=&#8221;1_2,1_2&#8243; disabled_on=&#8221;on|on|on&#8221; _builder_version=&#8221;4.16&#8243; _module_preset=&#8221;default&#8221; disabled=&#8221;on&#8221; global_colors_info=&#8221;{}&#8221;][et_pb_column_inner type=&#8221;1_2&#8243; saved_specialty_column_type=&#8221;3_4&#8243; _builder_version=&#8221;4.16&#8243; _module_preset=&#8221;default&#8221; global_colors_info=&#8221;{}&#8221;][et_pb_text module_class=&#8221;info-cadre&#8221; _builder_version=&#8221;4.16&#8243; _module_preset=&#8221;default&#8221; header_text_color=&#8221;#FFFFFF&#8221; header_3_font=&#8221;||||||||&#8221; background_enable_color=&#8221;off&#8221; custom_padding=&#8221;||||false|false&#8221; custom_padding_tablet=&#8221;||||true|false&#8221; custom_padding_phone=&#8221;||||true|false&#8221; custom_padding_last_edited=&#8221;off|desktop&#8221; animation_style=&#8221;slide&#8221; global_colors_info=&#8221;{}&#8221;]<\/p>\n<h3 style=\"text-align: left;\">Sociale dienst<\/h3>\n<p style=\"text-align: left;\">Jean Paquotstraat 63B &#8211; 1050 Elsene<br \/>Geopend van maandag tot vrijdag<br \/>van\u202f8.00u to 11.45u en van 13.00u tot 16.00u<br \/><i class=\"fa-solid fa-phone\"><\/i><a href=\"tel:+3225635700\">02.563.57.00<\/a><\/p>\n<p>[\/et_pb_text][\/et_pb_column_inner][et_pb_column_inner type=&#8221;1_2&#8243; saved_specialty_column_type=&#8221;3_4&#8243; _builder_version=&#8221;4.16&#8243; _module_preset=&#8221;default&#8221; global_colors_info=&#8221;{}&#8221;][\/et_pb_column_inner][\/et_pb_row_inner][et_pb_row_inner _builder_version=&#8221;4.16&#8243; _module_preset=&#8221;default&#8221; custom_padding=&#8221;||0px|||&#8221; global_colors_info=&#8221;{}&#8221;][et_pb_column_inner saved_specialty_column_type=&#8221;3_4&#8243; _builder_version=&#8221;4.16&#8243; _module_preset=&#8221;default&#8221; global_colors_info=&#8221;{}&#8221;][et_pb_text _builder_version=&#8221;4.16&#8243; _module_preset=&#8221;default&#8221; header_2_font=&#8221;|700||on|||||&#8221; header_2_text_color=&#8221;gcid-c7ca1388-3c6d-4b53-bb4f-9acb4c020d74&#8243; header_3_font=&#8221;|700||on|||||&#8221; header_3_text_color=&#8221;gcid-7d3e670f-2994-4496-b95f-1f022124e031&#8243; header_3_font_size=&#8221;20px&#8221; custom_margin=&#8221;||2px||false|false&#8221; global_colors_info=&#8221;{%22gcid-7d3e670f-2994-4496-b95f-1f022124e031%22:%91%22header_3_text_color%22%93,%22gcid-c7ca1388-3c6d-4b53-bb4f-9acb4c020d74%22:%91%22header_2_text_color%22%93}&#8221;]<\/p>\n<h2><strong>Leefloon<\/strong><\/h2>\n<h3><strong>Toegangsvoorwaarden:<\/strong><\/h3>\n<p>[\/et_pb_text][et_pb_text _builder_version=&#8221;4.16&#8243; _module_preset=&#8221;default&#8221; global_colors_info=&#8221;{}&#8221;]<\/p>\n<p>Het leefloon is een geldbedrag dat u elke maand ontvangt, indien u voldoet aan alle wettelijke voorwaarden.<\/p>\n<p>[\/et_pb_text][et_pb_text _builder_version=&#8221;4.16&#8243; _module_preset=&#8221;default&#8221; text_text_color=&#8221;#FFFFFF&#8221; header_2_font=&#8221;|700|||||||&#8221; header_2_text_color=&#8221;#FFFFFF&#8221; header_3_text_align=&#8221;left&#8221; header_3_text_color=&#8221;#FFFFFF&#8221; background_color=&#8221;gcid-7d3e670f-2994-4496-b95f-1f022124e031&#8243; max_width=&#8221;800px&#8221; max_width_tablet=&#8221;500px&#8221; max_width_phone=&#8221;500px&#8221; max_width_last_edited=&#8221;on|phone&#8221; module_alignment=&#8221;center&#8221; min_height=&#8221;426.2px&#8221; custom_margin=&#8221;10px||10px|-43px|true|false&#8221; custom_padding=&#8221;40px|40px|40px|40px|true|true&#8221; animation_style=&#8221;fade&#8221; border_radii=&#8221;off|50px|50px||50px&#8221; border_width_all=&#8221;3px&#8221; border_color_all=&#8221;gcid-7d3e670f-2994-4496-b95f-1f022124e031&#8243; global_colors_info=&#8221;{%22gcid-7d3e670f-2994-4496-b95f-1f022124e031%22:%91%22background_color%22,%22border_color_all%22%93}&#8221;]<\/p>\n<p><strong>Om recht te hebben op een leefloon, moet u voldoen aan bepaalde voorwaarden met betrekking tot:<\/strong><\/p>\n<ol>\n<li>Uw woonplaats<\/li>\n<li>Uw leeftijd<\/li>\n<li>Uw nationaliteit<\/li>\n<li>Uw middelen<\/li>\n<li>Uw arbeidsgeschiktheid<\/li>\n<li>Andere Belgische of buitenlandse sociale uitkeringen die u kunt genieten<\/li>\n<li>Het beroep op uw onderhoudsplichtigen die mee moeten voorzien in uw onderhoud (partners of ex-partners, ouders of adoptieouders, kinderen of geadopteerde kinderen).<\/li>\n<\/ol>\n<p>Mensen die wettelijk op het Belgisch grondgebied verblijven, maar niet voldoen aan de voorwaarden inzake nationaliteit, hebben geen recht op een leefloon. Zij kunnen wel equivalente maatschappelijke hulp krijgen.<\/p>\n<ol><\/ol>\n<p>[\/et_pb_text][et_pb_text _builder_version=&#8221;4.16&#8243; _module_preset=&#8221;default&#8221; header_2_font=&#8221;|700||on|||||&#8221; header_2_text_color=&#8221;gcid-c7ca1388-3c6d-4b53-bb4f-9acb4c020d74&#8243; header_3_font=&#8221;|700||on|||||&#8221; header_3_text_color=&#8221;gcid-7d3e670f-2994-4496-b95f-1f022124e031&#8243; header_3_font_size=&#8221;20px&#8221; custom_margin=&#8221;56px||2px||false|false&#8221; global_colors_info=&#8221;{%22gcid-7d3e670f-2994-4496-b95f-1f022124e031%22:%91%22header_3_text_color%22%93,%22gcid-c7ca1388-3c6d-4b53-bb4f-9acb4c020d74%22:%91%22header_2_text_color%22%93}&#8221;]<\/p>\n<h3>Als u voldoet aan de voorwaarden om een leefloon te ontvangen:<\/h3>\n<p>[\/et_pb_text][et_pb_accordion _builder_version=&#8221;4.27.0&#8243; _module_preset=&#8221;default&#8221; custom_margin=&#8221;||50px||false|false&#8221; global_colors_info=&#8221;{}&#8221;][et_pb_accordion_item title=&#8221;NE PAS SUPPRIMER&#8221; _builder_version=&#8221;4.16&#8243; _module_preset=&#8221;default&#8221; custom_css_main_element=&#8221;display:none;&#8221; global_colors_info=&#8221;{}&#8221; open=&#8221;on&#8221;][\/et_pb_accordion_item][et_pb_accordion_item title=&#8221;U moet een GPMI ondertekenen (behoudens uitzonderingen)&#8221; _builder_version=&#8221;4.16&#8243; _module_preset=&#8221;default&#8221; global_colors_info=&#8221;{}&#8221; open=&#8221;off&#8221;]<\/p>\n<p>Dat is een soort contract dat uw maatschappelijk integratieproject bepaalt. U verbindt zich ertoe de projectfasen te volgen en het OCMW verbindt zich ertoe alles te doen om u daarbij te helpen.<\/p>\n<p>[\/et_pb_accordion_item][et_pb_accordion_item title=&#8221;Wat is een ge\u00efndividualiseerd project voor sociale integratie (in video)?&#8221; open=&#8221;off&#8221; _builder_version=&#8221;4.27.0&#8243; _module_preset=&#8221;default&#8221; global_colors_info=&#8221;{}&#8221;]<\/p>\n<p>Het Ge\u00efndividualiseerd Project voor Sociale Integratie (PIIS), in video<\/p>\n<p><iframe loading=\"lazy\" title=\"Het ge\u00efndividualiseerd project voor maatschappelijke integratie (GPMI)\" width=\"1080\" height=\"608\" src=\"https:\/\/www.youtube.com\/embed\/vw8FRRKjSR0?feature=oembed\"  allow=\"accelerometer; autoplay; clipboard-write; encrypted-media; gyroscope; picture-in-picture; web-share\" referrerpolicy=\"strict-origin-when-cross-origin\" allowfullscreen><\/iframe><\/p>\n<p>[\/et_pb_accordion_item][et_pb_accordion_item title=&#8221;U hebt toegang tot andere sociale rechten&#8221; _builder_version=&#8221;4.16&#8243; _module_preset=&#8221;default&#8221; global_colors_info=&#8221;{}&#8221; open=&#8221;off&#8221;]<\/p>\n<p>Zoals hulp voor opleidingen en het zoeken naar werk of gratis gebruik van het openbaar vervoer in Brussel.<\/p>\n<p>[\/et_pb_accordion_item][et_pb_accordion_item title=&#8221;U kunt extra financi\u00eble hulp krijgen&#8221; _builder_version=&#8221;4.16&#8243; _module_preset=&#8221;default&#8221; global_colors_info=&#8221;{}&#8221; open=&#8221;off&#8221;]<\/p>\n<p>Naargelang uw situatie kan het OCMW u ook voorschotten geven op kinderbijslag, werkloosheidsuitkeringen of pensioentoelagen, vergoedingen van het ziekenfonds, enz.<\/p>\n<p>[\/et_pb_accordion_item][\/et_pb_accordion][\/et_pb_column_inner][\/et_pb_row_inner][et_pb_row_inner _builder_version=&#8221;4.16&#8243; _module_preset=&#8221;default&#8221; custom_padding=&#8221;0px||0px|||&#8221; global_colors_info=&#8221;{}&#8221;][et_pb_column_inner saved_specialty_column_type=&#8221;3_4&#8243; _builder_version=&#8221;4.16&#8243; _module_preset=&#8221;default&#8221; global_colors_info=&#8221;{}&#8221;][et_pb_text _builder_version=&#8221;4.27.5&#8243; _module_preset=&#8221;default&#8221; header_2_font=&#8221;|700||on|||||&#8221; header_2_text_color=&#8221;gcid-c7ca1388-3c6d-4b53-bb4f-9acb4c020d74&#8243; header_3_font=&#8221;|700||on|||||&#8221; header_3_text_color=&#8221;gcid-7d3e670f-2994-4496-b95f-1f022124e031&#8243; header_3_font_size=&#8221;20px&#8221; custom_margin=&#8221;-10px||2px||false|false&#8221; hover_enabled=&#8221;0&#8243; global_colors_info=&#8221;{%22gcid-7d3e670f-2994-4496-b95f-1f022124e031%22:%91%22header_3_text_color%22%93,%22gcid-c7ca1388-3c6d-4b53-bb4f-9acb4c020d74%22:%91%22header_2_text_color%22%93}&#8221; sticky_enabled=&#8221;0&#8243;]<\/p>\n<h3>De bedragen (1\/03\/26)<\/h3>\n<p>[\/et_pb_text][\/et_pb_column_inner][\/et_pb_row_inner][et_pb_row_inner _builder_version=&#8221;4.16&#8243; _module_preset=&#8221;default&#8221; global_colors_info=&#8221;{}&#8221;][et_pb_column_inner saved_specialty_column_type=&#8221;3_4&#8243; _builder_version=&#8221;4.16&#8243; _module_preset=&#8221;default&#8221; global_colors_info=&#8221;{}&#8221;][et_pb_text _builder_version=&#8221;4.27.5&#8243; _module_preset=&#8221;default&#8221; hover_enabled=&#8221;0&#8243; global_colors_info=&#8221;{}&#8221; sticky_enabled=&#8221;0&#8243;]<\/p>\n<ul>\n<li>Bedrag samenwonende: \u20ac 893,65<\/li>\n<li>Bedrag alleenstaande: \u20ac 1 340,47<\/li>\n<li>Bedrag alleenstaande met kind(eren) ten laste: \u20ac 1 811,57<\/li>\n<\/ul>\n<ul><\/ul>\n<p>[\/et_pb_text][\/et_pb_column_inner][\/et_pb_row_inner][et_pb_row_inner _builder_version=&#8221;4.16&#8243; _module_preset=&#8221;default&#8221; custom_padding=&#8221;0px||0px|||&#8221; global_colors_info=&#8221;{}&#8221;][et_pb_column_inner saved_specialty_column_type=&#8221;3_4&#8243; _builder_version=&#8221;4.16&#8243; _module_preset=&#8221;default&#8221; global_colors_info=&#8221;{}&#8221;][et_pb_text _builder_version=&#8221;4.16&#8243; _module_preset=&#8221;default&#8221; header_2_font=&#8221;|700||on|||||&#8221; header_2_text_color=&#8221;gcid-c7ca1388-3c6d-4b53-bb4f-9acb4c020d74&#8243; header_3_font=&#8221;|700||on|||||&#8221; header_3_text_color=&#8221;gcid-7d3e670f-2994-4496-b95f-1f022124e031&#8243; header_3_font_size=&#8221;20px&#8221; custom_margin=&#8221;-10px||2px||false|false&#8221; global_colors_info=&#8221;{%22gcid-7d3e670f-2994-4496-b95f-1f022124e031%22:%91%22header_3_text_color%22%93,%22gcid-c7ca1388-3c6d-4b53-bb4f-9acb4c020d74%22:%91%22header_2_text_color%22%93}&#8221;]<\/p>\n<h3>Meer weten?<\/h3>\n<p>[\/et_pb_text][\/et_pb_column_inner][\/et_pb_row_inner][et_pb_row_inner _builder_version=&#8221;4.16&#8243; _module_preset=&#8221;default&#8221; global_colors_info=&#8221;{}&#8221;][et_pb_column_inner saved_specialty_column_type=&#8221;3_4&#8243; _builder_version=&#8221;4.16&#8243; _module_preset=&#8221;default&#8221; global_colors_info=&#8221;{}&#8221;][et_pb_text _builder_version=&#8221;4.27.0&#8243; _module_preset=&#8221;default&#8221; global_colors_info=&#8221;{}&#8221;]<\/p>\n<ul>\n<li><a href=\"https:\/\/www.youtube.com\/watch?v=M0evEjLnSQI\" target=\"_blank\" rel=\"noopener\">Hulp nodig? De OCMW\u2019s zijn er voor jou! (video)<\/a><\/li>\n<li><a href=\"https:\/\/www.mi-is.be\/sites\/default\/files\/documents\/05_24_brochure%20Leefloon%20NL%20%20%281%29.pdf\">Gids voor het leefloon<\/a><\/li>\n<li><a href=\"https:\/\/www.mi-is.be\/sites\/default\/files\/documents\/wegwijs_in_het_sociaal_onderzoek_-_webversie_-_nl.pdf\">Gids voor het sociaal onderzoek in de OCMW&#8217;s<\/a><\/li>\n<li><a href=\"https:\/\/www.mi-is.be\/sites\/default\/files\/documents\/wegwijs_in_beroepsprocedure_-_webversie_nl_0.pdf\">Gids voor het beroep tegen de beslissing van het OCMW<\/a><\/li>\n<li><a href=\"https:\/\/www.mi-is.be\/sites\/default\/files\/documents\/wegwijs_in_het_gpmi_-_webversie_-_nl.pdf\">Gids voor het GPMI<\/a><\/li>\n<li><a href=\"https:\/\/www.mi-is.be\/sites\/default\/files\/documents\/2023daklozengids_nl_.pdf\">Gids voor daklozen<\/a><\/li>\n<\/ul>\n<p>[\/et_pb_text][et_pb_text disabled_on=&#8221;on|on|on&#8221; _builder_version=&#8221;4.20.4&#8243; _module_preset=&#8221;default&#8221; disabled=&#8221;on&#8221; global_colors_info=&#8221;{}&#8221;]<\/p>\n<ul>\n<li><a href=\"https:\/\/cpasixelles.brussels\/wp-content\/uploads\/2022\/01\/Guide-Ris.pdf\">Guide du revenu d&#8217;int\u00e9gration<\/a><\/li>\n<li><a href=\"https:\/\/cpasixelles.brussels\/wp-content\/uploads\/2022\/01\/le-cpas-cest-quoi.pdf\">Le CPAS c&#8217;est quoi?<\/a><\/li>\n<li><a href=\"https:\/\/cpasixelles.brussels\/wp-content\/uploads\/2022\/02\/guide_de_lenquete_sociale_dans_les_cpas.pdf\">Guide de l&#8217;enqu\u00eate sociale dans les CPAS<\/a><\/li>\n<li><a href=\"https:\/\/cpasixelles.brussels\/wp-content\/uploads\/2022\/02\/guide_du_recours_contre_la_decision_du_cpas_1.pdf\">Guide du recours contre la d\u00e9cision du CPAS<\/a><\/li>\n<\/ul>\n<p>[\/et_pb_text][et_pb_text module_class=&#8221;btn-text-shape-bordeaux&#8221; _builder_version=&#8221;4.16&#8243; _module_preset=&#8221;default&#8221; text_font=&#8221;||||||||&#8221; text_font_size=&#8221;16px&#8221; text_orientation=&#8221;center&#8221; global_colors_info=&#8221;{}&#8221;]<\/p>\n<p><span style=\"color: #ffffff;\"><a href=\"https:\/\/cpasixelles.brussels\/horaire-accueil-service-social\/\" style=\"color: #ffffff;\" target=\"_blank\" rel=\"noopener\">Contactez-nous<\/a><\/span><\/p>\n<p>[\/et_pb_text][\/et_pb_column_inner][\/et_pb_row_inner][\/et_pb_column][\/et_pb_section][et_pb_section fb_built=&#8221;1&#8243; disabled_on=&#8221;on|on|on&#8221; _builder_version=&#8221;4.19.4&#8243; _module_preset=&#8221;default&#8221; background_color=&#8221;gcid-c7ca1388-3c6d-4b53-bb4f-9acb4c020d74&#8243; custom_padding=&#8221;25px||25px||true|false&#8221; disabled=&#8221;on&#8221; saved_tabs=&#8221;all&#8221; global_colors_info=&#8221;{%22gcid-c7ca1388-3c6d-4b53-bb4f-9acb4c020d74%22:%91%22background_color%22%93}&#8221;][et_pb_row _builder_version=&#8221;4.16&#8243; _module_preset=&#8221;default&#8221; custom_padding=&#8221;10px||10px||true|false&#8221; global_colors_info=&#8221;{}&#8221;][et_pb_column type=&#8221;4_4&#8243; _builder_version=&#8221;4.16&#8243; _module_preset=&#8221;default&#8221; global_colors_info=&#8221;{}&#8221;][et_pb_text _builder_version=&#8221;4.16&#8243; _module_preset=&#8221;default&#8221; link_font=&#8221;|700|||on||||&#8221; header_2_font=&#8221;|700||on|||||&#8221; header_2_text_color=&#8221;#FFFFFF&#8221; header_3_font=&#8221;|800|||||||&#8221; header_3_text_color=&#8221;#FFFFFF&#8221; background_color=&#8221;RGBA(255,255,255,0)&#8221; global_colors_info=&#8221;{}&#8221;]<\/p>\n<h2 style=\"text-align: center; padding: 0;\"><span style=\"color: #ffffff;\">Demande d\u2019aide en ligne\u00a0<\/span><\/h2>\n<p style=\"text-align: center; padding: 0;\"><span style=\"color: #ffffff;\">Nouveau\u00a0! Vous pouvez \u00e9galement introduire votre premi\u00e8re demande en ligne <a href=\"https:\/\/cpasixelles.brussels\/aides\/demande-daide-en-ligne\/\" style=\"color: #ffffff;\">via le formulaire<\/a><\/span><\/p>\n<p>[\/et_pb_text][\/et_pb_column][\/et_pb_row][\/et_pb_section]<\/p>\n","protected":false},"excerpt":{"rendered":"<p>Financi\u00eble hulp Hebt u geen inkomen of heel weinig financi\u00eble middelen? U hebt mogelijk recht op een leefloon.Sociale dienst Jean Paquotstraat 63B &#8211; 1050 ElseneGeopend van maandag tot vrijdagvan\u202f8.00u to 11.45u en van 13.00u tot 16.00u02.563.57.00Leefloon Toegangsvoorwaarden:Het leefloon is een geldbedrag dat u elke maand ontvangt, indien u voldoet aan alle wettelijke voorwaarden.Om recht te [&hellip;]<\/p>\n","protected":false},"author":1,"featured_media":0,"parent":3336,"menu_order":0,"comment_status":"closed","ping_status":"closed","template":"","meta":{"_et_pb_use_builder":"on","_et_pb_old_content":"","_et_gb_content_width":"","footnotes":""},"class_list":["post-3349","page","type-page","status-publish","hentry"],"yoast_head":"<!-- This site is optimized with the Yoast SEO plugin v27.5 - https:\/\/yoast.com\/product\/yoast-seo-wordpress\/ -->\n<title>Financi\u00eble hulp - CPAS d&#039;Ixelles<\/title>\n<meta name=\"robots\" content=\"index, follow, max-snippet:-1, max-image-preview:large, max-video-preview:-1\" \/>\n<link rel=\"canonical\" href=\"https:\/\/cpasixelles.brussels\/nl\/soorten-hulp\/financiele-hulp\/\" \/>\n<meta property=\"og:locale\" content=\"nl_NL\" \/>\n<meta property=\"og:type\" content=\"article\" \/>\n<meta property=\"og:title\" content=\"Financi\u00eble hulp - CPAS d&#039;Ixelles\" \/>\n<meta property=\"og:description\" content=\"Financi\u00eble hulp Hebt u geen inkomen of heel weinig financi\u00eble middelen? U hebt mogelijk recht op een leefloon.Sociale dienst Jean Paquotstraat 63B - 1050 ElseneGeopend van maandag tot vrijdagvan\u202f8.00u to 11.45u en van 13.00u tot 16.00u02.563.57.00Leefloon Toegangsvoorwaarden:Het leefloon is een geldbedrag dat u elke maand ontvangt, indien u voldoet aan alle wettelijke voorwaarden.Om recht te [&hellip;]\" \/>\n<meta property=\"og:url\" content=\"https:\/\/cpasixelles.brussels\/nl\/soorten-hulp\/financiele-hulp\/\" \/>\n<meta property=\"og:site_name\" content=\"CPAS d&#039;Ixelles\" \/>\n<meta property=\"article:modified_time\" content=\"2026-04-02T14:49:01+00:00\" \/>\n<meta property=\"og:image\" content=\"https:\/\/cpasixelles.brussels\/wp-content\/uploads\/2022\/02\/MicrosoftTeams-image-8.jpg\" \/>\n\t<meta property=\"og:image:width\" content=\"1920\" \/>\n\t<meta property=\"og:image:height\" content=\"1280\" \/>\n\t<meta property=\"og:image:type\" content=\"image\/jpeg\" \/>\n<meta name=\"twitter:card\" content=\"summary_large_image\" \/>\n<meta name=\"twitter:label1\" content=\"Geschatte leestijd\" \/>\n\t<meta name=\"twitter:data1\" content=\"9 minuten\" \/>\n<script type=\"application\/ld+json\" class=\"yoast-schema-graph\">{\"@context\":\"https:\\\/\\\/schema.org\",\"@graph\":[{\"@type\":\"WebPage\",\"@id\":\"https:\\\/\\\/cpasixelles.brussels\\\/nl\\\/soorten-hulp\\\/financiele-hulp\\\/\",\"url\":\"https:\\\/\\\/cpasixelles.brussels\\\/nl\\\/soorten-hulp\\\/financiele-hulp\\\/\",\"name\":\"Financi\u00eble hulp - CPAS d&#039;Ixelles\",\"isPartOf\":{\"@id\":\"https:\\\/\\\/cpasixelles.brussels\\\/#website\"},\"datePublished\":\"2021-12-27T14:05:56+00:00\",\"dateModified\":\"2026-04-02T14:49:01+00:00\",\"breadcrumb\":{\"@id\":\"https:\\\/\\\/cpasixelles.brussels\\\/nl\\\/soorten-hulp\\\/financiele-hulp\\\/#breadcrumb\"},\"inLanguage\":\"nl-NL\",\"potentialAction\":[{\"@type\":\"ReadAction\",\"target\":[\"https:\\\/\\\/cpasixelles.brussels\\\/nl\\\/soorten-hulp\\\/financiele-hulp\\\/\"]}]},{\"@type\":\"BreadcrumbList\",\"@id\":\"https:\\\/\\\/cpasixelles.brussels\\\/nl\\\/soorten-hulp\\\/financiele-hulp\\\/#breadcrumb\",\"itemListElement\":[{\"@type\":\"ListItem\",\"position\":1,\"name\":\"Accueil\",\"item\":\"https:\\\/\\\/cpasixelles.brussels\\\/nl\\\/\"},{\"@type\":\"ListItem\",\"position\":2,\"name\":\"Soorten hulp\",\"item\":\"https:\\\/\\\/cpasixelles.brussels\\\/nl\\\/soorten-hulp\\\/\"},{\"@type\":\"ListItem\",\"position\":3,\"name\":\"Financi\u00eble hulp\"}]},{\"@type\":\"WebSite\",\"@id\":\"https:\\\/\\\/cpasixelles.brussels\\\/#website\",\"url\":\"https:\\\/\\\/cpasixelles.brussels\\\/\",\"name\":\"CPAS d&#039;Ixelles\",\"description\":\"\",\"potentialAction\":[{\"@type\":\"SearchAction\",\"target\":{\"@type\":\"EntryPoint\",\"urlTemplate\":\"https:\\\/\\\/cpasixelles.brussels\\\/?s={search_term_string}\"},\"query-input\":{\"@type\":\"PropertyValueSpecification\",\"valueRequired\":true,\"valueName\":\"search_term_string\"}}],\"inLanguage\":\"nl-NL\"}]}<\/script>\n<!-- \/ Yoast SEO plugin. -->","yoast_head_json":{"title":"Financi\u00eble hulp - CPAS d&#039;Ixelles","robots":{"index":"index","follow":"follow","max-snippet":"max-snippet:-1","max-image-preview":"max-image-preview:large","max-video-preview":"max-video-preview:-1"},"canonical":"https:\/\/cpasixelles.brussels\/nl\/soorten-hulp\/financiele-hulp\/","og_locale":"nl_NL","og_type":"article","og_title":"Financi\u00eble hulp - CPAS d&#039;Ixelles","og_description":"Financi\u00eble hulp Hebt u geen inkomen of heel weinig financi\u00eble middelen? U hebt mogelijk recht op een leefloon.Sociale dienst Jean Paquotstraat 63B - 1050 ElseneGeopend van maandag tot vrijdagvan\u202f8.00u to 11.45u en van 13.00u tot 16.00u02.563.57.00Leefloon Toegangsvoorwaarden:Het leefloon is een geldbedrag dat u elke maand ontvangt, indien u voldoet aan alle wettelijke voorwaarden.Om recht te [&hellip;]","og_url":"https:\/\/cpasixelles.brussels\/nl\/soorten-hulp\/financiele-hulp\/","og_site_name":"CPAS d&#039;Ixelles","article_modified_time":"2026-04-02T14:49:01+00:00","og_image":[{"width":1920,"height":1280,"url":"https:\/\/cpasixelles.brussels\/wp-content\/uploads\/2022\/02\/MicrosoftTeams-image-8.jpg","type":"image\/jpeg"}],"twitter_card":"summary_large_image","twitter_misc":{"Geschatte leestijd":"9 minuten"},"schema":{"@context":"https:\/\/schema.org","@graph":[{"@type":"WebPage","@id":"https:\/\/cpasixelles.brussels\/nl\/soorten-hulp\/financiele-hulp\/","url":"https:\/\/cpasixelles.brussels\/nl\/soorten-hulp\/financiele-hulp\/","name":"Financi\u00eble hulp - CPAS d&#039;Ixelles","isPartOf":{"@id":"https:\/\/cpasixelles.brussels\/#website"},"datePublished":"2021-12-27T14:05:56+00:00","dateModified":"2026-04-02T14:49:01+00:00","breadcrumb":{"@id":"https:\/\/cpasixelles.brussels\/nl\/soorten-hulp\/financiele-hulp\/#breadcrumb"},"inLanguage":"nl-NL","potentialAction":[{"@type":"ReadAction","target":["https:\/\/cpasixelles.brussels\/nl\/soorten-hulp\/financiele-hulp\/"]}]},{"@type":"BreadcrumbList","@id":"https:\/\/cpasixelles.brussels\/nl\/soorten-hulp\/financiele-hulp\/#breadcrumb","itemListElement":[{"@type":"ListItem","position":1,"name":"Accueil","item":"https:\/\/cpasixelles.brussels\/nl\/"},{"@type":"ListItem","position":2,"name":"Soorten hulp","item":"https:\/\/cpasixelles.brussels\/nl\/soorten-hulp\/"},{"@type":"ListItem","position":3,"name":"Financi\u00eble hulp"}]},{"@type":"WebSite","@id":"https:\/\/cpasixelles.brussels\/#website","url":"https:\/\/cpasixelles.brussels\/","name":"CPAS d&#039;Ixelles","description":"","potentialAction":[{"@type":"SearchAction","target":{"@type":"EntryPoint","urlTemplate":"https:\/\/cpasixelles.brussels\/?s={search_term_string}"},"query-input":{"@type":"PropertyValueSpecification","valueRequired":true,"valueName":"search_term_string"}}],"inLanguage":"nl-NL"}]}},"_links":{"self":[{"href":"https:\/\/cpasixelles.brussels\/nl\/wp-json\/wp\/v2\/pages\/3349","targetHints":{"allow":["GET"]}}],"collection":[{"href":"https:\/\/cpasixelles.brussels\/nl\/wp-json\/wp\/v2\/pages"}],"about":[{"href":"https:\/\/cpasixelles.brussels\/nl\/wp-json\/wp\/v2\/types\/page"}],"author":[{"embeddable":true,"href":"https:\/\/cpasixelles.brussels\/nl\/wp-json\/wp\/v2\/users\/1"}],"replies":[{"embeddable":true,"href":"https:\/\/cpasixelles.brussels\/nl\/wp-json\/wp\/v2\/comments?post=3349"}],"version-history":[{"count":11,"href":"https:\/\/cpasixelles.brussels\/nl\/wp-json\/wp\/v2\/pages\/3349\/revisions"}],"predecessor-version":[{"id":8500,"href":"https:\/\/cpasixelles.brussels\/nl\/wp-json\/wp\/v2\/pages\/3349\/revisions\/8500"}],"up":[{"embeddable":true,"href":"https:\/\/cpasixelles.brussels\/nl\/wp-json\/wp\/v2\/pages\/3336"}],"wp:attachment":[{"href":"https:\/\/cpasixelles.brussels\/nl\/wp-json\/wp\/v2\/media?parent=3349"}],"curies":[{"name":"wp","href":"https:\/\/api.w.org\/{rel}","templated":true}]}}